{"id":799,"date":"2022-05-24T14:13:46","date_gmt":"2022-05-24T12:13:46","guid":{"rendered":"https:\/\/fizyka.ujk.edu.pl\/?page_id=799"},"modified":"2024-07-09T09:29:36","modified_gmt":"2024-07-09T07:29:36","slug":"systemy-diagnostyczne-w-medycynie","status":"publish","type":"page","link":"https:\/\/fizyka.ujk.edu.pl\/index.php\/kandydaci\/systemy-diagnostyczne-w-medycynie\/","title":{"rendered":"SYSTEMY DIAGNOSTYCZNE W MEDYCYNIE"},"content":{"rendered":"<p>SYSTEMY DIAGNOSTYCZNE W MEDYCYNIE<br \/>\n(studia licencjackie I-go stopnia)<\/p>\n<p>Studia licencjackie na kierunku Systemy diagnostyczne w medycynie<br \/>\nw Uniwersytecie Jana Kochanowskiego w Kielcach prowadzone s\u0105 zgodnie<br \/>\nz wymogami Polskiej Ramy Kwalifikacji. Student w ci\u0105gu sze\u015bciu semestr\u00f3w nauki ma zdoby\u0107 atrakcyjny zaw\u00f3d i jak najwi\u0119kszy zas\u00f3b praktycznych umiej\u0119tno\u015bci, niezwykle istotnych w przysz\u0142ej pracy. Zawarty w programie studi\u00f3w model kszta\u0142cenia, zapewnia po\u0142\u0105czenie wiedzy teoretycznej, og\u00f3lnej i specjalistycznej<br \/>\nz umiej\u0119tno\u015bciami praktycznymi.<\/p>\n<p>Celem kszta\u0142cenia na studiach licencjackich pierwszego stopnia jest wykszta\u0142cenie absolwenta posiadaj\u0105cego:<br \/>\n&#8211; wiedz\u0119 i umiej\u0119tno\u015bci z zakresu og\u00f3lnych zagadnie\u0144 fizyki, medycyny, biologii, matematyki, techniki, opart\u0105 g\u0142\u00f3wnie na podstawach nauk matematyczno-przyrodniczych,<br \/>\n&#8211; umiej\u0119tno\u015b\u0107 wykorzystania zdobytej wiedzy w pracy zawodowej,<br \/>\n&#8211; umiej\u0119tno\u015b\u0107 rozwi\u0105zywania problem\u00f3w zawodowych oraz umiej\u0119tno\u015b\u0107 pracy zespo\u0142owej,<br \/>\n&#8211; umiej\u0119tno\u015b\u0107 korzystania z literatury naukowej, komputerowych baz informatycznych,<br \/>\n&#8211; umiej\u0119tno\u015b\u0107 pos\u0142ugiwania si\u0119 j\u0119zykiem angielskim na poziomie bieg\u0142o\u015bci B2 oraz j\u0119zykiem specjalistycznym w zakresie system\u00f3w diagnostycznych i terapeutycznych<br \/>\nw medycynie.<\/p>\n<p>Systemy diagnostyczne w medycynie to kierunek studi\u00f3w dla os\u00f3b chc\u0105cych<br \/>\nw przysz\u0142o\u015bci pracowa\u0107 w s\u0142u\u017cbie zdrowia oraz laboratoriach diagnostycznych. Program studi\u00f3w obejmuje takie zagadnienia jak: anatomia i fizjologia cz\u0142owieka, fizyczne aspekty funkcjonowania organizmu cz\u0142owieka, obrazowanie medyczne, zasady dzia\u0142ania nowoczesnej aparatury medycznej i pomiarowej, systemy diagnostyczne i terapeutyczne, analiza sygna\u0142\u00f3w i obraz\u00f3w, gromadzenie<br \/>\ni przetwarzanie informacji, analiza statystyczna w naukach biomedycznych.<\/p>\n<p>Absolwenci studi\u00f3w licencjackich kierunku Systemy diagnostyczne w medycynie zdob\u0119d\u0105 m.in. wiedz\u0119 w zakresie podstaw fizycznych zasady dzia\u0142ania r\u00f3\u017cnych rodzaj\u00f3w aparatury medycznej, znajomo\u015b\u0107 podstaw analizy sygna\u0142\u00f3w i obraz\u00f3w<br \/>\nw naukach medycznych i fizycznych. Absolwent kierunku b\u0119dzie przygotowany do pracy w o\u015brodkach medycznych wykorzystuj\u0105cych ultrad\u017awi\u0119kowe i laserowe systemy diagnostyczne oraz wykorzystuj\u0105cych promieniowanie jonizuj\u0105ce w celach diagnostycznych i terapeutycznych. Absolwent zdob\u0119dzie umiej\u0119tno\u015bci w zakresie dozymetrii promieniowania, ochrony radiologicznej, planowania leczenia promieniowaniem jonizuj\u0105cym czy te\u017c kontroli jako\u015bci.<\/p>\n<p>Po uko\u0144czeniu kierunku Systemy diagnostyczne w medycynie miejscem pracy absolwent\u00f3w mog\u0105 by\u0107:<br \/>\na) szpitale,<br \/>\nb) jednostki kliniczne,<br \/>\nc) jednostki ambulatoryjne,<br \/>\nd) poradnie oraz inne jednostki organizacyjne lecznictwa.<\/p>\n<p>Absolwenci przygotowani s\u0105 tak\u017ce do pracy w:<br \/>\na) jednostkach projektowych, konstrukcyjnych i wytw\u00f3rczych aparatury oraz urz\u0105dze\u0144 medycznych,<br \/>\nb) laboratoriach badawczo-rozwojowych, przemys\u0142owych i diagnostycznych,<br \/>\nc) jednostkach akredytacyjnych i atestacyjnych aparatury i urz\u0105dze\u0144 diagnostyczno-pomiarowych.<\/p>\n<p>Absolwentom studi\u00f3w I stopnia na kierunku Systemy diagnostyczne w medycynie Instytut Fizyki UJK oferuje kontynuacj\u0119 kszta\u0142cenia na magisterskich czterosemestralnych studiach II stopnia na kierunku Fizyka, z mo\u017cliwo\u015bci\u0105 wyboru \u015bcie\u017cki fizyka medyczna.<\/p>\n<p>Kryteria kwalifikacji<br \/>\n1. Konkurs \u015bwiadectw<br \/>\nWynik cz\u0119\u015bci zewn\u0119trznej egzaminu maturalnego (egzamin pisemny).<br \/>\nPrzedmioty:<br \/>\n1. j\u0119zyk polski,<br \/>\n2. matematyka,<br \/>\n3. j\u0119zyk angielski lub j\u0119zyk francuski lub j\u0119zyk hiszpa\u0144ski lub j\u0119zyk niemiecki lub j\u0119zyk rosyjski lub j\u0119zyk w\u0142oski,<br \/>\n4. biologia lub chemia lub fizyka (fizyka i astronomia).<\/p>\n","protected":false},"excerpt":{"rendered":"<p>SYSTEMY DIAGNOSTYCZNE W MEDYCYNIE (studia licencjackie I-go stopnia) Studia licencjackie na kierunku Systemy diagnostyczne w medycynie w Uniwersytecie Jana Kochanowskiego w Kielcach prowadzone s\u0105 zgodnie z wymogami Polskiej Ramy Kwalifikacji. Student w ci\u0105gu sze\u015bciu semestr\u00f3w nauki ma zdoby\u0107 atrakcyjny zaw\u00f3d i jak najwi\u0119kszy zas\u00f3b praktycznych umiej\u0119tno\u015bci, niezwykle istotnych w przysz\u0142ej pracy. Zawarty w programie studi\u00f3w [&hellip;]<\/p>\n","protected":false},"author":1,"featured_media":0,"parent":78,"menu_order":0,"comment_status":"closed","ping_status":"closed","template":"","meta":{"footnotes":""},"class_list":["post-799","page","type-page","status-publish","hentry"],"_links":{"self":[{"href":"https:\/\/fizyka.ujk.edu.pl\/index.php\/wp-json\/wp\/v2\/pages\/799","targetHints":{"allow":["GET"]}}],"collection":[{"href":"https:\/\/fizyka.ujk.edu.pl\/index.php\/wp-json\/wp\/v2\/pages"}],"about":[{"href":"https:\/\/fizyka.ujk.edu.pl\/index.php\/wp-json\/wp\/v2\/types\/page"}],"author":[{"embeddable":true,"href":"https:\/\/fizyka.ujk.edu.pl\/index.php\/wp-json\/wp\/v2\/users\/1"}],"replies":[{"embeddable":true,"href":"https:\/\/fizyka.ujk.edu.pl\/index.php\/wp-json\/wp\/v2\/comments?post=799"}],"version-history":[{"count":2,"href":"https:\/\/fizyka.ujk.edu.pl\/index.php\/wp-json\/wp\/v2\/pages\/799\/revisions"}],"predecessor-version":[{"id":947,"href":"https:\/\/fizyka.ujk.edu.pl\/index.php\/wp-json\/wp\/v2\/pages\/799\/revisions\/947"}],"up":[{"embeddable":true,"href":"https:\/\/fizyka.ujk.edu.pl\/index.php\/wp-json\/wp\/v2\/pages\/78"}],"wp:attachment":[{"href":"https:\/\/fizyka.ujk.edu.pl\/index.php\/wp-json\/wp\/v2\/media?parent=799"}],"curies":[{"name":"wp","href":"https:\/\/api.w.org\/{rel}","templated":true}]}}