{"id":56,"date":"2021-09-21T11:12:02","date_gmt":"2021-09-21T09:12:02","guid":{"rendered":"https:\/\/fizyka.ujk.edu.pl\/nowa\/?page_id=56"},"modified":"2025-08-12T13:32:30","modified_gmt":"2025-08-12T11:32:30","slug":"raporty-roczne","status":"publish","type":"page","link":"https:\/\/fizyka.ujk.edu.pl\/index.php\/instytut\/raporty-roczne\/","title":{"rendered":"Raporty roczne"},"content":{"rendered":"<h2>Raporty roczne<\/h2>\n<p><span style=\"font-family: arial, helvetica, sans-serif;\">Wydawany od roku 1993 Raport Roczny Instytutu Fizyki jest wydawnictwem podsumowuj\u0105cym dzia\u0142alno\u015b\u0107 badawcz\u0105, zawieraj\u0105cym wykaz publikacji, omawiaj\u0105cym udzia\u0142 w konferencjach, seminariach oraz wyjazdy i wizyty naukowe.<\/span><\/p>\n<p><span style=\"font-family: arial, helvetica, sans-serif;\">Poni\u017cej prezentujemy raporty roczne z ostatnich lat:<\/span><\/p>\n<ul>\n<li><span style=\"font-family: arial, helvetica, sans-serif;\">2024 <a href=\"https:\/\/fizyka.ujk.edu.pl\/files\/reports\/RAP24.pdf\">[PDF]<\/a> &#8211; 0.22 MB<\/span><\/li>\n<li><span style=\"font-family: arial, helvetica, sans-serif;\">2023 <a href=\"https:\/\/fizyka.ujk.edu.pl\/pl\/files\/reports\/RAP23.pdf\">[PDF]<\/a> &#8211; 0.55 MB<\/span><\/li>\n<li><span style=\"font-family: arial, helvetica, sans-serif;\">2022 <a href=\"https:\/\/fizyka.ujk.edu.pl\/pl\/files\/reports\/RAP22.pdf\">[PDF]<\/a> &#8211; 0.5 MB<\/span><\/li>\n<li><span style=\"font-family: arial, helvetica, sans-serif;\">2021 <a href=\"https:\/\/fizyka.ujk.edu.pl\/pl\/files\/reports\/RAP21.pdf\">[PDF]<\/a> &#8211; 0.47 MB<\/span><\/li>\n<li><span style=\"font-family: arial, helvetica, sans-serif;\">2020 <a href=\"https:\/\/fizyka.ujk.edu.pl\/pl\/files\/reports\/RAP20.pdf\">[PDF]<\/a> &#8211; 0.45 MB<\/span><\/li>\n<li><span style=\"font-family: arial, helvetica, sans-serif;\">2019 <a href=\"https:\/\/fizyka.ujk.edu.pl\/pl\/files\/reports\/RAP19.pdf\">[PDF]<\/a> &#8211; 0.45 MB<\/span><\/li>\n<li><span style=\"font-family: arial, helvetica, sans-serif;\">2018 <a href=\"https:\/\/fizyka.ujk.edu.pl\/pl\/files\/reports\/RAP18.pdf\">[PDF]<\/a> &#8211; 0.55 MB<\/span><\/li>\n<li><span style=\"font-family: arial, helvetica, sans-serif;\">2017 <a href=\"https:\/\/fizyka.ujk.edu.pl\/pl\/files\/reports\/RAP17.pdf\">[PDF]<\/a> &#8211; 0.65 MB<\/span><\/li>\n<li><span style=\"font-family: arial, helvetica, sans-serif;\">2016 <a href=\"https:\/\/fizyka.ujk.edu.pl\/pl\/files\/reports\/RAP16.pdf\">[PDF]<\/a> &#8211; 0.8 MB<\/span><\/li>\n<li><span style=\"font-family: arial, helvetica, sans-serif;\">2015 <a href=\"https:\/\/fizyka.ujk.edu.pl\/pl\/files\/reports\/RAP15.pdf\">[PDF]<\/a> &#8211; 0.75 MB<\/span><\/li>\n<li><span style=\"font-family: arial, helvetica, sans-serif;\">2014 <a href=\"https:\/\/fizyka.ujk.edu.pl\/pl\/files\/reports\/RAP14.pdf\">[PDF]<\/a> &#8211; 0.65 MB<\/span><\/li>\n<li><span style=\"font-family: arial, helvetica, sans-serif;\">2013 <a href=\"https:\/\/fizyka.ujk.edu.pl\/pl\/files\/reports\/RAP13.pdf\">[PDF]<\/a> &#8211; 0.57 MB<\/span><\/li>\n<li><span style=\"font-family: arial, helvetica, sans-serif;\">2012 <a href=\"https:\/\/fizyka.ujk.edu.pl\/pl\/files\/reports\/RAP12.pdf\">[PDF]<\/a> &#8211; 2.6 MB<\/span><\/li>\n<li><span style=\"font-family: arial, helvetica, sans-serif;\">2011 <a href=\"https:\/\/fizyka.ujk.edu.pl\/pl\/files\/reports\/RAP11.pdf\">[PDF]<\/a> &#8211; 3.9 MB<\/span><\/li>\n<li><span style=\"font-family: arial, helvetica, sans-serif;\">2010 <a href=\"https:\/\/fizyka.ujk.edu.pl\/pl\/files\/reports\/RAP10.pdf\">[PDF]<\/a> &#8211; 1.6 MB<\/span><\/li>\n<li><span style=\"font-family: arial, helvetica, sans-serif;\">2009 <a href=\"https:\/\/fizyka.ujk.edu.pl\/pl\/files\/reports\/RAP09.pdf\">[PDF]<\/a> &#8211; 2.3 MB<\/span><\/li>\n<li><span style=\"font-family: arial, helvetica, sans-serif;\">2008 <a href=\"https:\/\/fizyka.ujk.edu.pl\/pl\/files\/reports\/RAP08.pdf\">[PDF]<\/a> &#8211; 1.6 MB<\/span><\/li>\n<li><span style=\"font-family: arial, helvetica, sans-serif;\">2007 <a href=\"https:\/\/fizyka.ujk.edu.pl\/pl\/files\/reports\/RAP07.pdf\">[PDF]<\/a> &#8211; 1.4 MB<\/span><\/li>\n<li><span style=\"font-family: arial, helvetica, sans-serif;\">2006 <a href=\"https:\/\/fizyka.ujk.edu.pl\/pl\/files\/reports\/RAP06.pdf\">[PDF]<\/a> &#8211; 2.0 MB<\/span><\/li>\n<li><span style=\"font-family: arial, helvetica, sans-serif;\">2005 <a href=\"https:\/\/fizyka.ujk.edu.pl\/pl\/files\/reports\/RAP05.pdf\">[PDF]<\/a> &#8211; 1.6 MB<\/span><\/li>\n<li><span style=\"font-family: arial, helvetica, sans-serif;\">2004 <a href=\"https:\/\/fizyka.ujk.edu.pl\/pl\/files\/reports\/RAP04.pdf\">[PDF]<\/a> &#8211; 2.7 MB<\/span><\/li>\n<li><span style=\"font-family: arial, helvetica, sans-serif;\">2003 <a href=\"https:\/\/fizyka.ujk.edu.pl\/pl\/files\/reports\/RAP03.pdf\">[PDF]<\/a> &#8211; 1.2 MB<\/span><\/li>\n<li><span style=\"font-family: arial, helvetica, sans-serif;\">2002 <a href=\"https:\/\/fizyka.ujk.edu.pl\/pl\/files\/reports\/RAP02.pdf\">[PDF]<\/a> &#8211; 1.8 MB<\/span><\/li>\n<li><span style=\"font-family: arial, helvetica, sans-serif;\">2001 <a href=\"https:\/\/fizyka.ujk.edu.pl\/pl\/files\/reports\/RAP01.pdf\">[PDF]<\/a> &#8211; 1.6 MB<\/span><\/li>\n<\/ul>\n","protected":false},"excerpt":{"rendered":"<p>Raporty roczne Wydawany od roku 1993 Raport Roczny Instytutu Fizyki jest wydawnictwem podsumowuj\u0105cym dzia\u0142alno\u015b\u0107 badawcz\u0105, zawieraj\u0105cym wykaz publikacji, omawiaj\u0105cym udzia\u0142 w konferencjach, seminariach oraz wyjazdy i wizyty naukowe. Poni\u017cej prezentujemy raporty roczne z ostatnich lat: 2024 [PDF] &#8211; 0.22 MB 2023 [PDF] &#8211; 0.55 MB 2022 [PDF] &#8211; 0.5 MB 2021 [PDF] &#8211; 0.47 MB [&hellip;]<\/p>\n","protected":false},"author":1,"featured_media":0,"parent":40,"menu_order":0,"comment_status":"closed","ping_status":"closed","template":"","meta":{"footnotes":""},"class_list":["post-56","page","type-page","status-publish","hentry"],"_links":{"self":[{"href":"https:\/\/fizyka.ujk.edu.pl\/index.php\/wp-json\/wp\/v2\/pages\/56","targetHints":{"allow":["GET"]}}],"collection":[{"href":"https:\/\/fizyka.ujk.edu.pl\/index.php\/wp-json\/wp\/v2\/pages"}],"about":[{"href":"https:\/\/fizyka.ujk.edu.pl\/index.php\/wp-json\/wp\/v2\/types\/page"}],"author":[{"embeddable":true,"href":"https:\/\/fizyka.ujk.edu.pl\/index.php\/wp-json\/wp\/v2\/users\/1"}],"replies":[{"embeddable":true,"href":"https:\/\/fizyka.ujk.edu.pl\/index.php\/wp-json\/wp\/v2\/comments?post=56"}],"version-history":[{"count":13,"href":"https:\/\/fizyka.ujk.edu.pl\/index.php\/wp-json\/wp\/v2\/pages\/56\/revisions"}],"predecessor-version":[{"id":2049,"href":"https:\/\/fizyka.ujk.edu.pl\/index.php\/wp-json\/wp\/v2\/pages\/56\/revisions\/2049"}],"up":[{"embeddable":true,"href":"https:\/\/fizyka.ujk.edu.pl\/index.php\/wp-json\/wp\/v2\/pages\/40"}],"wp:attachment":[{"href":"https:\/\/fizyka.ujk.edu.pl\/index.php\/wp-json\/wp\/v2\/media?parent=56"}],"curies":[{"name":"wp","href":"https:\/\/api.w.org\/{rel}","templated":true}]}}