{"id":44,"date":"2021-09-21T11:10:18","date_gmt":"2021-09-21T09:10:18","guid":{"rendered":"https:\/\/fizyka.ujk.edu.pl\/nowa\/?page_id=44"},"modified":"2025-10-21T10:53:43","modified_gmt":"2025-10-21T08:53:43","slug":"projekty","status":"publish","type":"page","link":"https:\/\/fizyka.ujk.edu.pl\/index.php\/instytut\/projekty\/","title":{"rendered":"Projekty badawcze"},"content":{"rendered":"<h2>Projekty badawcze aktualnie realizowane w Instytucie Fizyki UJK w latach 2024-2026<\/h2>\n<ul>\n<li>Projekt MEiN<br \/>\nUmowa 7315\/IA\/SP\/2022<br \/>\nMetody spektroskopowe badania oddzia\u0142ywania jon\u00f3w wysokona\u0142adowanych z materi\u0105<br \/>\nOkres realizacji: 15\/11\/2022 \u2013 31\/12\/2024<br \/>\nBud\u017cet: 3 300 000 z\u0142<br \/>\nKierownik: <strong>Dariusz Bana\u015b<\/strong><\/li>\n<li>Projekt PM-II\/SP\/0044\/2024\/02 w ramach programu Polska Metrologia II.<br \/>\nWytworzenie oraz charakterystyka nanostruktur do kalibracji mikroskop\u00f3w ze skanuj\u0105c\u0105<br \/>\nsond\u0105,<br \/>\nOkres realizacji: 2024-2025<br \/>\nBud\u017cet: 998 250 z\u0142<br \/>\nkierownik: <strong>Dariusz Bana\u015b.<\/strong><\/li>\n<li>Project number: 101130816, European Union<br \/>\nGeneralized nonextensive power-law transverse momentum spectra and their applications in<br \/>\nhigh-energy collision physics (acronym: GLITTER)<br \/>\nOkres realizacji: 2024-2026<br \/>\nBud\u017cet: 155 793,60 Euro<br \/>\nKierownik: <strong>Maciej Rybczy\u0144ski<\/strong><\/li>\n<li>Projekt Preludium NCN No. 2023\/49\/N\/ST2\/02299<br \/>\n\u201cPolaryzacja poprzeczna hiperon\u00f3w lambda w zderzeniach proton-proton w eksperymencie<br \/>\nNA61\/SHINE\u201d, \u201cTransverse polarization of lambda hyperons in proton-proton collisions in<br \/>\nthe NA61\/SHINE experiment\u201d<br \/>\nOkres realizacji: 08.2024-08.2025<br \/>\nBud\u017cet: 54168 zl<br \/>\nKierownik: <strong>Yehor Bondar<\/strong><\/li>\n<li>Projekt MeiN PM\/SP\/0012\/2021\/1<br \/>\nPodstawy metrologiczne terapii z wykorzystaniem promieniowania jonizuj\u0105cego,<br \/>\nOkres realizacji:IV.2021-VI2024,<br \/>\nBud\u017cet: 846 100 z\u0142,<br \/>\nKierownik: <strong>Janusz Braziewicz<\/strong><br \/>\n1 Wymieniono projekty, kt\u00f3re uzyska\u0142y finansowanie ze \u017ar\u00f3de\u0142 zewn\u0119trznych<\/li>\n<li>Projekt NCN 2018\/30\/A\/ST2\/00226<br \/>\nStruktury krytyczne w oddzia\u0142ywaniach silnych<br \/>\nOkres realizacji: 2019-04-04 &#8211; 2024-04-03<br \/>\nBud\u017cet: 4 335 160 PLN<br \/>\nKierownik: <strong>Marek Ga\u017adzicki<\/strong><\/li>\n<li>Projekt NCN OPUS 2019\/33\/B\/ST2\/00613<br \/>\nRole of the symmetries and anomalies of QCD on the phenomenology of<br \/>\nmesons<br \/>\nOkres realizacji: 17\/2\/2020-16\/2\/2024<br \/>\nBud\u017cet: 823 000 PLN (approx. 191 000 \u20ac)<br \/>\nKierownik: <strong>Francesco Giacosa<\/strong><\/li>\n<li>Projekt KONF\/SP\/0184\/2024\/02 w ramach programu Doskona\u0142a Nauka II<br \/>\nOrganizacja konferencji 20th International Conference on Total Reflection X-ray<br \/>\nFluorescence Analysis and Related Methods,<br \/>\nOkres realizacji: 01.11.2024-30.06.2026<br \/>\nBud\u017cet: 83 270 z\u0142,<br \/>\nKierownik:<strong> Aldona Kubala-Kuku\u015b<\/strong><\/li>\n<li>Projekt NCN PRELUDIUM BIS 2, 2020\/39\/O\/ST2\/00277<br \/>\nFluktuacje krotno\u015bci w zderzeniach relatywistycznych jon\u00f3w<br \/>\nOkres realizacji: 1\/10\/2021 \u2013 30\/9\/2025<br \/>\nBud\u017cet: 517 500 z\u0142<br \/>\nKierownik: <strong>Maciej Rybczy\u0144ski<\/strong><\/li>\n<li>2021\/WK\/10, MEIN,<br \/>\nEksperyment NA61\/SHINE w CERN,<br \/>\nOkres realizacji: 30.12.2021 \u2013 30.06.2025,<br \/>\nBud\u017cet: 327 244 z\u0142,<br \/>\nKierownik cz\u0119\u015bci UJK: <strong>Grzegorz Stefanek<\/strong><\/li>\n<li>Projekt NCN SONATA 16, 2020\/39\/D\/ST2\/02054<br \/>\nRelativistic hydrodynamics in extreme conditions, without a semiclassical or a gradient<br \/>\nexpansion,<br \/>\nOkres realizacji: 11\/21-11-24,<br \/>\nBud\u017cet: 268 200 PLN,<br \/>\nKierownik: <strong>Leonardo Tinti<\/strong><\/li>\n<\/ul>\n","protected":false},"excerpt":{"rendered":"<p>Projekty badawcze aktualnie realizowane w Instytucie Fizyki UJK w latach 2024-2026 Projekt MEiN Umowa 7315\/IA\/SP\/2022 Metody spektroskopowe badania oddzia\u0142ywania jon\u00f3w wysokona\u0142adowanych z materi\u0105 Okres realizacji: 15\/11\/2022 \u2013 31\/12\/2024 Bud\u017cet: 3 300 000 z\u0142 Kierownik: Dariusz Bana\u015b Projekt PM-II\/SP\/0044\/2024\/02 w ramach programu Polska Metrologia II. Wytworzenie oraz charakterystyka nanostruktur do kalibracji mikroskop\u00f3w ze skanuj\u0105c\u0105 sond\u0105, Okres [&hellip;]<\/p>\n","protected":false},"author":1,"featured_media":0,"parent":40,"menu_order":0,"comment_status":"closed","ping_status":"closed","template":"","meta":{"footnotes":""},"class_list":["post-44","page","type-page","status-publish","hentry"],"_links":{"self":[{"href":"https:\/\/fizyka.ujk.edu.pl\/index.php\/wp-json\/wp\/v2\/pages\/44","targetHints":{"allow":["GET"]}}],"collection":[{"href":"https:\/\/fizyka.ujk.edu.pl\/index.php\/wp-json\/wp\/v2\/pages"}],"about":[{"href":"https:\/\/fizyka.ujk.edu.pl\/index.php\/wp-json\/wp\/v2\/types\/page"}],"author":[{"embeddable":true,"href":"https:\/\/fizyka.ujk.edu.pl\/index.php\/wp-json\/wp\/v2\/users\/1"}],"replies":[{"embeddable":true,"href":"https:\/\/fizyka.ujk.edu.pl\/index.php\/wp-json\/wp\/v2\/comments?post=44"}],"version-history":[{"count":24,"href":"https:\/\/fizyka.ujk.edu.pl\/index.php\/wp-json\/wp\/v2\/pages\/44\/revisions"}],"predecessor-version":[{"id":2177,"href":"https:\/\/fizyka.ujk.edu.pl\/index.php\/wp-json\/wp\/v2\/pages\/44\/revisions\/2177"}],"up":[{"embeddable":true,"href":"https:\/\/fizyka.ujk.edu.pl\/index.php\/wp-json\/wp\/v2\/pages\/40"}],"wp:attachment":[{"href":"https:\/\/fizyka.ujk.edu.pl\/index.php\/wp-json\/wp\/v2\/media?parent=44"}],"curies":[{"name":"wp","href":"https:\/\/api.w.org\/{rel}","templated":true}]}}