{"id":42,"date":"2021-09-21T11:09:36","date_gmt":"2021-09-21T09:09:36","guid":{"rendered":"https:\/\/fizyka.ujk.edu.pl\/nowa\/?page_id=42"},"modified":"2026-02-24T11:49:21","modified_gmt":"2026-02-24T10:49:21","slug":"wladze","status":"publish","type":"page","link":"https:\/\/fizyka.ujk.edu.pl\/index.php\/instytut\/wladze\/","title":{"rendered":"W\u0142adze"},"content":{"rendered":"<h2><strong>W\u0142adze Instytutu<\/strong><\/h2>\n<h2><span style=\"font-size: 14pt;\">Dyrektorzy na kadencj\u0119 2024-2028<\/span><\/h2>\n<h3>Dyrektor:<\/h3>\n<p><strong>dr hab. Aldona Kubala-Kuku\u015b, prof. UJK<\/strong><br \/>\n<a href=\"mailto:aldona.kubala-kukus@ujk.edu.pl\">aldona.kubala-kukus@ujk.edu.pl<\/a><br \/>\nTelefon: +48 41 349 64 63<br \/>\ndy\u017cury: wtorek 14:45-15:45, czwartek 14:00-15:00, pok\u00f3j 50, Instytut Fizyki<\/p>\n<h3>Z-ca Dyrektora ds. naukowych:<\/h3>\n<p><strong>dr hab. Pawe\u0142 Kankiewicz, prof. UJK<\/strong><br \/>\n<a href=\"mailto:pawel.kankiewicz@ujk.edu.pl\">pawel.kankiewicz@ujk.edu.pl<\/a><br \/>\nTelefon: +48 41 349 64 82<\/p>\n<h3>Z-ca Dyrektora ds. kszta\u0142cenia dla kierunk\u00f3w Fizyka, Fizyka techniczna, Fizyka Medyczna i Systemy diagnostyczne w medycynie:<\/h3>\n<p><strong>dr in\u017c. Milena Piotrowska<\/strong><br \/>\n<a href=\"mailto: milena.piotrowska@ujk.edu.pl\">milena.piotrowska@ujk.edu.pl<\/a><br \/>\nTelefon: +48 41 349 64 54<\/p>\n<h3>Z-ca Dyrektora ds. kszta\u0142cenia dla kierunk\u00f3w Informatyka i In\u017cynieria danych:<\/h3>\n<p><strong>dr in\u017c. Pawe\u0142 Jagodzi\u0144ski<\/strong><br \/>\n<a href=\"mailto:pawel.jagodzinski@ujk.edu.pl\">pawel.jagodzinski@ujk.edu.pl<\/a><br \/>\nTelefon: +48 41 349 64 74<\/p>\n<p>&nbsp;<\/p>\n<p>&nbsp;<\/p>\n<h3><span style=\"font-family: arial, helvetica, sans-serif;\">Rada Naukowa Instytutu<\/span><\/h3>\n<p><span style=\"font-family: arial, helvetica, sans-serif;\">dr hab. prof. UJK Kubala-Kuku\u015b Aldona &#8211; Przewodnicz\u0105ca Rady Naukowej Instytutu Fizyki<br \/>\n<span style=\"font-family: arial, helvetica, sans-serif;\">dr hab. prof. UJK Bana\u015b Dariusz<\/span><br \/>\n<span style=\"font-family: arial, helvetica, sans-serif;\">prof. dr hab. Giacosa Francesco<\/span><br \/>\n<span style=\"font-family: arial, helvetica, sans-serif;\">prof. dr hab. Ga\u017adzicki Marek<\/span><br \/>\n<span style=\"font-family: arial, helvetica, sans-serif;\">dr hab. prof. UJK Kankiewicz Pawe\u0142<\/span><br \/>\n<span style=\"font-family: arial, helvetica, sans-serif;\">prof. dr hab. Koszto\u0142owicz Tadeusz<\/span><\/span><br \/>\n<span style=\"font-family: arial, helvetica, sans-serif;\">prof. dr hab. Rybczy\u0144ski Maciej<\/span><br \/>\n<span style=\"font-family: arial, helvetica, sans-serif;\">dr hab. prof. UJK Stefanek Grzegorz<\/span><br \/>\n<span style=\"font-family: arial, helvetica, sans-serif;\">dr in\u017c. Pawe\u0142 Jagodzi\u0144ski<\/span><br \/>\n<span style=\"font-family: arial, helvetica, sans-serif;\">dr Ilona Stabrawa<\/span><\/p>\n<p>&nbsp;<\/p>\n","protected":false},"excerpt":{"rendered":"<p>W\u0142adze Instytutu Dyrektorzy na kadencj\u0119 2024-2028 Dyrektor: dr hab. Aldona Kubala-Kuku\u015b, prof. UJK aldona.kubala-kukus@ujk.edu.pl Telefon: +48 41 349 64 63 dy\u017cury: wtorek 14:45-15:45, czwartek 14:00-15:00, pok\u00f3j 50, Instytut Fizyki Z-ca Dyrektora ds. naukowych: dr hab. Pawe\u0142 Kankiewicz, prof. UJK pawel.kankiewicz@ujk.edu.pl Telefon: +48 41 349 64 82 Z-ca Dyrektora ds. kszta\u0142cenia dla kierunk\u00f3w Fizyka, Fizyka techniczna, [&hellip;]<\/p>\n","protected":false},"author":1,"featured_media":0,"parent":40,"menu_order":0,"comment_status":"closed","ping_status":"closed","template":"","meta":{"footnotes":""},"class_list":["post-42","page","type-page","status-publish","hentry"],"_links":{"self":[{"href":"https:\/\/fizyka.ujk.edu.pl\/index.php\/wp-json\/wp\/v2\/pages\/42","targetHints":{"allow":["GET"]}}],"collection":[{"href":"https:\/\/fizyka.ujk.edu.pl\/index.php\/wp-json\/wp\/v2\/pages"}],"about":[{"href":"https:\/\/fizyka.ujk.edu.pl\/index.php\/wp-json\/wp\/v2\/types\/page"}],"author":[{"embeddable":true,"href":"https:\/\/fizyka.ujk.edu.pl\/index.php\/wp-json\/wp\/v2\/users\/1"}],"replies":[{"embeddable":true,"href":"https:\/\/fizyka.ujk.edu.pl\/index.php\/wp-json\/wp\/v2\/comments?post=42"}],"version-history":[{"count":35,"href":"https:\/\/fizyka.ujk.edu.pl\/index.php\/wp-json\/wp\/v2\/pages\/42\/revisions"}],"predecessor-version":[{"id":2376,"href":"https:\/\/fizyka.ujk.edu.pl\/index.php\/wp-json\/wp\/v2\/pages\/42\/revisions\/2376"}],"up":[{"embeddable":true,"href":"https:\/\/fizyka.ujk.edu.pl\/index.php\/wp-json\/wp\/v2\/pages\/40"}],"wp:attachment":[{"href":"https:\/\/fizyka.ujk.edu.pl\/index.php\/wp-json\/wp\/v2\/media?parent=42"}],"curies":[{"name":"wp","href":"https:\/\/api.w.org\/{rel}","templated":true}]}}