{"id":392,"date":"2021-11-10T11:52:20","date_gmt":"2021-11-10T10:52:20","guid":{"rendered":"https:\/\/fizyka.ujk.edu.pl\/nowa\/?page_id=392"},"modified":"2021-12-23T13:09:11","modified_gmt":"2021-12-23T12:09:11","slug":"badania","status":"publish","type":"page","link":"https:\/\/fizyka.ujk.edu.pl\/index.php\/badania\/","title":{"rendered":"Badania"},"content":{"rendered":"<h2>Badania naukowe <\/h2>\n<p style=\"text-align: justify\">\nBadania naukowe prowadzone w instytucie dotycz\u0105 nast\u0119puj\u0105cych dziedzin fizyki: fizyka atomowa, fizyka cz\u0105steczkowa, fizyka j\u0105drowa wysokich energii, astrofizyka, biofizyka, fizyka medyczna, fizyka stosowana, fizyka teoretyczna, dydaktyka fizyki oraz nowych kierunk\u00f3w bada\u0144, podj\u0119tych od roku 2003, informatyki i teleinformatyki.\n<\/p>\n<p style=\"text-align: justify\">\n<strong>Fizyka atomowa: <\/strong>Badania z fizyki atomowej dotycz\u0105 rozlicznych proces\u00f3w zachodz\u0105cych podczas zderze\u0144 atomowych, w szczeg\u00f3lno\u015bci jonizacji wewn\u0119trznych pow\u0142ok atomowych, rekombinacji radiacyjnej, dwuelektronowej i trzycia\u0142owej. Badania te maj\u0105 charakter podstawowy, gdy chodzi np. o testowanie przewidywa\u0144 elektrodynamiki kwantowej, lecz bywaj\u0105 te\u017c bardzo wa\u017cne ze wzgl\u0119du na zastosowania praktyczne. Wykonywanie eksperyment\u00f3w wymaga pot\u0119\u017cnych urz\u0105dze\u0144 &#8211; akcelerator\u00f3w jon\u00f3w, pier\u015bcieni akumulacyjnych, wi\u0119c badania prowadzone s\u0105 we wsp\u00f3\u0142pracy z du\u017cymi o\u015brodkami jak: Gesellschaft f\u00fcr Schwerionenforschung (GSI) w Darmstadt w Niemczech,  Instytut Paula Scherrera w Villigen w Szwajcarii czy \u015arodowiskowe Laboratorium Ci\u0119\u017ckich Jon\u00f3w w Warszawie. Program bada\u0144 proces\u00f3w atomowych wspierany by\u0142 kilkoma grantami KBN. Studenci uczestnicz\u0105 w nim, g\u0142\u00f3wnie na etapie opracowywania danych pomiarowych.\n<\/p>\n<p style=\"text-align: justify\">\n<strong>Fizyka cz\u0105steczkowa:<\/strong> Badania z fizyki cz\u0105steczkowej koncentruj\u0105 si\u0119 na analizie proces\u00f3w rekombinacji i dysocjacji jon\u00f3w molekularnych w rezultacie ich zderze\u0144 z elektronami swobodnymi. Procesy te s\u0105 bardzo ciekawe w kontek\u015bcie astrofizyki, bowiem zachodz\u0105 w jonosferach planet i ob\u0142okach mi\u0119dzygwiezdnych. Cz\u0119\u015b\u0107 eksperymentalna badawczego programu realizowana jest przy wykorzystaniu pier\u015bcienia akumulacyjnego CRYRING w Laboratorium Manne Siegbahna w Sztokholmie. W badania te, finansowane z grant\u00f3w KBN i funduszy europejskich, w\u0142\u0105czeni s\u0105 studenci, maj\u0105c mo\u017cno\u015b\u0107 uczestniczy\u0107 tak w samych pomiarach jak i przy opracowywaniu danych do\u015bwiadczalnych.\n<\/p>\n<p style=\"text-align: justify\">\n<strong>Fizyka j\u0105drowa wysokich energii: <\/strong>Badania dotycz\u0105 zderze\u0144 relatywistycznych jon\u00f3w obserwowanych, tak w do\u015bwiadczeniach akceleratorowych (WA98, ALICE, NA49), jak i w promieniowaniu kosmicznym. Obecnie g\u0142\u00f3wny temat bada\u0144 wi\u0105\u017ce si\u0119 z eksperymentem okre\u015blanym symbolem NA49, a realizowanym przez wielonarodow\u0105 grup\u0119 fizyk\u00f3w w Europejskim Centrum Bada\u0144 J\u0105drowych (CERN) w Genewie. Celem eksperymentu jest wytworzenie w zderzeniach j\u0105der atomowych rozp\u0119dzonych do bardzo wysokiej energii g\u0119stej i gor\u0105cej materii i stwierdzenie, czy wyst\u0119puje ona w stanie tzw. plazmy kwarkowo-gluonowej. Pi\u0119cioosobowa grupa fizyk\u00f3w z Kielc uczestniczy zar\u00f3wno w samym prowadzeniu eksperymentu przy akceleratorze w CERN-ie, jak i opracowaniu zebranych danych do\u015bwiadczalnych. Szczeg\u00f3\u0142owo s\u0105 analizowane fluktuacje krotno\u015bci produkowanych cz\u0105stek oraz ich  rozk\u0142ady azymutalne. W pracach zwi\u0105zanych z eksperymentem NA49 bior\u0105 udzia\u0142 studenci. Latem 2003 roku, tr\u00f3jka student\u00f3w wyjecha\u0142a na \u201eSummer Student Program&#8221; do Instytutu Fizyki Ci\u0119\u017ckich Jon\u00f3w (GSI) w Darmstadt i Niemieckiego Laboratorium Synchrotronowego (DESY) w Hamburgu.\n<\/p>\n<p style=\"text-align: justify\">\n<strong>Astrofizyka:<\/strong> Prowadzone w Instytucie badania astrofizyczne koncentruj\u0105 si\u0119 na statystycznej analizie skatalogowanych danych dotycz\u0105cych wielkoskalowych struktur we Wszech\u015bwiecie. Chodzi tutaj g\u0142\u00f3wnie o poznanie rozk\u0142ad\u00f3w przestrzennych galaktyk i gromad galaktyk. W zwi\u0105zku z otwarciem jesieni\u0105 2003 roku niewielkiego obserwatorium astronomicznego na ostatniej kondygnacji budynku Instytutu, kt\u00f3re ma s\u0142u\u017cy\u0107 celom dydaktyczno-popularyzacyjnym i naukowym, zainicjowany zosta\u0142 program obserwacyjny ukierunkowany na badanie gwiazd zmiennych i ma\u0142ych obiekt\u00f3w Uk\u0142adu S\u0142onecznego. Studenci, szczeg\u00f3lnie ci z ko\u0142a naukowego Kwazar, zaanga\u017cowani s\u0105 we wszelkie dzia\u0142ania zwi\u0105zane z funkcjonowaniem obserwatorium, uczestnicz\u0105 w prowadzonych badaniach, szko\u0142ach m\u0142odych uczonych oraz konferencjach, nawet mi\u0119dzynarodowych.\n<\/p>\n<p style=\"text-align: justify\">\n<strong>Biofizyka: <\/strong>Badania biofizyczne dotycz\u0105 g\u0142\u00f3wnie transportu substancji przez membrany, procesu niezwykle wa\u017cnego z punktu widzenia metabolizmu ka\u017cdej \u017cywej kom\u00f3rki. Prowadzone s\u0105 badania fizycznych podstaw translokacji wody w ro\u015blinach. Prace eksperymentalne prowadzone s\u0105 przy wykorzystaniu zbudowanej w Instytucie interferometrycznej aparatury pozwalaj\u0105cej \u015bledzi\u0107 ewolucj\u0119 czasow\u0105 rozk\u0142adu substancji w uk\u0142adzie membranowym. W uk\u0142adzie takim wyst\u0119puje ca\u0142y szereg interesuj\u0105cych zjawisk fizycznych: dyfuzja oraz jej anomalna posta\u0107 tzw. subdyfuzja, konwekcja oraz konwekcyjne niestabilno\u015bci. Tematem wielu prac magisterskich  by\u0142y obserwacje owych zjawisk przy wykorzystaniu wspomnianej aparatury interferometrycznej.\n<\/p>\n<p style=\"text-align: justify\">\n<strong>Fizyka medyczna:<\/strong> Badania z zakresu fizyki medycznej s\u0105 skoncentrowane w dw\u00f3ch niezale\u017cnych obszarach. Pierwszy z nich wi\u0105\u017ce si\u0119 z wykorzystaniem metod rentgenowskiej analizy fluorescencyjnej w badaniach biomedycznych g\u0142\u00f3wnie w celu okre\u015blenia zwi\u0105zk\u00f3w, jakie zachodz\u0105 mi\u0119dzy stanami chorobowymi a koncentracj\u0105 pierwiastk\u00f3w \u015bladowych w r\u00f3\u017cnorodnych tkankach i p\u0142ynach ustrojowych cz\u0142owieka. Drugi obszar bada\u0144 wi\u0105\u017ce si\u0119 z poszukiwaniem rozwi\u0105za\u0144 w dziedzinie technik obrazowania stosowanych w diagnostyce i terapii medycznej. W wyniku tej dzia\u0142alno\u015bci opracowano nowe procedury diagnostyczne stosowane w planowaniu leczenia i procedury dozymetryczne stosowane w terapii nowotwor\u00f3w fotonami i elektronami. Wyniki tych bada\u0144 s\u0105 stosowane w rutynowej dzia\u0142alno\u015bci fizyk\u00f3w medycznych zar\u00f3wno w \u015awi\u0119tokrzyskim Centrum onkologii jak i w innych plac\u00f3wkach onkologicznych w kraju. Nowym kierunkiem bada\u0144 s\u0105 techniki wykorzystywane w pozytonowej tomografii emisyjnej i medycynie nuklearnej.\n<\/p>\n<p style=\"text-align: justify\">\n<strong>Fizyka stosowana:<\/strong> Posiadana w Instytucie aparatura do rentgenowskiej analizy fluorescencyjnej (XRF) jest wykorzystywana w r\u00f3\u017cnorodnych badaniach stosowanych z zakresu archeologii, historii sztuki, ochrony \u015brodowiska, hydrologii i  medycyny. I tak, na przyk\u0142ad, w ci\u0105gu ostatnich kilku lat metoda XRF by\u0142a wykorzystywana do badania sk\u0142adu chemicznego ozd\u00f3b kultury celtyckiej znalezionych na terenie Polski, badaniu \u015brodk\u00f3w konserwuj\u0105cych zawartych w rze\u017abach z o\u0142tarza Wita Stwosza w Krakowie; badaniach stopnia zanieczyszczenia wody i powietrza oraz ska\u017cenia osad\u00f3w rzecznych Wis\u0142y (2 studentki z Upsali w ci\u0105gu 3 miesi\u0119cznego pobytu w Instytucie realizowa\u0142y temat w ramach prac magisterskich finansowanych przez program Tempus), badaniach materia\u0142owych dotycz\u0105cych czysto\u015bci kryszta\u0142\u00f3w oraz  w interdyscyplinarnych badaniach \u015brodowiskowych i biomedycznych prowadzonych w celu okre\u015blenia wp\u0142ywu zanieczyszczenia \u015brodowiska naturalnego na stan zdrowia ludzi. Otrzymane wyniki umo\u017cliwi\u0142y sformu\u0142owanie og\u00f3lnych wniosk\u00f3w dotycz\u0105cych natury rozk\u0142ad\u00f3w pierwiastk\u00f3w \u015bladowych w przyrodzie.\n<\/p>\n<p style=\"text-align: justify\">\n<strong>Fizyka teoretyczna: <\/strong>Tematyka prac teoretycznych jest mocno zwi\u0105zana z do\u015bwiadczalnymi badaniami prowadzonymi w Instytucie. I tak, modelowane s\u0105 zderzenia j\u0105der atomowych przy wysokich energiach, badane s\u0105 w\u0142asno\u015bci plazmy kwarkowo-gluonowej, czy charakter przej\u015b\u0107 fazowych silnie-oddzia\u0142ywuj\u0105cej materii. Jednym z wa\u017cnych podejmowanych temat\u00f3w jest poszukiwanie opisu transportu substancji w uk\u0142adzie membranowym, szczeg\u00f3lnie wtedy, gdy w uk\u0142adzie wyst\u0119puje subdyfuzja. Badane s\u0105 r\u00f3wnie\u017c r\u00f3wnowagowe i nier\u00f3wnowagowe uk\u0142ady p\u00f3l kwantowych, opracowywane s\u0105 metody tzw. rozwini\u0119cia optymalizowanego stosowanego do opisu szeregu uk\u0142ad\u00f3w p\u00f3l kwantowych.\n<\/p>\n<p style=\"text-align: justify\">\n<strong>Dydaktyka fizyki:<\/strong> Badania z obszaru dydaktyki, prowadzone we wsp\u00f3\u0142pracy z kieleckimi szko\u0142ami i centrum doskonalenia nauczycieli, koncentruj\u0105 si\u0119 na zagadnieniu ewolucji zasobu poj\u0119\u0107 fizycznych uczni\u00f3w na r\u00f3\u017cnych szczeblach edukacji. Analizowany jest przebieg percepcji poj\u0119\u0107 i proces\u00f3w edukacyjnych warunkuj\u0105cych ich rozumienie. Wyniki owych bada\u0144 wykorzystywane s\u0105 przy przygotowywaniu materia\u0142\u00f3w dydaktycznych, g\u0142\u00f3wnie dla nauczycieli. Wa\u017cnym elementem dzia\u0142alno\u015bci z obszaru dydaktyki s\u0105 opracowania program\u00f3w nauczania, podr\u0119cznik\u00f3w szkolnych (wraz z ich \u201eobudow\u0105&#8221; metodyczn\u0105) w zakresie nauczania przyrody w szkole podstawowej i fizyki i astronomii w szkole \u015bredniej.\n<\/p>\n<p style=\"text-align: justify\">\n<strong>Informatyka i teleinformatyka: <\/strong>Prace badawcze z zakresu informatyki, teleinformatyki i dziedzin pokrewnych prowadzone przez pracownik\u00f3w Instytutu obejmuj\u0105 g\u0142\u00f3wnie zagadnienia cyfrowego przetwarzania sygna\u0142\u00f3w i obraz\u00f3w, kompresji danych, sieci teleinformatycznych i transmisji danych. Aktualnie prowadzony w Zak\u0142adzie Informatyki Grant KBN obejmuje badania nad nowymi metodami kompresji rzeczywistych sekwencji obraz\u00f3w panoramicznych, czyli obraz\u00f3w tej samej sceny uzyskanych z przesuni\u0119tych wzgl\u0119dem siebie punkt\u00f3w akwizycji. Wykorzystuj\u0105c metody geometrii epipolarnej, na podstawie sekwencji wybranych obraz\u00f3w sceny (obraz\u00f3w referencyjnych), powi\u0105zanych r\u00f3wnaniem fundamentalnym, dokonuje si\u0119 predykcji kolejnych obraz\u00f3w tej samej sceny. Proponowane metody predykcji s\u0105 istotnym elementem nowych, efektywnych algorytm\u00f3w kompresji obraz\u00f3w panoramicznych. Opracowane algorytmy kompresji mog\u0105 znale\u017a\u0107 zastosowanie m.in. w transmisji rzeczywistych obraz\u00f3w telewizyjnych i video poprzez Internet.<\/p>\n","protected":false},"excerpt":{"rendered":"<p>Badania naukowe Badania naukowe prowadzone w instytucie dotycz\u0105 nast\u0119puj\u0105cych dziedzin fizyki: fizyka atomowa, fizyka cz\u0105steczkowa, fizyka j\u0105drowa wysokich energii, astrofizyka, biofizyka, fizyka medyczna, fizyka stosowana, fizyka teoretyczna, dydaktyka fizyki oraz nowych kierunk\u00f3w bada\u0144, podj\u0119tych od roku 2003, informatyki i teleinformatyki. Fizyka atomowa: Badania z fizyki atomowej dotycz\u0105 rozlicznych proces\u00f3w zachodz\u0105cych podczas zderze\u0144 atomowych, w szczeg\u00f3lno\u015bci [&hellip;]<\/p>\n","protected":false},"author":1,"featured_media":393,"parent":0,"menu_order":0,"comment_status":"closed","ping_status":"closed","template":"","meta":{"footnotes":""},"class_list":["post-392","page","type-page","status-publish","has-post-thumbnail","hentry"],"_links":{"self":[{"href":"https:\/\/fizyka.ujk.edu.pl\/index.php\/wp-json\/wp\/v2\/pages\/392","targetHints":{"allow":["GET"]}}],"collection":[{"href":"https:\/\/fizyka.ujk.edu.pl\/index.php\/wp-json\/wp\/v2\/pages"}],"about":[{"href":"https:\/\/fizyka.ujk.edu.pl\/index.php\/wp-json\/wp\/v2\/types\/page"}],"author":[{"embeddable":true,"href":"https:\/\/fizyka.ujk.edu.pl\/index.php\/wp-json\/wp\/v2\/users\/1"}],"replies":[{"embeddable":true,"href":"https:\/\/fizyka.ujk.edu.pl\/index.php\/wp-json\/wp\/v2\/comments?post=392"}],"version-history":[{"count":2,"href":"https:\/\/fizyka.ujk.edu.pl\/index.php\/wp-json\/wp\/v2\/pages\/392\/revisions"}],"predecessor-version":[{"id":571,"href":"https:\/\/fizyka.ujk.edu.pl\/index.php\/wp-json\/wp\/v2\/pages\/392\/revisions\/571"}],"wp:featuredmedia":[{"embeddable":true,"href":"https:\/\/fizyka.ujk.edu.pl\/index.php\/wp-json\/wp\/v2\/media\/393"}],"wp:attachment":[{"href":"https:\/\/fizyka.ujk.edu.pl\/index.php\/wp-json\/wp\/v2\/media?parent=392"}],"curies":[{"name":"wp","href":"https:\/\/api.w.org\/{rel}","templated":true}]}}