{"id":269,"date":"2021-09-21T15:09:22","date_gmt":"2021-09-21T13:09:22","guid":{"rendered":"https:\/\/fizyka.ujk.edu.pl\/nowa\/?page_id=269"},"modified":"2025-11-03T10:43:48","modified_gmt":"2025-11-03T09:43:48","slug":"planetarium-i-obserwatorium","status":"publish","type":"page","link":"https:\/\/fizyka.ujk.edu.pl\/index.php\/dla-szkol\/planetarium-i-obserwatorium\/","title":{"rendered":"Planetarium i obserwatorium"},"content":{"rendered":"<h2>Planetarium i obserwatorium<\/h2>\n<p style=\"text-align: justify\">\nObserwatorium i Planetarium UJK jest jednostk\u0105 o profilu naukowo-dydaktycznym. Znajduje si\u0119 ono na ostatnich kondygnacjach budynku Wydzia\u0142u Nauk \u015acis\u0142ych i Przyrodnicznych UJK.\n<\/p>\n<p style=\"text-align: justify\">\nOd chwili oddania do u\u017cytku w roku 2003 jest najcz\u0119\u015bciej odwiedzanym przez mieszka\u0144c\u00f3w regionu obiektem Uniwerstytetu Jana Kochanowskiego. OiPUJK by\u0142o organizatorem lub wsp\u00f3\u0142organizatorem licznych imprez popularyzuj\u0105cych astronomi\u0119. Odbywa\u0142y si\u0119 tu konkursy astronomiczne, Dni Nauki, Fizykalia, pokazy interesuj\u0105cych zjawisk astronomicznych.<br \/>\nW roku 2009 Obserwatorium i Planetarium s\u0105 zaanga\u017cowane w organizacj\u0119 imprez w ramach Mi\u0119dzynarodowego Roku Astronomii.<\/p>\n<p style=\"text-align: justify\">\nWa\u017cn\u0105 rol\u0119 edukacyjn\u0105 odgrywa Planetarium. W trakcie seansu mo\u017cna zapozna\u0107 si\u0119 z wygl\u0105dem nocnego nieba, \u015bledzi\u0107 ruchy gwiazd, planet, S\u0142o\u0144ca i Ksi\u0119\u017cyca. Przy dobrej pogodzie istnieje mo\u017cliwo\u015b\u0107 prowadzenia obserwacji astronomicznych. Nasz\u0105 ofert\u0119 uzupe\u0142nia sta\u0142a wystawa meteoryt\u00f3w.\n<\/p>\n<h3>Informacje kontaktowe<\/h3>\n<p style=\"text-align: left\">\nZak\u0142ad Fizyki Komputerowej i Informatyki<br \/>\nInstytut Fizyki Uniwersytetu Jana Kochanowskiego  <br \/> <br \/>\nul. Uniwersytecka 7 <br \/>\n25-406 Kielce<\/p>\n<p>dr Janusz Krywult <br \/>\ntel. <strong>(041)349-64-85<\/strong><br \/>\ne-mail: j.krywult@ujk.edu.pl<\/p>\n<p>dr hab. Pawe\u0142 Kankiewicz, prof. UJK<br \/>\ntel. <strong>(041)349-64-82 <\/strong><br \/>\ne-mail: p.kankiewicz@ujk.edu.pl<\/p>\n<p>dr Monika Biernacka, <br \/>\ntel. <strong>(041)349-64-84 <\/strong><br \/>\ne-mail: m.biernacka@ujk.edu.pl<\/p>\n<p>mgr in\u017c. Marcin Drabik ,<br \/>\ntel. <strong>(041)349-64-82 <\/strong><br \/>\ne-mail: m.drabik@ujk.edu.pl<\/p>\n","protected":false},"excerpt":{"rendered":"<p>Planetarium i obserwatorium Obserwatorium i Planetarium UJK jest jednostk\u0105 o profilu naukowo-dydaktycznym. Znajduje si\u0119 ono na ostatnich kondygnacjach budynku Wydzia\u0142u Nauk \u015acis\u0142ych i Przyrodnicznych UJK. Od chwili oddania do u\u017cytku w roku 2003 jest najcz\u0119\u015bciej odwiedzanym przez mieszka\u0144c\u00f3w regionu obiektem Uniwerstytetu Jana Kochanowskiego. OiPUJK by\u0142o organizatorem lub wsp\u00f3\u0142organizatorem licznych imprez popularyzuj\u0105cych astronomi\u0119. Odbywa\u0142y si\u0119 tu [&hellip;]<\/p>\n","protected":false},"author":1,"featured_media":379,"parent":90,"menu_order":0,"comment_status":"closed","ping_status":"closed","template":"","meta":{"footnotes":""},"class_list":["post-269","page","type-page","status-publish","has-post-thumbnail","hentry"],"_links":{"self":[{"href":"https:\/\/fizyka.ujk.edu.pl\/index.php\/wp-json\/wp\/v2\/pages\/269","targetHints":{"allow":["GET"]}}],"collection":[{"href":"https:\/\/fizyka.ujk.edu.pl\/index.php\/wp-json\/wp\/v2\/pages"}],"about":[{"href":"https:\/\/fizyka.ujk.edu.pl\/index.php\/wp-json\/wp\/v2\/types\/page"}],"author":[{"embeddable":true,"href":"https:\/\/fizyka.ujk.edu.pl\/index.php\/wp-json\/wp\/v2\/users\/1"}],"replies":[{"embeddable":true,"href":"https:\/\/fizyka.ujk.edu.pl\/index.php\/wp-json\/wp\/v2\/comments?post=269"}],"version-history":[{"count":4,"href":"https:\/\/fizyka.ujk.edu.pl\/index.php\/wp-json\/wp\/v2\/pages\/269\/revisions"}],"predecessor-version":[{"id":2224,"href":"https:\/\/fizyka.ujk.edu.pl\/index.php\/wp-json\/wp\/v2\/pages\/269\/revisions\/2224"}],"up":[{"embeddable":true,"href":"https:\/\/fizyka.ujk.edu.pl\/index.php\/wp-json\/wp\/v2\/pages\/90"}],"wp:featuredmedia":[{"embeddable":true,"href":"https:\/\/fizyka.ujk.edu.pl\/index.php\/wp-json\/wp\/v2\/media\/379"}],"wp:attachment":[{"href":"https:\/\/fizyka.ujk.edu.pl\/index.php\/wp-json\/wp\/v2\/media?parent=269"}],"curies":[{"name":"wp","href":"https:\/\/api.w.org\/{rel}","templated":true}]}}