{"id":267,"date":"2021-09-21T15:09:02","date_gmt":"2021-09-21T13:09:02","guid":{"rendered":"https:\/\/fizyka.ujk.edu.pl\/nowa\/?page_id=267"},"modified":"2025-11-03T10:41:09","modified_gmt":"2025-11-03T09:41:09","slug":"fizykalia","status":"publish","type":"page","link":"https:\/\/fizyka.ujk.edu.pl\/index.php\/dla-szkol\/fizykalia\/","title":{"rendered":"Fizykalia"},"content":{"rendered":"<h2>Fizykalia<\/h2>\n<p>Fizykalia s\u0105 to spotkania organizowane przez pracownik\u00f3w i student\u00f3w dla uczni\u00f3w gimnazj\u00f3w i szk\u00f3\u0142 \u015brednich kt\u00f3rych celem jest popularyzacja fizyki i zach\u0119cenie uczni\u00f3w do studiowania<br \/>\n<strong>Fizyki<\/strong> w <strong>Uniwersytecie<\/strong> Jana Kochanowskiego w Kielcach.<br \/>\nJest to r\u00f3wnie\u017c bardzo atrakcyjna forma sp\u0119dzenia czasu dla uczni\u00f3w.<\/p>\n<p>\nW trakcie Fizykali\u00f3w uczniowie szk\u00f3\u0142 \u015brednich uczestnicz\u0105 w pokazach do\u015bwiadcze\u0144 skupionych w pi\u0119ciu blokach tematycznych:\n<\/p>\n<ul style=\"font-weight: bold\">\n<li>mechanika, <\/li>\n<li>optyka, <\/li>\n<li>energia i ciep\u0142o w przyrodzie, <\/li>\n<li>elektryczno\u015b\u0107 i magnetyzm, <\/li>\n<li>p\u0142yny (ciecze i gazy),<\/li>\n<\/ul>\n<p>kt\u00f3re s\u0105 przygotowywane i prezentowane przez student\u00f3w &#8211; cz\u0142onk\u00f3w K\u00f3\u0142 Naukowych. W wi\u0119kszo\u015bci pokaz\u00f3w bior\u0105 udzia\u0142 sami uczniowie pod nadzorem<br \/>\nprowadz\u0105cych pokaz.<\/p>\n<p>Atrakcj\u0105 jest r\u00f3wnie\u017c <strong>wystawa meteoryt\u00f3w<\/strong> oraz zwiedzanie <strong>Planetarium i Obserwatorium Astronomicznego<\/strong><br \/>\nInstytutu Fizyki. <\/p>\n<p>Serdecznie zapraszamy!<\/p>\n","protected":false},"excerpt":{"rendered":"<p>Fizykalia Fizykalia s\u0105 to spotkania organizowane przez pracownik\u00f3w i student\u00f3w dla uczni\u00f3w gimnazj\u00f3w i szk\u00f3\u0142 \u015brednich kt\u00f3rych celem jest popularyzacja fizyki i zach\u0119cenie uczni\u00f3w do studiowania Fizyki w Uniwersytecie Jana Kochanowskiego w Kielcach. Jest to r\u00f3wnie\u017c bardzo atrakcyjna forma sp\u0119dzenia czasu dla uczni\u00f3w. W trakcie Fizykali\u00f3w uczniowie szk\u00f3\u0142 \u015brednich uczestnicz\u0105 w pokazach do\u015bwiadcze\u0144 skupionych w [&hellip;]<\/p>\n","protected":false},"author":1,"featured_media":0,"parent":90,"menu_order":0,"comment_status":"closed","ping_status":"closed","template":"","meta":{"footnotes":""},"class_list":["post-267","page","type-page","status-publish","hentry"],"_links":{"self":[{"href":"https:\/\/fizyka.ujk.edu.pl\/index.php\/wp-json\/wp\/v2\/pages\/267","targetHints":{"allow":["GET"]}}],"collection":[{"href":"https:\/\/fizyka.ujk.edu.pl\/index.php\/wp-json\/wp\/v2\/pages"}],"about":[{"href":"https:\/\/fizyka.ujk.edu.pl\/index.php\/wp-json\/wp\/v2\/types\/page"}],"author":[{"embeddable":true,"href":"https:\/\/fizyka.ujk.edu.pl\/index.php\/wp-json\/wp\/v2\/users\/1"}],"replies":[{"embeddable":true,"href":"https:\/\/fizyka.ujk.edu.pl\/index.php\/wp-json\/wp\/v2\/comments?post=267"}],"version-history":[{"count":2,"href":"https:\/\/fizyka.ujk.edu.pl\/index.php\/wp-json\/wp\/v2\/pages\/267\/revisions"}],"predecessor-version":[{"id":2222,"href":"https:\/\/fizyka.ujk.edu.pl\/index.php\/wp-json\/wp\/v2\/pages\/267\/revisions\/2222"}],"up":[{"embeddable":true,"href":"https:\/\/fizyka.ujk.edu.pl\/index.php\/wp-json\/wp\/v2\/pages\/90"}],"wp:attachment":[{"href":"https:\/\/fizyka.ujk.edu.pl\/index.php\/wp-json\/wp\/v2\/media?parent=267"}],"curies":[{"name":"wp","href":"https:\/\/api.w.org\/{rel}","templated":true}]}}