{"id":265,"date":"2021-09-21T15:08:43","date_gmt":"2021-09-21T13:08:43","guid":{"rendered":"https:\/\/fizyka.ujk.edu.pl\/nowa\/?page_id=265"},"modified":"2025-11-03T10:36:37","modified_gmt":"2025-11-03T09:36:37","slug":"fizyka-bez-wzorow","status":"publish","type":"page","link":"https:\/\/fizyka.ujk.edu.pl\/index.php\/dla-szkol\/fizyka-bez-wzorow\/","title":{"rendered":"Fizyka bez wzor\u00f3w"},"content":{"rendered":"<h2>Fizyka bez wzor\u00f3w <\/h2>\n<p>\nZ przyjemno\u015bci\u0105 przedstawiamy wyb\u00f3r&nbsp;artyku\u0142\u00f3w opublikowanych na \u0142amach POLITYKI przez<br \/>\n<a href=\"http:\/\/www.ujk.edu.pl\/strony\/mrow\/\" target=\"_blank\" rel=\"noopener\"><br \/>\nprof. dr hab. Stanis\u0142awa Mr\u00f3wczy\u0144skiego&nbsp;<\/a><br \/>\nwyja\u015bniaj\u0105cych&nbsp;w interesuj\u0105cy i&nbsp;przyst\u0119pny spos\u00f3b skomplikowane zagadnienia<br \/>\ni zjawiska fizyczne.\n<\/p>\n<table>\n<tbody>\n<tr>\n<td style=\"width:100%\">Co nowego w gwiazdach?&nbsp;&nbsp;&#8211; <a href=\"https:\/\/fizyka.ujk.edu.pl\/pl\/files\/mrowczynski\/trzesienie.html\" target=\"_blank\" rel=\"noopener\">TRZ\u0118SIENIE S\u0141O\u0143CA<\/a><\/td>\n<\/tr>\n<tr>\n<td style=\"width:100%\">Sp\u00f3r wok\u00f3\u0142 sztucznej inteligencji &#8211; <a href=\"https:\/\/fizyka.ujk.edu.pl\/pl\/files\/mrowczynski\/swiadomosc.html\" target=\"_blank\" rel=\"noopener\">NIEOBLICZALNA&nbsp;\u015aWIADOMO\u015a\u0106<\/a><\/td>\n<\/tr>\n<tr>\n<td style=\"width:100%\">Co skrywa kopiec piachu? &#8211; <a href=\"https:\/\/fizyka.ujk.edu.pl\/pl\/files\/mrowczynski\/piasek.html\" target=\"_blank\" rel=\"noopener\">FIZYCY W PIASKOWNICY<\/a>&nbsp;<\/td>\n<\/tr>\n<tr>\n<td style=\"width:100%\">Elektron mo\u017ce by\u0107 w dw\u00f3ch miejscach jednocze\u015bnie &#8211; <a href=\"https:\/\/fizyka.ujk.edu.pl\/pl\/files\/mrowczynski\/futbolowka.html\" target=\"_blank\" rel=\"noopener\">STRZA\u0141 ATOMOW\u0104 FUTBOL\u00d3WK\u0104<\/a><\/td>\n<\/tr>\n<tr>\n<td style=\"width:100%\">Kr\u00f3tka historia pustki &#8211; <a href=\"https:\/\/fizyka.ujk.edu.pl\/pl\/files\/mrowczynski\/proznia.html\" target=\"_blank\" rel=\"noopener\">POCI\u0104GAJ\u0104CA PR\u00d3\u017bNIA <\/a><\/td>\n<\/tr>\n<tr>\n<td style=\"width:100%\">\u015awiat\u0142o zamienione w materi\u0119 &#8211; <a href=\"https:\/\/fizyka.ujk.edu.pl\/pl\/files\/mrowczynski\/mc2.html\" target=\"_blank\" rel=\"noopener\">E=MC2<\/a> <\/td>\n<\/tr>\n<tr>\n<td style=\"width:100%\">Podr\u00f3\u017ce do przesz\u0142o\u015bci, czyli fizyk\u00f3w k\u0142opoty z czasem &#8211; <a href=\"https:\/\/fizyka.ujk.edu.pl\/pl\/files\/mrowczynski\/dziury.html\" target=\"_blank\" rel=\"noopener\">ROBACZE DZIURY<\/a><\/td>\n<\/tr>\n<tr>\n<td style=\"width:100%\">Niespokojne j\u0105dro Galaktyki &#8211; <a href=\"https:\/\/fizyka.ujk.edu.pl\/pl\/files\/mrowczynski\/fontanna.html\" target=\"_blank\" rel=\"noopener\">FONTANNA ANTYMATERII <\/a><\/td>\n<\/tr>\n<tr>\n<td style=\"width:100%\">O zamianie d\u017awi\u0119ku w \u015bwiat\u0142o &#8211; <a href=\"https:\/\/fizyka.ujk.edu.pl\/pl\/files\/mrowczynski\/dyskoteka.html\" target=\"_blank\" rel=\"noopener\">ATOMOWA DYSKOTEKA <\/a><\/td>\n<\/tr>\n<tr>\n<td style=\"width:100%\">Sk\u0105d do nas przybywaj\u0105? <a href=\"https:\/\/fizyka.ujk.edu.pl\/pl\/files\/mrowczynski\/promienie.html\" target=\"_blank\" rel=\"noopener\">KOSMICZNE PROMIENIE<\/a><\/td>\n<\/tr>\n<tr>\n<td style=\"width:100%\">Mokra strona Ksi\u0119\u017cyca &#8211; <a href=\"https:\/\/fizyka.ujk.edu.pl\/pl\/files\/mrowczynski\/ksiezyc.html\" target=\"_blank\" rel=\"noopener\">ODKRYCIE WODY NA SREBRNYM GLOBIE<\/a> <\/td>\n<\/tr>\n<tr>\n<td style=\"width:100%\">Galileo zwiadowca &#8211; <a href=\"https:\/\/fizyka.ujk.edu.pl\/pl\/files\/mrowczynski\/zwiadowca.html\" target=\"_blank\" rel=\"noopener\">UK\u0141AD S\u0141ONECZNY W MINIATURZE<\/a> <\/td>\n<\/tr>\n<tr>\n<td style=\"width:100%\">Utracone szlachectwo &#8211; <a href=\"https:\/\/fizyka.ujk.edu.pl\/pl\/files\/mrowczynski\/argon.html\" target=\"_blank\" rel=\"noopener\"> ARGON WSZED\u0141 W ZWI\u0104ZEK (CHEMICZNY)<\/a> <\/td>\n<\/tr>\n<tr>\n<td style=\"width:100%\">Kompas wskazuje magnetyczny biegun lecz nie zawsze p\u00f3\u0142noc &#8211; <a href=\"https:\/\/fizyka.ujk.edu.pl\/pl\/files\/mrowczynski\/magnes.html\" target=\"_blank\" rel=\"noopener\">\u017bELAZNE SERCE ZIEMI<\/a>&nbsp; <\/td>\n<\/tr>\n<tr>\n<td style=\"width:100%\">Atlas uk\u0142adu s\u0142onecznego &#8211; <a href=\"https:\/\/fizyka.ujk.edu.pl\/pl\/files\/mrowczynski\/atlas.html\" target=\"_blank\" rel=\"noopener\"> NIEZIEMSKA KARTOGRAFIA<\/a> <\/td>\n<\/tr>\n<tr>\n<td style=\"width:100%\">Giordano Bruno przed trybuna\u0142em nauki &#8211; <a href=\"https:\/\/fizyka.ujk.edu.pl\/pl\/files\/mrowczynski\/mrowie.html\" target=\"_blank\" rel=\"noopener\">MROWIE PLANET<\/a> <\/td>\n<\/tr>\n<tr>\n<td style=\"width:100%\">Fizyka tenisowej rakiety &#8211; <a href=\"https:\/\/fizyka.ujk.edu.pl\/pl\/files\/mrowczynski\/smecz.html\" target=\"_blank\" rel=\"noopener\"> ELEKTRYCZNY SMECZ<\/a> <\/td>\n<\/tr>\n<tr>\n<td style=\"width:100%\">Odkrycie, kt\u00f3rego nie by\u0142o &#8211; <a href=\"https:\/\/fizyka.ujk.edu.pl\/pl\/files\/mrowczynski\/wybuch.html\" target=\"_blank\" rel=\"noopener\">WIELKI WYBUCH W LABORATORIUM<\/a> <\/td>\n<\/tr>\n<tr>\n<td style=\"width:100%\">Zapomniana przysz\u0142o\u015b\u0107 &#8211;&nbsp;<a href=\"https:\/\/fizyka.ujk.edu.pl\/pl\/files\/mrowczynski\/Nowikow.html\" target=\"_blank\" rel=\"noopener\">ROZMOWA Z FIZYKIEM IGOREM NOVIKOWEM<\/a> <\/td>\n<\/tr>\n<tr>\n<td style=\"width:100%\">Rewolucja kwantowych komputer\u00f3w &#8211; <a href=\"https:\/\/fizyka.ujk.edu.pl\/pl\/files\/mrowczynski\/idiota.html\" target=\"_blank\" rel=\"noopener\">INTELIGENTNY IDIOTA<\/a><\/td>\n<\/tr>\n<tr>\n<td style=\"width:100%\">Komety nosicielki \u017cycia? <a href=\"https:\/\/fizyka.ujk.edu.pl\/pl\/files\/mrowczynski\/komety.html\" target=\"_blank\" rel=\"noopener\">KUD\u0141ATE GWIAZDY <\/a><\/td>\n<\/tr>\n<tr>\n<td style=\"width:100%\">Wiek kwant\u00f3w &#8211; <a href=\"https:\/\/fizyka.ujk.edu.pl\/pl\/files\/mrowczynski\/kwanty.html\" target=\"_blank\" rel=\"noopener\">\u017bYWY KOT, MARTWY KOT<\/a><\/td>\n<\/tr>\n<tr>\n<td style=\"width:100%\">Poszukiwania geometrii Wszech\u015bwiata &#8211; <a href=\"https:\/\/fizyka.ujk.edu.pl\/pl\/files\/mrowczynski\/nadmiar.html\" target=\"_blank\" rel=\"noopener\">NADMIAR WYMIAR\u00d3W<\/a><\/td>\n<\/tr>\n<tr>\n<td style=\"width:100%\">Ostatnia przepowiednia Einsteina &#8211; <a href=\"https:\/\/fizyka.ujk.edu.pl\/pl\/files\/mrowczynski\/zmarszczki.html\" target=\"_blank\" rel=\"noopener\">ZMARSZCZKI CZASOPRZESTRZENI<\/a><\/td>\n<\/tr>\n<tr>\n<td style=\"width:100%\">S\u0142o\u0144ce wesz\u0142o w faz\u0119 gwa\u0142townej aktywno\u015bci &#8211; <a href=\"https:\/\/fizyka.ujk.edu.pl\/pl\/files\/mrowczynski\/plama.html\" target=\"_blank\" rel=\"noopener\">PLAMA DEKADY<\/a><\/td>\n<\/tr>\n<tr>\n<td style=\"width:100%\">Czy eksperymenty fizyk\u00f3w mog\u0105 wywo\u0142a\u0107 wszech\u015bwiatow\u0105 katastrof\u0119? &#8211; <a href=\"https:\/\/fizyka.ujk.edu.pl\/pl\/files\/mrowczynski\/katastrofa.html\" target=\"_blank\" rel=\"noopener\">\u017bELAZNA PUSTYNIA<\/a><\/td>\n<\/tr>\n<tr>\n<td style=\"width:100%\">Obowi\u0105zuj\u0105ca teoria mikro\u015bwiata wymaga rewizji &#8211; <a href=\"https:\/\/fizyka.ujk.edu.pl\/pl\/files\/mrowczynski\/zamieszanie.html\" target=\"_blank\" rel=\"noopener\">NEUTRINOWE ZAMIESZANIE<\/a><\/td>\n<\/tr>\n<tr>\n<td style=\"width:100%\">Wszech\u015bwiat XXI wieku &#8211; <a href=\"https:\/\/fizyka.ujk.edu.pl\/pl\/files\/mrowczynski\/uni2000.html\" target=\"_blank\" rel=\"noopener\">KOSMICZNE ZMARSZCZKI<\/a><\/td>\n<\/tr>\n<\/tbody>\n<\/table>\n","protected":false},"excerpt":{"rendered":"<p>Fizyka bez wzor\u00f3w Z przyjemno\u015bci\u0105 przedstawiamy wyb\u00f3r&nbsp;artyku\u0142\u00f3w opublikowanych na \u0142amach POLITYKI przez prof. dr hab. Stanis\u0142awa Mr\u00f3wczy\u0144skiego&nbsp; wyja\u015bniaj\u0105cych&nbsp;w interesuj\u0105cy i&nbsp;przyst\u0119pny spos\u00f3b skomplikowane zagadnienia i zjawiska fizyczne. Co nowego w gwiazdach?&nbsp;&nbsp;&#8211; TRZ\u0118SIENIE S\u0141O\u0143CA Sp\u00f3r wok\u00f3\u0142 sztucznej inteligencji &#8211; NIEOBLICZALNA&nbsp;\u015aWIADOMO\u015a\u0106 Co skrywa kopiec piachu? &#8211; FIZYCY W PIASKOWNICY&nbsp; Elektron mo\u017ce by\u0107 w dw\u00f3ch miejscach jednocze\u015bnie &#8211; STRZA\u0141 [&hellip;]<\/p>\n","protected":false},"author":1,"featured_media":0,"parent":90,"menu_order":0,"comment_status":"closed","ping_status":"closed","template":"","meta":{"footnotes":""},"class_list":["post-265","page","type-page","status-publish","hentry"],"_links":{"self":[{"href":"https:\/\/fizyka.ujk.edu.pl\/index.php\/wp-json\/wp\/v2\/pages\/265","targetHints":{"allow":["GET"]}}],"collection":[{"href":"https:\/\/fizyka.ujk.edu.pl\/index.php\/wp-json\/wp\/v2\/pages"}],"about":[{"href":"https:\/\/fizyka.ujk.edu.pl\/index.php\/wp-json\/wp\/v2\/types\/page"}],"author":[{"embeddable":true,"href":"https:\/\/fizyka.ujk.edu.pl\/index.php\/wp-json\/wp\/v2\/users\/1"}],"replies":[{"embeddable":true,"href":"https:\/\/fizyka.ujk.edu.pl\/index.php\/wp-json\/wp\/v2\/comments?post=265"}],"version-history":[{"count":5,"href":"https:\/\/fizyka.ujk.edu.pl\/index.php\/wp-json\/wp\/v2\/pages\/265\/revisions"}],"predecessor-version":[{"id":2221,"href":"https:\/\/fizyka.ujk.edu.pl\/index.php\/wp-json\/wp\/v2\/pages\/265\/revisions\/2221"}],"up":[{"embeddable":true,"href":"https:\/\/fizyka.ujk.edu.pl\/index.php\/wp-json\/wp\/v2\/pages\/90"}],"wp:attachment":[{"href":"https:\/\/fizyka.ujk.edu.pl\/index.php\/wp-json\/wp\/v2\/media?parent=265"}],"curies":[{"name":"wp","href":"https:\/\/api.w.org\/{rel}","templated":true}]}}