{"id":263,"date":"2021-09-21T15:07:49","date_gmt":"2021-09-21T13:07:49","guid":{"rendered":"https:\/\/fizyka.ujk.edu.pl\/nowa\/?page_id=263"},"modified":"2025-10-21T10:42:53","modified_gmt":"2025-10-21T08:42:53","slug":"projekty-unijne","status":"publish","type":"page","link":"https:\/\/fizyka.ujk.edu.pl\/index.php\/programy-edukacyjne\/projekty-unijne\/","title":{"rendered":"Projekty Unijne"},"content":{"rendered":"<p><a href=\"https:\/\/fizyka.ujk.edu.pl\/wp-content\/uploads\/2025\/10\/loga-fundusze-student-2048x372-1.jpg\"><img loading=\"lazy\" decoding=\"async\" src=\"https:\/\/fizyka.ujk.edu.pl\/wp-content\/uploads\/2025\/10\/loga-fundusze-student-2048x372-1.jpg\" alt=\"\" width=\"2048\" height=\"372\" class=\"aligncenter size-full wp-image-2162\" srcset=\"https:\/\/fizyka.ujk.edu.pl\/wp-content\/uploads\/2025\/10\/loga-fundusze-student-2048x372-1.jpg 2048w, https:\/\/fizyka.ujk.edu.pl\/wp-content\/uploads\/2025\/10\/loga-fundusze-student-2048x372-1-300x54.jpg 300w, https:\/\/fizyka.ujk.edu.pl\/wp-content\/uploads\/2025\/10\/loga-fundusze-student-2048x372-1-1024x186.jpg 1024w, https:\/\/fizyka.ujk.edu.pl\/wp-content\/uploads\/2025\/10\/loga-fundusze-student-2048x372-1-768x140.jpg 768w, https:\/\/fizyka.ujk.edu.pl\/wp-content\/uploads\/2025\/10\/loga-fundusze-student-2048x372-1-1536x279.jpg 1536w\" sizes=\"auto, (max-width: 2048px) 100vw, 2048px\" \/><\/a><\/p>\n<p><spacer><\/spacer><\/p>\n<h3>Projektu Dzi\u015b ucze\u0144 \u2013 jutro student <\/h3>\n<p style=\"text-align: justify;\">Celem <strong>Projektu Dzi\u015b ucze\u0144 \u2013 jutro student<\/strong> jest realizacja kompleksowego przedsi\u0119wzi\u0119cia edukacyjnego, kt\u00f3re powinno przyczyni\u0107 si\u0119 do zwi\u0119kszenia liczby uczni\u00f3w kontynuuj\u0105cych nauk\u0119 na kierunkach in\u017cynierskich i matematyczno-przyrodniczych w uczelniach wy\u017cszych regionu \u015bwi\u0119tokrzyskiego tj. Politechnice \u015awi\u0119tokrzyskiej (Lider projektu) i Uniwersytecie Jana Kochanowskiego w Kielcach (Partner, wsp\u00f3\u0142organizator dzia\u0142a\u0144 projektowych).<\/p>\n<p style=\"text-align: justify;\">Projekt wpisuje si\u0119 w Misj\u0119 i Strategi\u0119 Rozwoju Uczelni poprzez realizacj\u0119 dzia\u0142a\u0144 pozwalaj\u0105cych podnie\u015b\u0107 efektywno\u015b\u0107 i skuteczno\u015b\u0107 systemu kszta\u0142cenia na wszystkich etapach \u017cycia. Zak\u0142adanym efektem dzia\u0142a\u0144 b\u0119dzie pozostanie znacznej liczby uczni\u00f3w lice\u00f3w, technikum i szk\u00f3\u0142 bran\u017cowych 2-stopnia na kieleckich uczelniach, co wp\u0142ynie na dopasowanie umiej\u0119tno\u015bci i kwalifikacji przysz\u0142ych pracownik\u00f3w do potrzeb lokalnego rynku pracy.<\/p>\n<p style=\"text-align: justify;\">Dofinansowanie projektu w ramach programu Fundusze Europejskie dla \u015awi\u0119tokrzyskiego 2021-2027.<\/p>\n<p style=\"text-align: justify;\">Warto\u015b\u0107 projektu \u2013 61 282 046,11 z\u0142<br \/>\nDofinansowanie \u2013 55 153 841,50 z\u0142<br \/>\nWk\u0142ad w\u0142asny razem \u2013 6 128 204,61 z\u0142<br \/>\nKoszty P\u015ak og\u00f3\u0142em \u2013 34 335 373,57 z\u0142, w tym wk\u0142ad w\u0142asny og\u00f3\u0142em \u2013 3 433 537,36 z\u0142<\/p>\n<p style=\"text-align: justify;\">Koszty UJK og\u00f3\u0142em \u2013 13 334 556,12 z\u0142, w tym wk\u0142ad w\u0142asny og\u00f3\u0142em \u2013 1 333 455,61 z\u0142<\/p>\n<p style=\"text-align: justify;\"><strong>Termin realizacji projektu od 01.09.2023 r. do 30.06.2027 r.<\/strong><\/p>\n<p style=\"text-align: justify;\">W ramach czterech edycji:<\/p>\n<p style=\"text-align: justify;\">1 edycja od roku szkolnego 2023\/2024,<br \/>\n2 edycja \u2013 r. szk. 2024\/2025,<br \/>\n3 edycja \u2013 r. szk. 2025\/2026<br \/>\ndo 4 edycji w r. szk. 2026\/2027<\/p>\n<p style=\"text-align: justify;\">Projekt b\u0119dzie realizowany przez Politechnik\u0119 \u015awi\u0119tokrzysk\u0105 w Partnerstwie z Uniwersytetem Jana Kochanowskiego \u2013 wsp\u00f3\u0142organizatorem zada\u0144 oraz 11 Powiatami woj. \u015bwi\u0119tokrzyskiego: buskim, j\u0119drzejowskim, m. Kielce, kazimierskim, opatowskim, ostrowieckim, pi\u0144czowskim, sandomierskim, skar\u017cyskim, starachowickim i staszowskim (tylko powiat konecki, decyzj\u0105 W\u0142adz Powiatu nie do\u0142\u0105czy\u0142 do realizacji projektu).<\/p>\n<p><a href=\"https:\/\/wsp.ujk.edu.pl\/projekty\/dzis-uczen-jutro-student\/\" target=\"_blank\" rel=\"noopener noreferrer\" role=\"link\">Szczeg\u00f3\u0142owe informacje tutaj<\/a><\/p>\n<h3>Kreator kariery \u2013 zbuduj swoj\u0105 przysz\u0142o\u015b\u0107 zawodow\u0105 z UJK w Kielcach <\/h3>\n<p>Projekt \u201eKreator kariery \u2013 zbuduj swoj\u0105 przysz\u0142o\u015b\u0107 zawodow\u0105 z UJK w Kielcach\u201d realizowany przez Uniwersytet Jana Kochanowskiego w Kielcach w ramach programu Fundusze Europejskie dla Rozwoju Spo\u0142ecznego 2021-2027 (FERS) wsp\u00f3\u0142finansowany ze \u015brodk\u00f3w Europejskiego Funduszu Spo\u0142ecznego Plus (EFS+) na podstawie umowy o dofinansowanie projektu nr FERS.01.05-IP.08-0256\/23-00 zawartej z Narodowym Centrum Bada\u0144 i Rozwoju.<\/p>\n<p>Tytu\u0142 projektu: \u201eKreator kariery \u2013 zbuduj swoj\u0105 przysz\u0142o\u015b\u0107 zawodow\u0105 z UJK w Kielcach\u201d o numerze FERS.01.05-IP.08-0256\/23<\/p>\n<p>Celem projektu jest wsparcie rozwoju kierunk\u00f3w studi\u00f3w w ofercie Uniwersytetu Jana Kochanowskiego w Kielcach kszta\u0142c\u0105cych przysz\u0142e kadry na potrzeby rozwoju gospodarki oraz zielonej i cyfrowej transformacji w okresie od 01.01.2024r. do 30.11.2029 r.<\/p>\n<p>Projekt jest odpowiedzi\u0105 na potrzeby spo\u0142eczno\u015bci akademickiej Uniwersytetu, w zakresie kompleksowego ich wsparcia, dlatego zaplanowano w projekcie program wsparcia dla student\u00f3w i kadry prowadz\u0105cych dydaktyk\u0119 na kierunkach wspartych w projekcie. Dzia\u0142ania w projekcie maj\u0105 na celu dostosowanie oferty UJK do potrzeb rozwoju gospodarki oraz zielonej i cyfrowej transformacji.<\/p>\n<p><a href=\"https:\/\/ujk.edu.pl\/wspolpraca\/projekty\/projekty-ue\/perspektywa-finansowa-2021-2027\/kreator-kariery-zbuduj-swoja-przyszlosc-zawodowa-z-ujk-w-kielcach\/\" target=\"_blank\" rel=\"noopener noreferrer\" role=\"link\">Szczeg\u00f3\u0142owe informacje tutaj<\/a><\/p>\n","protected":false},"excerpt":{"rendered":"<p>Projektu Dzi\u015b ucze\u0144 \u2013 jutro student Celem Projektu Dzi\u015b ucze\u0144 \u2013 jutro student jest realizacja kompleksowego przedsi\u0119wzi\u0119cia edukacyjnego, kt\u00f3re powinno przyczyni\u0107 si\u0119 do zwi\u0119kszenia liczby uczni\u00f3w kontynuuj\u0105cych nauk\u0119 na kierunkach in\u017cynierskich i matematyczno-przyrodniczych w uczelniach wy\u017cszych regionu \u015bwi\u0119tokrzyskiego tj. Politechnice \u015awi\u0119tokrzyskiej (Lider projektu) i Uniwersytecie Jana Kochanowskiego w Kielcach (Partner, wsp\u00f3\u0142organizator dzia\u0142a\u0144 projektowych). Projekt wpisuje [&hellip;]<\/p>\n","protected":false},"author":1,"featured_media":0,"parent":88,"menu_order":0,"comment_status":"closed","ping_status":"closed","template":"","meta":{"footnotes":""},"class_list":["post-263","page","type-page","status-publish","hentry"],"_links":{"self":[{"href":"https:\/\/fizyka.ujk.edu.pl\/index.php\/wp-json\/wp\/v2\/pages\/263","targetHints":{"allow":["GET"]}}],"collection":[{"href":"https:\/\/fizyka.ujk.edu.pl\/index.php\/wp-json\/wp\/v2\/pages"}],"about":[{"href":"https:\/\/fizyka.ujk.edu.pl\/index.php\/wp-json\/wp\/v2\/types\/page"}],"author":[{"embeddable":true,"href":"https:\/\/fizyka.ujk.edu.pl\/index.php\/wp-json\/wp\/v2\/users\/1"}],"replies":[{"embeddable":true,"href":"https:\/\/fizyka.ujk.edu.pl\/index.php\/wp-json\/wp\/v2\/comments?post=263"}],"version-history":[{"count":13,"href":"https:\/\/fizyka.ujk.edu.pl\/index.php\/wp-json\/wp\/v2\/pages\/263\/revisions"}],"predecessor-version":[{"id":2172,"href":"https:\/\/fizyka.ujk.edu.pl\/index.php\/wp-json\/wp\/v2\/pages\/263\/revisions\/2172"}],"up":[{"embeddable":true,"href":"https:\/\/fizyka.ujk.edu.pl\/index.php\/wp-json\/wp\/v2\/pages\/88"}],"wp:attachment":[{"href":"https:\/\/fizyka.ujk.edu.pl\/index.php\/wp-json\/wp\/v2\/media?parent=263"}],"curies":[{"name":"wp","href":"https:\/\/api.w.org\/{rel}","templated":true}]}}