{"id":259,"date":"2021-09-21T15:07:03","date_gmt":"2021-09-21T13:07:03","guid":{"rendered":"https:\/\/fizyka.ujk.edu.pl\/nowa\/?page_id=259"},"modified":"2025-10-21T10:27:04","modified_gmt":"2025-10-21T08:27:04","slug":"program-erasmus","status":"publish","type":"page","link":"https:\/\/fizyka.ujk.edu.pl\/index.php\/programy-edukacyjne\/program-erasmus\/","title":{"rendered":"Program Erasmus+"},"content":{"rendered":"<h2>Program Erasmus+<\/h2>\n<p>Program Erasmus+ wszed\u0142 w \u017cycie 1 stycznia 2014 r. i zast\u0105pi\u0142 dotychczasowy program: LLP-Erasmus \u201eUczenie si\u0119 przez ca\u0142e \u017cycie\u201d. W ramach akcji 1 programu Erasmus+ studenci mog\u0105 wyje\u017cd\u017ca\u0107 na studia oraz na praktyki w przedsi\u0119biorstwach, organizacjach albo instytucjach dzia\u0142aj\u0105cych<br \/>\nw innych krajach uczestnicz\u0105cych w programie. Za granic\u0119 mo\u017cna wyjecha\u0107 w trakcie dowolnego cyklu studi\u00f3w (licencjackich, magisterskich lub doktoranckich),<br \/>\n\u0142\u0105cznie na nie d\u0142u\u017cej ni\u017c 12 miesi\u0119cy. Minimalny czas pobytu na studiach wynosi 3 miesi\u0105ce, a na praktyce \u2013 2 miesi\u0105ce. Studenci jednolitych studi\u00f3w magisterskich<br \/>\nlub r\u00f3wnowa\u017cnych (np. kierunk\u00f3w lekarskich) mog\u0105 uczy\u0107 si\u0119 za granic\u0105 nawet przez 24 miesi\u0105ce.<\/p>\n<h3>Erasmus+ KA 107 Wsp\u00f3\u0142praca z Krajami Partnerskimi<\/h3>\n<p>Akcja KA107 \u201eMobilno\u015b\u0107 edukacyjna\u201d w programie Erasmus+ polega na wymianie student\u00f3w i pracownik\u00f3w z kraj\u00f3w programu (UE) z uczelniami partnerskimi z innych region\u00f3w \u015bwiata. Do udzia\u0142u w projekcie zosta\u0142y zaproszone uczelnie wy\u017csze z Chin, Gruzji, Japonii, Rosji oraz Ukrainy. Przyznane dofinansowanie w wysoko\u015bci 122 120,00 EUR pozwala na realizacj\u0119 44 mobilno\u015bci: 26 przyjazd\u00f3w z uczelni partnerskich i 18 wyjazd\u00f3w z UJK.<\/p>\n<p>Mobilno\u015b\u0107 edukacyjna z krajami partnerskimi obejmuje:<\/p>\n<ul>\n<li>przyjazdy oraz wyjazdy student\u00f3w w celu zrealizowania jednego semestru studi\u00f3w w zagranicznej uczelni partnerskiej<\/li>\n<li>przyjazdy oraz wyjazdy nauczycieli akademickich w celu prowadzenia zaj\u0119\u0107 dydaktycznych dla student\u00f3w zagranicznej uczelni partnerskiej<\/li>\n<li>przyjazdy oraz wyjazdy pracownik\u00f3w uczelni w celach szkoleniowych.<\/li>\n<\/ul>\n<h3>Erasmus+ dla Studenta Instytutu Fizyki UJK<\/h3>\n<p>Wyjazdy student\u00f3w odbywaj\u0105 si\u0119 na podstawie zawartych przez Wydzia\u0142y um\u00f3w bilateralnych. Ka\u017cda umowa precyzuje zakres tematyczny, kt\u00f3rego dotyczy wymiana student\u00f3w, ilo\u015b\u0107 os\u00f3b wyje\u017cd\u017caj\u0105cych oraz d\u0142ugo\u015b\u0107 pobytu. Program jest finansowany przez Komisj\u0119 Europejsk\u0105 ze sk\u0142adek pa\u0144stw uczestnicz\u0105cych w programie.<\/p>\n<p>Szczeg\u00f3\u0142owe informacje o programie Erasmus+ i umowach bilateralnych mo\u017cna znale\u017a\u0107 na Uczelnianej stronie projektu: <a href=\"http:\/\/www.erasmus.ujk.edu.pl\/\" target=\"_blank\" rel=\"noopener\">http:\/\/www.erasmus.ujk.edu.pl\/<\/a><\/p>\n<p>&nbsp;<\/p>\n<h3>Kontakt<\/h3>\n<p>Jeste\u015b zainteresowany uczestnictwem w programie Erasmus+?<br \/>\nInformacje dotycz\u0105ce programu Erasmus+ mo\u017cna uzyska\u0107 kontaktuj\u0105c si\u0119 z :<\/p>\n<p><strong>dr \u0141ukaszem Jab\u0142o\u0144skim <\/strong> &#8211; koordynatorem ds. Erasmus+ na kierunku <strong>fizyka, fizyka techniczna i systemy diagnostyczne w medycynie<\/strong><br \/>\ne-mail: <a href=\"mailto:lukasz.jablonski@ujk.edu.pl\">lukasz.jablonski@ujk.edu.pl<\/a><\/p>\n<p><strong>mgr in\u017c. Dariuszem Pasiek\u0105<\/strong> &#8211; koordynatorem ds. Erasmus+ na kierunku <strong>informatyka i in\u017cynieria danych<\/strong>.<br \/>\ne-mail: <a href=\"mailto:dariusz.pasieka@ujk.edu.pl\">dariusz.pasieka@ujk.edu.pl<\/a><\/p>\n<p>Koordynatorem programu Erasmus+ na Wydziale Nauk \u015acis\u0142ych i Przyrodniczych jest:<br \/>\n<strong>dr hab. Sabina Do\u0142\u0119gowska, prof. UJK <\/strong><br \/>\ntel. +48 41 349-70-23<br \/>\ne-mail: <a href=\"mailto:sabina.dolegowska@ujk.edu.pl\">sabina.dolegowska<\/a><\/p>\n<hr class=\"rounded\" \/>\n<h3><a id=\"Courses-for-exchange-students\"><\/a>Courses for Exchange Students<\/h3>\n<p><a class=\"pdf\" title=\"Fundamentals%20of%20Electronics%20Laboratory\" href=\"https:\/\/fizyka.ujk.edu.pl\/files\/erasmus\/2023-2024\/fizyka\/Fundamentals_Of_Electronic_Laboratories.pdf\">Fundamentals of electrical engineering and electronics<\/a><br \/>\n<a class=\"pdf\" title=\"Introduction to the Standard Model of Particle Physics\" href=\"https:\/\/fizyka.ujk.edu.pl\/files\/erasmus\/2023-2024\/fizyka\/Introduction_To_The_Standard_Model_Of_Particle_Physics.pdf\">Introduction to the Standard Model of ParticlePhysics<\/a><br \/>\n<a class=\"pdf\" title=\"Application Software\" href=\"https:\/\/fizyka.ujk.edu.pl\/files\/erasmus\/2023-2024\/fizyka\/Application_Software.pdf\">Application Software<\/a><br \/>\n<a class=\"pdf\" title=\"Atomic Physics\" href=\"https:\/\/fizyka.ujk.edu.pl\/files\/erasmus\/2023-2024\/fizyka\/Atomic_Physics.pdf\">Atomic Physics<\/a><br \/>\n<a class=\"pdf\" title=\"Computer Methods\" href=\"https:\/\/fizyka.ujk.edu.pl\/files\/erasmus\/2023-2024\/fizyka\/Computer_Methods.pdf\">Computer Methods<\/a><br \/>\n<a class=\"pdf\" title=\"Fundamentals of Physics Laboratory\" href=\"https:\/\/fizyka.ujk.edu.pl\/files\/erasmus\/2023-2024\/fizyka\/Fundamentals_of_physics_laboratory(1).pdf\">Fundamentals of Physics Laboratory<\/a><br \/>\n<a class=\"pdf\" title=\"Introduction to General Relativity and Applications to Astrophysics and Cosmology\" href=\"https:\/\/fizyka.ujk.edu.pl\/files\/erasmus\/2023-2024\/fizyka\/Introduction_To_General_Relatiity_And_Application_To_Astrophysics_And_Cosmology.pdf\">Introduction to General Relativity and Applications to Astrophysics and Cosmology<\/a><br \/>\n<a class=\"pdf\" title=\"Methodology of Teaching in Higher Education\" href=\"https:\/\/fizyka.ujk.edu.pl\/files\/erasmus\/2023-2024\/fizyka\/Methodology_Of_Teachning_In_Higher_Education.pdf\">Methodology of Teaching in Higher Education<\/a><br \/>\n<a class=\"pdf\" title=\"Physical laboratory I\" href=\"https:\/\/fizyka.ujk.edu.pl\/files\/erasmus\/2023-2024\/fizyka\/Physical_Laboratory_I.pdf\">Physical laboratory I<\/a><br \/>\n<a class=\"pdf\" title=\"Physical laboratory II\" href=\"https:\/\/fizyka.ujk.edu.pl\/files\/erasmus\/2023-2024\/fizyka\/Physical_Laboratory_II.pdf\">Physical laboratory II<\/a><br \/>\n<a class=\"pdf\" title=\"Physical laboratory III\" href=\"https:\/\/fizyka.ujk.edu.pl\/files\/erasmus\/2023-2024\/fizyka\/Physical_Laboratory_III.pdf\">Physical laboratory III<\/a><br \/>\n<a class=\"pdf\" title=\"Quantum Mechanics\" href=\"https:\/\/fizyka.ujk.edu.pl\/files\/erasmus\/2023-2024\/fizyka\/Quantum_Mechanics.pdf\">Quantum Mechanics<\/a><br \/>\n<a class=\"pdf\" title=\"Relativistic quantum mechanics\" href=\"https:\/\/fizyka.ujk.edu.pl\/files\/erasmus\/2023-2024\/fizyka\/Relativistic_Quantum_Mechanics.pdf\">Relativistic quantum mechanics<\/a><br \/>\n<a class=\"pdf\" title=\"Statistical Data Analysis\" href=\"https:\/\/fizyka.ujk.edu.pl\/files\/erasmus\/2023-2024\/fizyka\/Statistical_Data_Analysis.pdf\">Statistical Data Analysis<\/a><br \/>\n<a class=\"pdf\" title=\"Statistical Physics\" href=\"https:\/\/fizyka.ujk.edu.pl\/files\/erasmus\/2023-2024\/fizyka\/Statistical_Methods.pdf\">Statistical Physics<\/a><br \/>\n<a class=\"pdf\" title=\"Statistical methods\" href=\"https:\/\/fizyka.ujk.edu.pl\/files\/erasmus\/2023-2024\/fizyka\/Statistical_Physics.pdf\">Statistical methods<\/a><\/p>\n<p><a id=\"courses-for-exchange-students-CS-DE\"><\/a>Computer Science \/ Data engineering<\/p>\n<p><a class=\"doc\" title=\"Data visualization techniques\" href=\"https:\/\/fizyka.ujk.edu.pl\/files\/erasmus\/2023-2024\/informatyka-inzynieria\/2023_Erasmus-Data visualization techniques.pdf\">Data visualization techniques<\/a><br \/>\n<a class=\"doc\" title=\"Digital Image Processing\" href=\"https:\/\/fizyka.ujk.edu.pl\/files\/erasmus\/2023-2024\/informatyka-inzynieria\/2023_Erasmus-DigitalImageProcessing.pdf\">Digital Image Processing<\/a><br \/>\n<a class=\"doc\" title=\"Diploma Seminar\" href=\"https:\/\/fizyka.ujk.edu.pl\/files\/erasmus\/2023-2024\/informatyka-inzynieria\/2023_Erasmus-Diploma Seminar.pdf\">Diploma Seminar<\/a><br \/>\n<a class=\"doc\" title=\"Diploma laboratory\" href=\"https:\/\/fizyka.ujk.edu.pl\/files\/erasmus\/2023-2024\/informatyka-inzynieria\/2023_Erasmus-Dissertation Workshop.pdf\">Dissertation Workshop<\/a><br \/>\n<a class=\"doc\" title=\"Embedded Systems\" href=\"https:\/\/fizyka.ujk.edu.pl\/files\/erasmus\/2023-2024\/informatyka-inzynieria\/2023_Erasmus-EmbeddedSystems.pdf\">Embedded Systems<\/a><br \/>\n<a class=\"doc\" title=\"Embedded Systems\" href=\"https:\/\/fizyka.ujk.edu.pl\/files\/erasmus\/2023-2024\/informatyka-inzynieria\/2023_Erasmus-Fundamentals of electrical engineering and electronics.pdf\">Fundamentals of electrical engineering and electronics.pdf<\/a><br \/>\n<a class=\"doc\" title=\"Internet Applications\" href=\"https:\/\/fizyka.ujk.edu.pl\/files\/erasmus\/2023-2024\/informatyka-inzynieria\/2023_Erasmus-Internet Applications.pdf\">Internet Applications<\/a><br \/>\n<a class=\"doc\" title=\"NET Technologies\" href=\"https:\/\/fizyka.ujk.edu.pl\/files\/erasmus\/2023-2024\/informatyka-inzynieria\/2023_Erasmus-JavaProgramming.pdf\">Java Programming<\/a><br \/>\n<a class=\"doc\" title=\"NET Technologies\" href=\"https:\/\/fizyka.ujk.edu.pl\/files\/erasmus\/2023-2024\/informatyka-inzynieria\/2023_Erasmus-.NET Technologies.pdf\">NET Technologies<\/a><br \/>\n<a class=\"doc\" title=\"Object Orientet Programing\" href=\"https:\/\/fizyka.ujk.edu.pl\/files\/erasmus\/2023-2024\/informatyka-inzynieria\/2023_Erasmus-ObjectOrientedProgramming.pdf\">Object Oriented Programing<\/a><br \/>\n<a class=\"doc\" title=\"Physics laboratory\" href=\"https:\/\/fizyka.ujk.edu.pl\/files\/erasmus\/2023-2024\/informatyka-inzynieria\/2023_Erasmus-Physics Laboratory.pdf\">Physical laboratory<\/a><br \/>\n<a class=\"doc\" title=\"Programmers Environment\" href=\"https:\/\/fizyka.ujk.edu.pl\/files\/erasmus\/2023-2024\/informatyka-inzynieria\/2023_Erasmus-ProgrammersEnvironment.pdf\">Programmers Environment<\/a><br \/>\n<a class=\"doc\" title=\"Team project\" href=\"https:\/\/fizyka.ujk.edu.pl\/files\/erasmus\/2023-2024\/informatyka-inzynieria\/2023_Erasmus-TeamProject.pdf\">Team project<\/a><\/p>\n","protected":false},"excerpt":{"rendered":"<p>Program Erasmus+ Program Erasmus+ wszed\u0142 w \u017cycie 1 stycznia 2014 r. i zast\u0105pi\u0142 dotychczasowy program: LLP-Erasmus \u201eUczenie si\u0119 przez ca\u0142e \u017cycie\u201d. W ramach akcji 1 programu Erasmus+ studenci mog\u0105 wyje\u017cd\u017ca\u0107 na studia oraz na praktyki w przedsi\u0119biorstwach, organizacjach albo instytucjach dzia\u0142aj\u0105cych w innych krajach uczestnicz\u0105cych w programie. Za granic\u0119 mo\u017cna wyjecha\u0107 w trakcie dowolnego cyklu [&hellip;]<\/p>\n","protected":false},"author":1,"featured_media":0,"parent":88,"menu_order":0,"comment_status":"closed","ping_status":"closed","template":"","meta":{"footnotes":""},"class_list":["post-259","page","type-page","status-publish","hentry"],"_links":{"self":[{"href":"https:\/\/fizyka.ujk.edu.pl\/index.php\/wp-json\/wp\/v2\/pages\/259","targetHints":{"allow":["GET"]}}],"collection":[{"href":"https:\/\/fizyka.ujk.edu.pl\/index.php\/wp-json\/wp\/v2\/pages"}],"about":[{"href":"https:\/\/fizyka.ujk.edu.pl\/index.php\/wp-json\/wp\/v2\/types\/page"}],"author":[{"embeddable":true,"href":"https:\/\/fizyka.ujk.edu.pl\/index.php\/wp-json\/wp\/v2\/users\/1"}],"replies":[{"embeddable":true,"href":"https:\/\/fizyka.ujk.edu.pl\/index.php\/wp-json\/wp\/v2\/comments?post=259"}],"version-history":[{"count":45,"href":"https:\/\/fizyka.ujk.edu.pl\/index.php\/wp-json\/wp\/v2\/pages\/259\/revisions"}],"predecessor-version":[{"id":2161,"href":"https:\/\/fizyka.ujk.edu.pl\/index.php\/wp-json\/wp\/v2\/pages\/259\/revisions\/2161"}],"up":[{"embeddable":true,"href":"https:\/\/fizyka.ujk.edu.pl\/index.php\/wp-json\/wp\/v2\/pages\/88"}],"wp:attachment":[{"href":"https:\/\/fizyka.ujk.edu.pl\/index.php\/wp-json\/wp\/v2\/media?parent=259"}],"curies":[{"name":"wp","href":"https:\/\/api.w.org\/{rel}","templated":true}]}}