{"id":257,"date":"2021-09-21T15:06:34","date_gmt":"2021-09-21T13:06:34","guid":{"rendered":"https:\/\/fizyka.ujk.edu.pl\/nowa\/?page_id=257"},"modified":"2025-10-21T10:18:54","modified_gmt":"2025-10-21T08:18:54","slug":"ects","status":"publish","type":"page","link":"https:\/\/fizyka.ujk.edu.pl\/index.php\/programy-edukacyjne\/ects\/","title":{"rendered":"ECTS"},"content":{"rendered":"<h2>Europejski System Transferu Osi\u0105gnie\u0107 (ECTS)<\/h2>\n<p style=\"text-align: justify;\"><strong>Europejski System Transferu Punkt\u00f3w<\/strong> to system<br \/>\nu\u0142atwiaj\u0105cy zaliczanie okresu studi\u00f3w odbytych przez studenta w uczelni partnerskiej<br \/>\n(w tym uczelni zagranicznej) przez jego uczelni\u0119 macierzyst\u0105.<br \/>\nSystem ECTS zosta\u0142 opracowany w drugiej po\u0142owie lat 80-tych w ramach \u00f3wczesnego<br \/>\nprogramu ERASMUS.<br \/>\nECTS stanowi kodeks sprawdzonych rozwi\u0105za\u0144 dotycz\u0105cych uznawania (okresu) studi\u00f3w.<br \/>\nOznacza to, \u017ce okres studi\u00f3w odbyty w uczelni partnerskiej (w tym egzaminy<br \/>\nlub inne formy oceny) zast\u0119puje por\u00f3wnywalny okres studi\u00f3w w uczelni macierzystej,<br \/>\nniezale\u017cnie od tego, \u017ce tre\u015b\u0107 uzgodnionego programu studi\u00f3w w uczelni partnerskiej<br \/>\nmo\u017ce si\u0119 r\u00f3\u017cni\u0107 od programu w uczelni macierzystej. Podstaw\u0105 systemu ECTS jest<br \/>\nprzejrzysto\u015b\u0107 programu studi\u00f3w i zasad zaliczania zaj\u0119\u0107. ECTS u\u0142atwia instytucjom<br \/>\nuznawanie osi\u0105gni\u0119\u0107 student\u00f3w w nauce, przez stosowanie punkt\u00f3w ECTS oraz wsp\u00f3lnej<br \/>\nskali ocen.<br \/>\n<!-- Przewodnik dla u\u017cytkownik\u00f3w ECTS (we wszystkich j\u0119zykach UE), instrukcje dotycz\u0105ce\nprzedstawiania w sieci Web pakiet\u00f3w informacyjnych ECTS oraz og\u00f3lne informacje o ECTS\ns\u0105 dost\u0119pne na stronie\n<a href=\"http:\/\/ec.europa.eu\/education\/resources\/european-credit-transfer-accumulation-system_pl\" target=\"_blank\" rel=\"noopener\">Komisji Europejskiej<\/a>,\nw tym adres strony z tekstem <a href=\"https:\/\/ec.europa.eu\/education\/sites\/education\/files\/ects-users-guide_pl.pdf\" target=\"_blank\" rel=\"noopener\">przewodnika ECTS (po polsku) <\/a>. --><br \/>\n<strong>Punkty ECTS<\/strong> stanowi\u0105 warto\u015b\u0107 liczbow\u0105 przyporz\u0105dkowan\u0105 poszczeg\u00f3lnym przedmiotom, odpowiadaj\u0105c\u0105 <strong>nak\u0142adowi pracy<\/strong>, jak\u0105 winien wykona\u0107 student, aby otrzyma\u0107 zaliczenie z danego przedmiotu. Liczba punkt\u00f3w, kt\u00f3r\u0105 uzyskuje student po zaliczeniu danego przedmiotu opisuje <strong>wzgl\u0119dny nak\u0142ad pracy<\/strong> koniecznej do zaliczenia tego przedmiotu w odniesieniu do <strong>ca\u0142kowitego nak\u0142adu pracy<\/strong>, wymaganego do zaliczenia pe\u0142nego roku akademickiego studi\u00f3w na danym kierunku. Punkty ECTS przypisane ka\u017cdemu z przedmiot\u00f3w ko\u0144cz\u0105cych si\u0119 zaliczeniem z ocen\u0105 odzwierciedlaj\u0105 wzgl\u0119dne obci\u0105\u017cenie studenta zwi\u0105zanego z udzia\u0142em w r\u00f3\u017cnych formach zaj\u0119\u0107 zwi\u0105zanych z realizacj\u0105 danego przedmiotu. Obejmuj\u0105 one zar\u00f3wno zaj\u0119cia grupowe: wyk\u0142ady, \u0107wiczenia, konwersatoria, seminaria, prace terenowe itp., jak i prac\u0119 indywidualn\u0105 oraz egzaminy i inne formy oceny. Punkty ECTS przypisuje si\u0119 r\u00f3wnie\u017c praktykom i przedmiotom obieralnym, stanowi\u0105cym integraln\u0105 cze\u015b\u0107 programu studi\u00f3w, o ile ko\u0144cz\u0105 si\u0119 ocen\u0105. W systemie ECTS ilo\u015bci pracy wymaganej do zaliczenia <strong>ca\u0142ego roku akademickiego<\/strong> odpowiada <strong>60 punkt\u00f3w<\/strong>, na semestr przypada zwykle <strong>30 punkt\u00f3w<\/strong>. O liczbie punkt\u00f3w przypisywanej poszczeg\u00f3lnym przedmiotom decyduje instytucja uczestnicz\u0105ca w systemie ECTS.<\/p>\n<p style=\"text-align: justify;\"><!--\nPakiet informacyjny i katalog przedmiot\u00f3w dla kierunku fizyka:\n<a href=\"files\/ects\/ECTS_fizyka.pdf\" target=\"_blank\" rel=\"noopener\">Wersja polska<\/a>,  <a href=\"files\/ects\/ECTS_physics.pdf\" target=\"_blank\" rel=\"noopener\">English version<\/a>\n--><\/p>\n<p><!-- Wiele informacji znajdziesz rownie\u017c na stronie <a href=\"http:\/\/www.ujk.edu.pl\/site.php?id=871\" target=\"_blank\" rel=\"noopener\">ECTS<\/a> UJK --><\/p>\n<p>Szeg\u00f3\u0142owe informacje dotycz\u0105ce ECTS mo\u017cna uzyska\u0107 kontaktuj\u0105c si\u0119 z :<br \/>\n<strong>dr \u0141ukaszem Jab\u0142o\u0144skim <\/strong> &#8211; koordynatorem ds. ECTS na kierunku <strong>fizyka<\/strong>,\u00a0<strong>fizyka techniczna<\/strong> e-mail: <a href=\"mailto:l.jablonski@ujk.edu.pl\">l.jablonski@ujk.edu.pl<\/a><br \/>\n<strong>mgr in\u017c. Dariusz Pasieka<\/strong> &#8211; koordynatorem ds. ECTS na kierunku <strong>informatyka<\/strong>, <strong>in\u017cynieria danych<\/strong>, e-mail: <a href=\"mailto:dariusz.pasieka@ujk.edu.pl\">dariusz.pasieka@ujk.edu.pl<br \/>\n<\/a><\/p>\n","protected":false},"excerpt":{"rendered":"<p>Europejski System Transferu Osi\u0105gnie\u0107 (ECTS) Europejski System Transferu Punkt\u00f3w to system u\u0142atwiaj\u0105cy zaliczanie okresu studi\u00f3w odbytych przez studenta w uczelni partnerskiej (w tym uczelni zagranicznej) przez jego uczelni\u0119 macierzyst\u0105. System ECTS zosta\u0142 opracowany w drugiej po\u0142owie lat 80-tych w ramach \u00f3wczesnego programu ERASMUS. ECTS stanowi kodeks sprawdzonych rozwi\u0105za\u0144 dotycz\u0105cych uznawania (okresu) studi\u00f3w. Oznacza to, \u017ce [&hellip;]<\/p>\n","protected":false},"author":1,"featured_media":0,"parent":88,"menu_order":0,"comment_status":"closed","ping_status":"closed","template":"","meta":{"footnotes":""},"class_list":["post-257","page","type-page","status-publish","hentry"],"_links":{"self":[{"href":"https:\/\/fizyka.ujk.edu.pl\/index.php\/wp-json\/wp\/v2\/pages\/257","targetHints":{"allow":["GET"]}}],"collection":[{"href":"https:\/\/fizyka.ujk.edu.pl\/index.php\/wp-json\/wp\/v2\/pages"}],"about":[{"href":"https:\/\/fizyka.ujk.edu.pl\/index.php\/wp-json\/wp\/v2\/types\/page"}],"author":[{"embeddable":true,"href":"https:\/\/fizyka.ujk.edu.pl\/index.php\/wp-json\/wp\/v2\/users\/1"}],"replies":[{"embeddable":true,"href":"https:\/\/fizyka.ujk.edu.pl\/index.php\/wp-json\/wp\/v2\/comments?post=257"}],"version-history":[{"count":4,"href":"https:\/\/fizyka.ujk.edu.pl\/index.php\/wp-json\/wp\/v2\/pages\/257\/revisions"}],"predecessor-version":[{"id":2157,"href":"https:\/\/fizyka.ujk.edu.pl\/index.php\/wp-json\/wp\/v2\/pages\/257\/revisions\/2157"}],"up":[{"embeddable":true,"href":"https:\/\/fizyka.ujk.edu.pl\/index.php\/wp-json\/wp\/v2\/pages\/88"}],"wp:attachment":[{"href":"https:\/\/fizyka.ujk.edu.pl\/index.php\/wp-json\/wp\/v2\/media?parent=257"}],"curies":[{"name":"wp","href":"https:\/\/api.w.org\/{rel}","templated":true}]}}