{"id":235,"date":"2021-09-21T15:00:56","date_gmt":"2021-09-21T13:00:56","guid":{"rendered":"https:\/\/fizyka.ujk.edu.pl\/nowa\/?page_id=235"},"modified":"2025-11-03T10:19:54","modified_gmt":"2025-11-03T09:19:54","slug":"biuro-karier","status":"publish","type":"page","link":"https:\/\/fizyka.ujk.edu.pl\/index.php\/studenci\/biuro-karier\/","title":{"rendered":"Biuro karier"},"content":{"rendered":"<h2>Biuro Karier<\/h2>\n<p>&nbsp;<\/p>\n<p>Akademickie Biuro Karier jest jednostk\u0105 w\u0142a\u015bciw\u0105 do spraw organizacji zada\u0144 zwi\u0105zanych ze wsparciem i przygotowaniem student\u00f3w do aktywno\u015bci na rynku pracy, monitorowaniem karier absolwent\u00f3w oraz wsp\u00f3\u0142prac\u0105 z pracodawcami.<\/p>\n<p><span style=\"font-size: 14pt;\"><strong><span style=\"color: #003366;\">Do zada\u0144 Akademickiego Biura Karier nale\u017cy w szczeg\u00f3lno\u015bci:<\/span><\/strong><\/span><\/p>\n<ul>\n<li>realizowanie indywidualnego i grupowego doradztwa zawodowego w zakresie<br \/>\nplanowania kariery, wyboru \u015bcie\u017cki zawodowej oraz podnoszenia kwalifikacji;<\/li>\n<li>organizowanie i prowadzenie szkole\u0144\/warsztat\u00f3w z zakresu rynku pracy<br \/>\noraz rozwoju kompetencji mi\u0119kkich;<\/li>\n<li>dostarczanie informacji o rynku pracy i mo\u017cliwo\u015bciach podnoszenia kwalifikacji<br \/>\nzawodowych;<\/li>\n<li>zbieranie, klasyfikowanie i udost\u0119pnianie ofert pracy, praktyk oraz sta\u017cy;<\/li>\n<li>utrzymywanie kontaktu z pracodawcami i realizowanie wsp\u00f3lnych inicjatyw na rzecz<br \/>\nzwi\u0119kszania zatrudnialno\u015bci oraz rozwoju kompetencji student\u00f3w\/absolwent\u00f3w;<\/li>\n<li>wspieranie pracodawc\u00f3w w pozyskiwaniu kandydat\u00f3w na wolne miejsca pracy,<br \/>\npraktyk oraz sta\u017cy;<\/li>\n<li>prowadzenie bazy danych student\u00f3w\/absolwent\u00f3w zainteresowanych znalezieniem<br \/>\npracy, praktyk oraz sta\u017cy;<\/li>\n<li>organizowanie Akademickich Targ\u00f3w Pracy s\u0142u\u017c\u0105cych prezentacji ofert pracy,<br \/>\npraktyk, sta\u017cy i nawi\u0105zywaniu kontakt\u00f3w mi\u0119dzy studentami\/absolwentami<br \/>\na pracodawcami;<\/li>\n<li>wsp\u00f3\u0142dzia\u0142anie z instytucjami rynku pracy oraz biurami karier w zakresie wymiany<br \/>\ninformacji i realizacji wsp\u00f3lnych inicjatyw;<\/li>\n<li>wykonywanie zada\u0144 zwi\u0105zanych z procesem monitorowania karier zawodowych<br \/>\nabsolwent\u00f3w;<\/li>\n<li>administrowanie stron\u0105 internetow\u0105 Akademickiego Biura Karier oraz prowadzenie<br \/>\nkonta w mediach spo\u0142eczno\u015bciowych.<\/li>\n<\/ul>\n<p>Szczeg\u00f3\u0142owe informacje oraz ofery pracy mo\u017cna znale\u017a\u0107 na stronie <a href=\"http:\/\/www.abk.ujk.edu.pl\/\" target=\"_blank\" rel=\"noopener\">Akademickiego Biura Karier UJK <\/a><\/p>\n","protected":false},"excerpt":{"rendered":"<p>Biuro Karier &nbsp; Akademickie Biuro Karier jest jednostk\u0105 w\u0142a\u015bciw\u0105 do spraw organizacji zada\u0144 zwi\u0105zanych ze wsparciem i przygotowaniem student\u00f3w do aktywno\u015bci na rynku pracy, monitorowaniem karier absolwent\u00f3w oraz wsp\u00f3\u0142prac\u0105 z pracodawcami. Do zada\u0144 Akademickiego Biura Karier nale\u017cy w szczeg\u00f3lno\u015bci: realizowanie indywidualnego i grupowego doradztwa zawodowego w zakresie planowania kariery, wyboru \u015bcie\u017cki zawodowej oraz podnoszenia kwalifikacji; [&hellip;]<\/p>\n","protected":false},"author":1,"featured_media":0,"parent":101,"menu_order":0,"comment_status":"closed","ping_status":"closed","template":"","meta":{"footnotes":""},"class_list":["post-235","page","type-page","status-publish","hentry"],"_links":{"self":[{"href":"https:\/\/fizyka.ujk.edu.pl\/index.php\/wp-json\/wp\/v2\/pages\/235","targetHints":{"allow":["GET"]}}],"collection":[{"href":"https:\/\/fizyka.ujk.edu.pl\/index.php\/wp-json\/wp\/v2\/pages"}],"about":[{"href":"https:\/\/fizyka.ujk.edu.pl\/index.php\/wp-json\/wp\/v2\/types\/page"}],"author":[{"embeddable":true,"href":"https:\/\/fizyka.ujk.edu.pl\/index.php\/wp-json\/wp\/v2\/users\/1"}],"replies":[{"embeddable":true,"href":"https:\/\/fizyka.ujk.edu.pl\/index.php\/wp-json\/wp\/v2\/comments?post=235"}],"version-history":[{"count":2,"href":"https:\/\/fizyka.ujk.edu.pl\/index.php\/wp-json\/wp\/v2\/pages\/235\/revisions"}],"predecessor-version":[{"id":2215,"href":"https:\/\/fizyka.ujk.edu.pl\/index.php\/wp-json\/wp\/v2\/pages\/235\/revisions\/2215"}],"up":[{"embeddable":true,"href":"https:\/\/fizyka.ujk.edu.pl\/index.php\/wp-json\/wp\/v2\/pages\/101"}],"wp:attachment":[{"href":"https:\/\/fizyka.ujk.edu.pl\/index.php\/wp-json\/wp\/v2\/media?parent=235"}],"curies":[{"name":"wp","href":"https:\/\/api.w.org\/{rel}","templated":true}]}}