{"id":233,"date":"2021-09-21T15:00:28","date_gmt":"2021-09-21T13:00:28","guid":{"rendered":"https:\/\/fizyka.ujk.edu.pl\/nowa\/?page_id=233"},"modified":"2025-11-03T10:24:41","modified_gmt":"2025-11-03T09:24:41","slug":"kola-naukowe","status":"publish","type":"page","link":"https:\/\/fizyka.ujk.edu.pl\/index.php\/studenci\/kola-naukowe\/","title":{"rendered":"Ko\u0142a naukowe"},"content":{"rendered":"<h2>Ko\u0142a naukowe<\/h2>\n<p>W Instytucie Fizyki dzia\u0142aj\u0105 obecnie trzy ko\u0142a naukowe:<\/p>\n<h3>Studenckie Ko\u0142o Naukowe <strong>Basement<\/strong><\/h3>\n<p>Ko\u0142o studenckie skupia student\u00f3w kierunk\u00f3w Informatyka oraz In\u017cynieria Danych, tworz\u0105c przestrze\u0144 dla os\u00f3b zainteresowanych rozwijaniem swoich umiej\u0119tno\u015bci technicznych i naukowych. Celem dzia\u0142alno\u015bci Ko\u0142a jest realizacja wsp\u00f3lnych projekt\u00f3w, takich jak tworzenie aplikacji wspomagaj\u0105cych nauk\u0119, aplikacji webowych oraz rozwi\u0105za\u0144 typu Open Source.<\/p>\n<p>Ko\u0142o wspiera wymian\u0119 wiedzy i do\u015bwiadcze\u0144 mi\u0119dzy cz\u0142onkami, organizuj\u0105c warsztaty, spotkania i dyskusje. Dodatkowo, cz\u0142onkowie maj\u0105 mo\u017cliwo\u015b\u0107 poszerzania swoich kompetencji poprzez udzia\u0142 w konferencjach, konkursach i hackathonach, a wyniki ich pracy s\u0105 publikowane w formie plakat\u00f3w, artyku\u0142\u00f3w oraz materia\u0142\u00f3w edukacyjnych.<\/p>\n<p>Dzia\u0142alno\u015b\u0107 SKN Basement to nie tylko rozwijanie projekt\u00f3w technologicznych, ale tak\u017ce budowanie spo\u0142eczno\u015bci, kt\u00f3ra inspiruje i wspiera si\u0119 nawzajem w rozwoju. Wszystkich student\u00f3w zainteresowanych do\u0142\u0105czeniem do naszego Ko\u0142a zapraszamy do kontaktu i wsp\u00f3\u0142pracy.<\/p>\n<p><strong>Opiekun Ko\u0142a:<\/strong><\/p>\n<p>mgr Dariusz Pasieka<br \/>\nInstytut Fizyki, UJK<br \/>\nul. Uniwersytecka 7, 25-406 Kielce<br \/>\ndariusz.pasieka@ujk.edu.pl<\/p>\n<h3>Studenckie Ko\u0142o Naukowe <strong>Neutrino<\/strong><\/h3>\n<p align=\"justify\">Studenckie Ko\u0142o Naukowe Neutrino skupia student\u00f3w kierunk\u00f3w Fizyka techniczna, Fizyka, Systemy diagnostyczne w medycynie oraz doktorant\u00f3w w dyscyplinie nauki fizyczne. Celem dzia\u0142alno\u015bci Ko\u0142a jest wdra\u017canie student\u00f3w w dzia\u0142alno\u015b\u0107 naukow\u0105 prowadzon\u0105 w Instytucie Fizyki UJK. Studenci bior\u0105 udzia\u0142 w badaniach naukowych, s\u0105 cz\u0142onkami projekt\u00f3w badawczych, a wyniki bada\u0144 maj\u0105 mo\u017cliwo\u015b\u0107 zaprezentowania na sesjach K\u00f3\u0142 Naukowych oraz podczas konferencji o zasi\u0119gu krajowym i mi\u0119dzynarodowym. Efektem prac student\u00f3w jest ich wsp\u00f3\u0142autorstwo w publikacjach naukowych.<\/p>\n<p align=\"justify\">Celem dzia\u0142alno\u015bci Ko\u0142a jest tak\u017ce popularyzacja wiedzy przyrodniczej w\u015br\u00f3d uczni\u00f3w szk\u00f3\u0142 podstawowych i \u015brednich. Organizowane zaj\u0119cia, w formie wyk\u0142ad\u00f3w uzupe\u0142nianych pokazami i do\u015bwiadczeniami, czy te\u017c prezentacje laboratori\u00f3w badawczych Instytutu Fizyki, maj\u0105 po cz\u0119\u015bci charakter interdyscyplinarny, ukazuj\u0105c zwi\u0105zki fizyki z innymi dyscyplinami naukowymi, takimi jak medycyna, biologia, ochrona \u015brodowiska, chemia i informatyka. Zaj\u0119cia skierowane s\u0105 dla uczni\u00f3w interesuj\u0105cych si\u0119 nie tylko fizyk\u0105, ale r\u00f3wnie\u017c innymi naukami przyrodniczymi.<\/p>\n<p align=\"justify\">Wszystkich student\u00f3w zainteresowanych dzia\u0142alno\u015bci\u0105 Studenckiego Ko\u0142a Naukowego Neutrino prosimy o kontakt.<\/p>\n<p><strong>Opiekun Ko\u0142a:<\/strong><\/p>\n<p>dr hab. prof. UJK Aldona Kubala-Kuku\u015b<br \/>\nInstytut Fizyki, UJK<br \/>\nul. Uniwersytecka 7, 25-406 Kielce<br \/>\n<a href=\"mailto:aldona.kubala-kukus@ujk.edu.pl\">aldona.kubala-kukus@ujk.edu.pl<\/a><br \/>\ntel. (041) 349-64-63<\/p>\n<p>&nbsp;<\/p>\n<h3>Studenckie Ko\u0142o Naukowe Astronom\u00f3w <b>Kwazar<\/b><\/h3>\n<p>e-mail: <a href=\"mailto:kwazar@ujk.edu.pl\">kwazar@ujk.edu.pl<\/a><\/p>\n<p style=\"text-align: justify;\">Ko\u0142o skupia student\u00f3w szczeg\u00f3lnie zainteresowanych astronomi\u0105, co w przypadku naszego Instytutu posiadaj\u0105cego<br \/>\ndobrze wyposa\u017cone Obserwatorium astronomiczne nie ogranicza si\u0119 tylko do bada\u0144 teoretycznych<br \/>\nale daje mo\u017cliwo\u015b\u0107 uczestniczenia i dokumentowania ciekawych zjawisk astronomicznych.<br \/>\nWyniki swojej pracy prezentuj\u0105 na studenckich konferencjach naukowych. W swojej pracy studenci nie zapominaj\u0105<br \/>\no dzia\u0142alno\u015bci popularyzuj\u0105cej astronomi\u0119 w\u015br\u00f3d mieszka\u0144c\u00f3w Ziemi \u015awi\u0119tokrzyskiej.<br \/>\nOd kilku lat cz\u0142onkowie Ko\u0142a organizuj\u0105 obserwacje astronomiczne ciekawych zjawisk na niebie.<br \/>\nZ pracownikami Zak\u0142adu Astrofizyki UJK prowadz\u0105 otwarte obserwacje Marsa w wielkiej opozycji, przej\u015bcia Merkurego i Wenus<br \/>\nprzed tarcz\u0105 S\u0142o\u0144ca, cz\u0119\u015bciowego za\u0107mienia S\u0142o\u0144ca i Ksi\u0119\u017cyca oraz roju meteoryt\u00f3w. Ponadto organizuj\u0105 wyjazdy obserwacyjne<br \/>\ndo szk\u00f3\u0142 regionu, oraz konkursy dla m\u0142odzie\u017cy.<br \/>\nCz\u0142onkowie Ko\u0142a aktywnie w\u0142\u0105czaj\u0105 si\u0119 w dzia\u0142alno\u015b\u0107 promuj\u0105c\u0105 Uczelni\u0119. S\u0105 wsp\u00f3\u0142organizatorami<br \/>\nFizykali\u00f3w, bior\u0105 udzia\u0142 w Kieleckim Festiwalu Nauki<br \/>\noraz pomagaj\u0105 w przeprowadzeniu Wojew\u00f3dzkiego Konkursu na Referat z Astronomii i Astronautyki dla uczni\u00f3w szk\u00f3\u0142 \u015brednich<br \/>\norganizowanego przez Zak\u0142ad Astrofizyki UJK i Kieleckie Kuratorium O\u015bwiaty.<\/p>\n<p><strong>Opiekun Ko\u0142a:<\/strong><\/p>\n<p>dr Janusz Krywult<br \/>\nInstytut Fizyki, UJK<br \/>\nul. Uniwersytecka 7, 25-406 Kielce<br \/>\n<a href=\"mailto:j.krywult@ujk.edu.pl\">j.krywult@ujk.edu.pl<\/a><br \/>\ntel. (041) 349 64 85<\/p>\n","protected":false},"excerpt":{"rendered":"<p>Ko\u0142a naukowe W Instytucie Fizyki dzia\u0142aj\u0105 obecnie trzy ko\u0142a naukowe: Studenckie Ko\u0142o Naukowe Basement Ko\u0142o studenckie skupia student\u00f3w kierunk\u00f3w Informatyka oraz In\u017cynieria Danych, tworz\u0105c przestrze\u0144 dla os\u00f3b zainteresowanych rozwijaniem swoich umiej\u0119tno\u015bci technicznych i naukowych. Celem dzia\u0142alno\u015bci Ko\u0142a jest realizacja wsp\u00f3lnych projekt\u00f3w, takich jak tworzenie aplikacji wspomagaj\u0105cych nauk\u0119, aplikacji webowych oraz rozwi\u0105za\u0144 typu Open Source. Ko\u0142o [&hellip;]<\/p>\n","protected":false},"author":1,"featured_media":0,"parent":101,"menu_order":0,"comment_status":"closed","ping_status":"closed","template":"","meta":{"footnotes":""},"class_list":["post-233","page","type-page","status-publish","hentry"],"_links":{"self":[{"href":"https:\/\/fizyka.ujk.edu.pl\/index.php\/wp-json\/wp\/v2\/pages\/233","targetHints":{"allow":["GET"]}}],"collection":[{"href":"https:\/\/fizyka.ujk.edu.pl\/index.php\/wp-json\/wp\/v2\/pages"}],"about":[{"href":"https:\/\/fizyka.ujk.edu.pl\/index.php\/wp-json\/wp\/v2\/types\/page"}],"author":[{"embeddable":true,"href":"https:\/\/fizyka.ujk.edu.pl\/index.php\/wp-json\/wp\/v2\/users\/1"}],"replies":[{"embeddable":true,"href":"https:\/\/fizyka.ujk.edu.pl\/index.php\/wp-json\/wp\/v2\/comments?post=233"}],"version-history":[{"count":14,"href":"https:\/\/fizyka.ujk.edu.pl\/index.php\/wp-json\/wp\/v2\/pages\/233\/revisions"}],"predecessor-version":[{"id":2216,"href":"https:\/\/fizyka.ujk.edu.pl\/index.php\/wp-json\/wp\/v2\/pages\/233\/revisions\/2216"}],"up":[{"embeddable":true,"href":"https:\/\/fizyka.ujk.edu.pl\/index.php\/wp-json\/wp\/v2\/pages\/101"}],"wp:attachment":[{"href":"https:\/\/fizyka.ujk.edu.pl\/index.php\/wp-json\/wp\/v2\/media?parent=233"}],"curies":[{"name":"wp","href":"https:\/\/api.w.org\/{rel}","templated":true}]}}