{"id":2329,"date":"2026-01-07T09:37:44","date_gmt":"2026-01-07T08:37:44","guid":{"rendered":"https:\/\/fizyka.ujk.edu.pl\/?page_id=2329"},"modified":"2026-01-08T09:37:05","modified_gmt":"2026-01-08T08:37:05","slug":"zglaszanie-uwag-do-strony","status":"publish","type":"page","link":"https:\/\/fizyka.ujk.edu.pl\/index.php\/zglaszanie-uwag-do-strony\/","title":{"rendered":"Zg\u0142aszanie uwag do strony"},"content":{"rendered":"<h3>Informacje og\u00f3lne<\/h3>\n<p><a href=\"https:\/\/fizyka.ujk.edu.pl\/wp-content\/uploads\/2026\/01\/procedura_uwagiDoWWW_v2.pdf\">Procedura zg\u0142aszania uwag<\/a><br \/>\n<a href=\"https:\/\/fizyka.ujk.edu.pl\/wp-content\/uploads\/2026\/01\/Zalacznik1_v2.pdf\">Za\u0142\u0105cznik do procedury<\/a><\/p>\n","protected":false},"excerpt":{"rendered":"<p>Informacje og\u00f3lne Procedura zg\u0142aszania uwag Za\u0142\u0105cznik do procedury<\/p>\n","protected":false},"author":1,"featured_media":0,"parent":0,"menu_order":0,"comment_status":"closed","ping_status":"closed","template":"","meta":{"footnotes":""},"class_list":["post-2329","page","type-page","status-publish","hentry"],"_links":{"self":[{"href":"https:\/\/fizyka.ujk.edu.pl\/index.php\/wp-json\/wp\/v2\/pages\/2329","targetHints":{"allow":["GET"]}}],"collection":[{"href":"https:\/\/fizyka.ujk.edu.pl\/index.php\/wp-json\/wp\/v2\/pages"}],"about":[{"href":"https:\/\/fizyka.ujk.edu.pl\/index.php\/wp-json\/wp\/v2\/types\/page"}],"author":[{"embeddable":true,"href":"https:\/\/fizyka.ujk.edu.pl\/index.php\/wp-json\/wp\/v2\/users\/1"}],"replies":[{"embeddable":true,"href":"https:\/\/fizyka.ujk.edu.pl\/index.php\/wp-json\/wp\/v2\/comments?post=2329"}],"version-history":[{"count":4,"href":"https:\/\/fizyka.ujk.edu.pl\/index.php\/wp-json\/wp\/v2\/pages\/2329\/revisions"}],"predecessor-version":[{"id":2338,"href":"https:\/\/fizyka.ujk.edu.pl\/index.php\/wp-json\/wp\/v2\/pages\/2329\/revisions\/2338"}],"wp:attachment":[{"href":"https:\/\/fizyka.ujk.edu.pl\/index.php\/wp-json\/wp\/v2\/media?parent=2329"}],"curies":[{"name":"wp","href":"https:\/\/api.w.org\/{rel}","templated":true}]}}