{"id":2316,"date":"2025-12-15T08:49:41","date_gmt":"2025-12-15T07:49:41","guid":{"rendered":"https:\/\/fizyka.ujk.edu.pl\/?page_id=2316"},"modified":"2025-12-15T08:52:59","modified_gmt":"2025-12-15T07:52:59","slug":"adshock","status":"publish","type":"page","link":"https:\/\/fizyka.ujk.edu.pl\/index.php\/wspolpraca\/adshock\/","title":{"rendered":"AdShock"},"content":{"rendered":"<p><a href=\"https:\/\/fizyka.ujk.edu.pl\/wp-content\/uploads\/2025\/12\/adshocks.jpg\"><img loading=\"lazy\" decoding=\"async\" src=\"https:\/\/fizyka.ujk.edu.pl\/wp-content\/uploads\/2025\/12\/adshocks.jpg\" alt=\"\" width=\"574\" height=\"250\" class=\"aligncenter size-full wp-image-2320\" srcset=\"https:\/\/fizyka.ujk.edu.pl\/wp-content\/uploads\/2025\/12\/adshocks.jpg 574w, https:\/\/fizyka.ujk.edu.pl\/wp-content\/uploads\/2025\/12\/adshocks-300x131.jpg 300w\" sizes=\"auto, (max-width: 574px) 100vw, 574px\" \/><br \/>\nInstytut Fizyki UJK wsp\u00f3\u0142pracuje z Agencj\u0105 SEO\/SEM AdShock specjalizuj\u0105c\u0105 si\u0119 marketingiem internetowym. W\u00a0ramach wsp\u00f3\u0142pracy firma AdShock regularnie prowadzi szkolenia i warsztaty dla student\u00f3w kierunk\u00f3w Informatyka oraz In\u017cynieria danych w tematyce: ,,Jak zarabia\u0107 na pozycjonowaniu?\u201d, ,,Tajniki Google ads\u201d, ,,Content is KING\u201d, ,,Sztuka pozycjonowania stron www \u2013 warsztat z Agencj\u0105 SEO\/SEM adShock\u201d. Studenci Informatyki i In\u017cynierii danych maj\u0105 mo\u017cliwo\u015b\u0107 odbywania w firmie AdShock praktyk oraz sta\u017cy studenckich.<br \/>\nSzczeg\u00f3\u0142owe informacje o zakresie dzia\u0142alno\u015bci firmy:<br \/>\n<a href=\"https:\/\/adshock.pl\/\">https:\/\/adshock.pl\/<\/a><\/p>\n","protected":false},"excerpt":{"rendered":"<p>Instytut Fizyki UJK wsp\u00f3\u0142pracuje z Agencj\u0105 SEO\/SEM AdShock specjalizuj\u0105c\u0105 si\u0119 marketingiem internetowym. W\u00a0ramach wsp\u00f3\u0142pracy firma AdShock regularnie prowadzi szkolenia i warsztaty dla student\u00f3w kierunk\u00f3w Informatyka oraz In\u017cynieria danych w tematyce: ,,Jak zarabia\u0107 na pozycjonowaniu?\u201d, ,,Tajniki Google ads\u201d, ,,Content is KING\u201d, ,,Sztuka pozycjonowania stron www \u2013 warsztat z Agencj\u0105 SEO\/SEM adShock\u201d. Studenci Informatyki i In\u017cynierii danych [&hellip;]<\/p>\n","protected":false},"author":1,"featured_media":2317,"parent":1120,"menu_order":0,"comment_status":"closed","ping_status":"closed","template":"","meta":{"footnotes":""},"class_list":["post-2316","page","type-page","status-publish","has-post-thumbnail","hentry"],"_links":{"self":[{"href":"https:\/\/fizyka.ujk.edu.pl\/index.php\/wp-json\/wp\/v2\/pages\/2316","targetHints":{"allow":["GET"]}}],"collection":[{"href":"https:\/\/fizyka.ujk.edu.pl\/index.php\/wp-json\/wp\/v2\/pages"}],"about":[{"href":"https:\/\/fizyka.ujk.edu.pl\/index.php\/wp-json\/wp\/v2\/types\/page"}],"author":[{"embeddable":true,"href":"https:\/\/fizyka.ujk.edu.pl\/index.php\/wp-json\/wp\/v2\/users\/1"}],"replies":[{"embeddable":true,"href":"https:\/\/fizyka.ujk.edu.pl\/index.php\/wp-json\/wp\/v2\/comments?post=2316"}],"version-history":[{"count":4,"href":"https:\/\/fizyka.ujk.edu.pl\/index.php\/wp-json\/wp\/v2\/pages\/2316\/revisions"}],"predecessor-version":[{"id":2322,"href":"https:\/\/fizyka.ujk.edu.pl\/index.php\/wp-json\/wp\/v2\/pages\/2316\/revisions\/2322"}],"up":[{"embeddable":true,"href":"https:\/\/fizyka.ujk.edu.pl\/index.php\/wp-json\/wp\/v2\/pages\/1120"}],"wp:featuredmedia":[{"embeddable":true,"href":"https:\/\/fizyka.ujk.edu.pl\/index.php\/wp-json\/wp\/v2\/media\/2317"}],"wp:attachment":[{"href":"https:\/\/fizyka.ujk.edu.pl\/index.php\/wp-json\/wp\/v2\/media?parent=2316"}],"curies":[{"name":"wp","href":"https:\/\/api.w.org\/{rel}","templated":true}]}}