{"id":227,"date":"2021-09-21T14:58:21","date_gmt":"2021-09-21T12:58:21","guid":{"rendered":"https:\/\/fizyka.ujk.edu.pl\/nowa\/?page_id=227"},"modified":"2025-11-03T13:50:53","modified_gmt":"2025-11-03T12:50:53","slug":"rozklady-zajec","status":"publish","type":"page","link":"https:\/\/fizyka.ujk.edu.pl\/index.php\/studenci\/rozklady-zajec\/","title":{"rendered":"Rozk\u0142ady zaj\u0119\u0107"},"content":{"rendered":"<h2>Rozk\u0142ady zaj\u0119\u0107<\/h2>\n<p>Rozk\u0142ady zaj\u0119\u0107 dla student\u00f3w Instytutu Fizyki s\u0105 dost\u0119pne z poziomu Wirtualnej Uczelni<\/p>\n<p> <a href=\"https:\/\/wu.ujk.edu.pl\/WU\/\" target=\"_blank\" rel=\"noopener\">Link do Wirtualnej Uczelni <\/a> <\/p>\n<p><!-- \n\n\n<h4>Studia niestacjonarne <\/h4>\n\n\n\n\n<ol>\n    \n\n<li><a href=\"Aktualnie w Instytucie Fizyki nie s\u0105 prowadzone studia podyplomowe.files\/timetables\/zaoczne\/info_zao_harmonogram.pdf\" target=\"_blank\" rel=\"noopener\">Harmonogram zjazd\u00f3w<\/a> - dla wszystkich lat<br \/>\n    <\/li>\n\n\n<\/ol>\n\n\n\n--><\/p>\n<p>&nbsp;<\/p>\n","protected":false},"excerpt":{"rendered":"<p>Rozk\u0142ady zaj\u0119\u0107 Rozk\u0142ady zaj\u0119\u0107 dla student\u00f3w Instytutu Fizyki s\u0105 dost\u0119pne z poziomu Wirtualnej Uczelni Link do Wirtualnej Uczelni &nbsp;<\/p>\n","protected":false},"author":1,"featured_media":0,"parent":101,"menu_order":0,"comment_status":"closed","ping_status":"closed","template":"","meta":{"footnotes":""},"class_list":["post-227","page","type-page","status-publish","hentry"],"_links":{"self":[{"href":"https:\/\/fizyka.ujk.edu.pl\/index.php\/wp-json\/wp\/v2\/pages\/227","targetHints":{"allow":["GET"]}}],"collection":[{"href":"https:\/\/fizyka.ujk.edu.pl\/index.php\/wp-json\/wp\/v2\/pages"}],"about":[{"href":"https:\/\/fizyka.ujk.edu.pl\/index.php\/wp-json\/wp\/v2\/types\/page"}],"author":[{"embeddable":true,"href":"https:\/\/fizyka.ujk.edu.pl\/index.php\/wp-json\/wp\/v2\/users\/1"}],"replies":[{"embeddable":true,"href":"https:\/\/fizyka.ujk.edu.pl\/index.php\/wp-json\/wp\/v2\/comments?post=227"}],"version-history":[{"count":4,"href":"https:\/\/fizyka.ujk.edu.pl\/index.php\/wp-json\/wp\/v2\/pages\/227\/revisions"}],"predecessor-version":[{"id":2234,"href":"https:\/\/fizyka.ujk.edu.pl\/index.php\/wp-json\/wp\/v2\/pages\/227\/revisions\/2234"}],"up":[{"embeddable":true,"href":"https:\/\/fizyka.ujk.edu.pl\/index.php\/wp-json\/wp\/v2\/pages\/101"}],"wp:attachment":[{"href":"https:\/\/fizyka.ujk.edu.pl\/index.php\/wp-json\/wp\/v2\/media?parent=227"}],"curies":[{"name":"wp","href":"https:\/\/api.w.org\/{rel}","templated":true}]}}