{"id":213,"date":"2021-09-21T14:52:24","date_gmt":"2021-09-21T12:52:24","guid":{"rendered":"https:\/\/fizyka.ujk.edu.pl\/nowa\/?page_id=213"},"modified":"2026-01-22T10:34:07","modified_gmt":"2026-01-22T09:34:07","slug":"praktyki","status":"publish","type":"page","link":"https:\/\/fizyka.ujk.edu.pl\/index.php\/studia\/praktyki\/","title":{"rendered":"Praktyki"},"content":{"rendered":"<h2>Praktyki<\/h2>\n<p>Studenckie praktyki zawodowe organizowane s\u0105 w Instytucie Fizyki zgodnie z programami kszta\u0142cenia na kierunkach Fizyka, Fizyka Techniczna i Informatyka w oparciu o <a href=\"https:\/\/praktyki.ujk.edu.pl\/index.php\/download_file\/view\/393\/130\/\" target=\"_blank\" rel=\"noopener\">Zarz\u0105dzenie Rektora nr 122\/2025 z dnia 3 lipca 2025 roku <\/a><\/p>\n<p>Praktyki odbywaj\u0105 si\u0119 zgodnie z planami studi\u00f3w i obejmuj\u0105:<br \/>\n&#8211; praktyki zawodowe,<br \/>\n&#8211; praktyki pedagogiczne dla \u015bcie\u017cki przedmiot\u00f3w w zakresie przygotowania do zawodu nauczyciela fizyki<\/p>\n<p>Instytut Fizyki jest zobowi\u0105zany do sprawowania nadzoru merytorycznego oraz organizacyjnego nad przebiegiem praktyk. Organizacj\u0105 praktyk zajmuj\u0105 si\u0119 kierunkowi opiekunowie praktyk:<br \/>\n\u2013 Fizyka Techniczna, In\u017cynieria Danych, Systemy Diagnostyczne w Medycynie \u2013 dr Rados\u0142aw Maj (radmaj@ujk.edu.pl@ujk.edu.pl)<br \/>\n\u2013 Informatyka \u2013 dr in\u017c. Tomasz Ru\u015b\u0107 (tomasz.rusc@ujk.edu.pl)<\/p>\n<h3>Praktyki zawodowe<\/h3>\n<p>Celem praktyk jest:<\/p>\n<ul>\n<li>poznanie specyfiki pracy na r\u00f3\u017cnych stanowiskach, w r\u00f3\u017cnych bran\u017cach merytorycznie zwi\u0105zanych z kierunkiem studi\u00f3w,<\/li>\n<li>wykszta\u0142cenie umiej\u0119tno\u015bci praktycznego zastosowania wiedzy teoretycznej zdobytej na studiach (integracja wiedzy teoretycznej z praktyk\u0105),<\/li>\n<li>poznanie praktycznych zagadnie\u0144 zwi\u0105zanych z prac\u0105 na stanowiskach zgodnych z wybran\u0105 specjalno\u015bci\u0105,<\/li>\n<li>poznanie w\u0142asnych mo\u017cliwo\u015bci na rynku pracy,<\/li>\n<li>nawi\u0105zanie kontakt\u00f3w zawodowych.<\/li>\n<\/ul>\n<p>Praktyki prowadzone s\u0105 w oparciu o Regulamin i Instrukcj\u0119 Praktyk opracowan\u0105 w Instytucie Fizyki i realizowane na podstawie porozumienia zawartego pomi\u0119dzy Uczelni\u0105 a Zak\u0142adem Pracy.<\/p>\n<p>Praktyki odbywaj\u0105 si\u0119 w miesi\u0105cach wakacyjnych.<\/p>\n<p>Po odbyciu praktyki studenci otrzymuj\u0105 zaliczenie od Instytutowego Opiekuna Praktyk na podstawie: karty informacyjnej o jej odbyciu, kt\u00f3r\u0105 ze strony zak\u0142adu pracy po\u015bwiadcza osoba odpowiedzialna za jej realizacj\u0119; szczeg\u00f3\u0142owego, dziennego wykazu wykonywanych czynno\u015bci<br \/>\nstanowi\u0105cego wraz z kart\u0105 informacyjna Dziennik Praktyk; Ankiety Samooceny Osi\u0105gni\u0119cia<br \/>\nPrzedmiotowych Efekt\u00f3w Uczenia Si\u0119, kt\u00f3r\u0105 student wype\u0142nia po zako\u0144czeniu praktyk i do\u0142\u0105cza do Dziennika Praktyk.<br \/>\nWi\u0119cej informacji: <a href=\"http:\/\/praktyki.ujk.edu.pl\" target=\"_blank\" rel=\"noopener\">http:\/\/praktyki.ujk.edu.pl<\/a><\/p>\n<p style=\"color: #ff0000;\"><strong>Wykaz praktyk w Instytucie Fizyki <\/strong> Uniwersytetu Jana Kochanowskiego w Kielcach<\/p>\n<p>Wed\u0142ug program\u00f3w kszta\u0142cenia obowi\u0105zuj\u0105cych w bie\u017c\u0105cym roku akademickim:<\/p>\n<table class=\"aligncenter\" style=\"height: 929px; width: 95.0543%;\" border=\"1\" cellspacing=\"0\" cellpadding=\"0\">\n<tbody>\n<tr style=\"height: 24px;\">\n<th style=\"height: 24px; width: 247.933px;\">Kierunek<\/th>\n<th style=\"height: 24px; width: 482.833px;\">\u015acie\u017cka<\/th>\n<th style=\"height: 24px; width: 261.5px;\">Rodzaj praktyki<\/th>\n<th style=\"height: 24px; width: 369.75px;\">Liczba godzin\/czas praktyki<\/th>\n<\/tr>\n<tr style=\"height: 224px;\">\n<td style=\"height: 224px; width: 247.933px;\">Fizyka Techniczna<br \/>\nStudia pierwszego<br \/>\nstopnia in\u017cynierskie<\/td>\n<td style=\"height: 224px; width: 482.833px;\">przedmioty w zakresie<br \/>\nfizyki medycznejprzedmioty w zakresie<br \/>\nnanofizykiprzedmioty z zakresu<br \/>\nmetrologi<\/td>\n<td style=\"height: 224px; width: 261.5px;\">Praktyka zawodowa<\/td>\n<td style=\"height: 224px; width: 369.75px;\">120\/4 tygodnie<\/td>\n<\/tr>\n<tr style=\"height: 352px;\">\n<td style=\"height: 352px; width: 247.933px;\"><span dir=\"ltr\" role=\"presentation\">Fizyka Techniczna<\/span><br role=\"presentation\" \/><span dir=\"ltr\" role=\"presentation\">Studia pierwszego<\/span><br role=\"presentation\" \/><span dir=\"ltr\" role=\"presentation\">stopnia in\u017cynierskie<\/span><\/td>\n<td style=\"height: 352px; width: 482.833px;\"><span dir=\"ltr\" role=\"presentation\">przedmioty w zakresie<\/span><br role=\"presentation\" \/><span dir=\"ltr\" role=\"presentation\">przygotowania do<\/span><br role=\"presentation\" \/><span dir=\"ltr\" role=\"presentation\">zawodu nauczyciela<\/span><br role=\"presentation\" \/><span dir=\"ltr\" role=\"presentation\">fizyki<\/span><\/td>\n<td style=\"height: 352px; width: 261.5px;\"><span dir=\"ltr\" role=\"presentation\">Praktyka zawodowa<\/span><br role=\"presentation\" \/><span dir=\"ltr\" role=\"presentation\">psychologiczno-<\/span><br role=\"presentation\" \/><span dir=\"ltr\" role=\"presentation\">pedagogiczna ci\u0105g\u0142a<\/span><br role=\"presentation\" \/><span dir=\"ltr\" role=\"presentation\">(szko\u0142a podstawowa)<\/span><\/p>\n<p><span dir=\"ltr\" role=\"presentation\">Praktyka zawodowa<\/span><br role=\"presentation\" \/><span dir=\"ltr\" role=\"presentation\">dydaktyczna<\/span><br role=\"presentation\" \/><span dir=\"ltr\" role=\"presentation\">(\u015br\u00f3droczna)<\/span><br role=\"presentation\" \/><span dir=\"ltr\" role=\"presentation\">(szko\u0142a podstawowa)<\/span><\/p>\n<p><span dir=\"ltr\" role=\"presentation\">Praktyka zawodowa<\/span><br role=\"presentation\" \/><span dir=\"ltr\" role=\"presentation\">dydaktyczna (ci\u0105g\u0142a)<\/span><br role=\"presentation\" \/><span dir=\"ltr\" role=\"presentation\">(szko\u0142a podstawowa)<\/span><\/td>\n<td style=\"height: 352px; width: 369.75px;\">30<\/p>\n<p>&nbsp;<\/p>\n<p>&nbsp;<\/p>\n<p>90\/2 semestry<\/p>\n<p>&nbsp;<\/p>\n<p>&nbsp;<\/p>\n<p>30<\/td>\n<\/tr>\n<tr style=\"height: 128px;\">\n<td style=\"height: 128px; width: 247.933px;\"><span dir=\"ltr\" role=\"presentation\">Informatyka<\/span><br role=\"presentation\" \/><span dir=\"ltr\" role=\"presentation\">Studia pierwszego<\/span><br role=\"presentation\" \/><span dir=\"ltr\" role=\"presentation\">stopnia in\u017cynierskie<\/span><\/td>\n<td style=\"height: 128px; width: 482.833px;\">Teleinformatyka<br \/>\nTechnologie informatyczne<\/td>\n<td style=\"height: 128px; width: 261.5px;\">Praktyka zawodowa<\/td>\n<td style=\"height: 128px; width: 369.75px;\"><span dir=\"ltr\" role=\"presentation\">120\/4 tygodnie<\/span><\/td>\n<\/tr>\n<tr>\n<td style=\"width: 247.933px;\"><span dir=\"ltr\" role=\"presentation\">In\u017cynieria Danych<\/span><br role=\"presentation\" \/><span dir=\"ltr\" role=\"presentation\">Studia pierwszego<\/span><br role=\"presentation\" \/><span dir=\"ltr\" role=\"presentation\">stopnia in\u017cynierskie<\/span><\/td>\n<td style=\"width: 482.833px;\">&#8212;&#8212;&#8212;&#8212;&#8212;&#8212;&#8212;&#8212;&#8212;&#8212;-<\/td>\n<td style=\"width: 261.5px;\">Praktyka zawodowa<\/td>\n<td style=\"width: 369.75px;\"><span dir=\"ltr\" role=\"presentation\">120\/4 tygodnie<\/span><\/td>\n<\/tr>\n<tr>\n<td style=\"width: 247.933px;\"><span dir=\"ltr\" role=\"presentation\">Systemy<\/span><br role=\"presentation\" \/><span dir=\"ltr\" role=\"presentation\">Diagnostyczne w<\/span><br role=\"presentation\" \/><span dir=\"ltr\" role=\"presentation\">Medycynie<\/span><br role=\"presentation\" \/><span dir=\"ltr\" role=\"presentation\">Studia pierwszego<\/span><br role=\"presentation\" \/><span dir=\"ltr\" role=\"presentation\">stopnia licencjackie<\/span><\/td>\n<td style=\"width: 482.833px;\">&#8212;&#8212;&#8212;&#8212;&#8212;&#8212;&#8212;&#8212;&#8212;&#8212;-<\/td>\n<td style=\"width: 261.5px;\">Praktyka zawodowa<\/td>\n<td style=\"width: 369.75px;\"><span dir=\"ltr\" role=\"presentation\">120\/4 tygodnie<\/span><\/td>\n<\/tr>\n<\/tbody>\n<\/table>\n<p>&nbsp;<\/p>\n<p>DOKUMENTY<\/p>\n<p><a href=\"https:\/\/fizyka.ujk.edu.pl\/files\/practice\/Oswiadczenie.pdf\" target=\"_blank\" rel=\"noopener\"> O\u015bwiadczenie Zak\u0142adu Pracy <\/a><br \/>\n<a href=\"https:\/\/fizyka.ujk.edu.pl\/files\/practice\/Inf-dod.docx\" target=\"_blank\" rel=\"noopener\"> Informacje dodatkowe potrzebne do sporz\u0105dzenia porozumienia <\/a><br \/>\n<a href=\"https:\/\/fizyka.ujk.edu.pl\/files\/practice\/arkusz_hospitacji_praktyk.docx\" target=\"_blank\" rel=\"noopener\"> Arkusz hospitacji praktyk <\/a><\/p>\n<ol>\n<li>Fizyka Techniczna <\/li>\n<ol type=\"a\">\n<li>przedmioty w zakresie fizyki medycznej<\/li>\n<p>&#8211; <a href=\"https:\/\/fizyka.ujk.edu.pl\/files\/practice\/Reg-Instr.pdf\" target=\"_blank\" rel=\"noopener\">Regulamin i Instrukcja praktyk <\/a><br \/>\n&#8211; <a href=\"https:\/\/fizyka.ujk.edu.pl\/files\/practice\/Program-FT-fiz-med.pdf\" target=\"_blank\" rel=\"noopener\">Program Praktyk <\/a><br \/>\n&#8211; <a href=\"https:\/\/fizyka.ujk.edu.pl\/files\/practice\/Dziennik-praktyk.pdf\" target=\"_blank\" rel=\"noopener\">Dziennik Praktyk (karta informacyjna z wykazem czynno\u015bci) <\/a><br \/>\n&#8211; <a href=\"https:\/\/fizyka.ujk.edu.pl\/files\/practice\/Ankieta.pdf\" target=\"_blank\" rel=\"noopener\">Ankieta Samooceny <\/a><\/p>\n<li>przedmioty w zakresie nanofizyki i metrologii<\/li>\n<p>&#8211; <a href=\"https:\/\/fizyka.ujk.edu.pl\/files\/practice\/Reg-Instr.pdf\" target=\"_blank\" rel=\"noopener\"> Regulamin i Instrukcja praktyk <\/a><br \/>\n&#8211; <a href=\"https:\/\/fizyka.ujk.edu.pl\/files\/practice\/Program-FT-nano-metro.pdf\" target=\"_blank\" rel=\"noopener\">Program Praktyk <\/a><br \/>\n&#8211; <a href=\"https:\/\/fizyka.ujk.edu.pl\/files\/practice\/Dziennik-praktyk.pdf\" target=\"_blank\" rel=\"noopener\"> Dziennik Praktyk (karta informacyjna z wykazem czynno\u015bci) <\/a><br \/>\n&#8211; <a href=\"https:\/\/fizyka.ujk.edu.pl\/files\/practice\/Ankieta-nano-metro.pdf\" target=\"_blank\" rel=\"noopener\">Ankieta Samooceny <\/a><\/p>\n<li>przedmioty w zakresie przygotowania do zawodu nauczyciela fizyki<\/li>\n<p>&#8211; <a href=\"https:\/\/fizyka.ujk.edu.pl\/files\/practice\/program_i_instrukcja_praktyk_dydaktycznych.pdf\" target=\"_blank\" rel=\"noopener\">Program i Instrukcja praktyk zawodowych dydaktycznych \u015br\u00f3drocznej i ci\u0105g\u0142ej <\/a><br \/>\n&#8211; <a href=\"https:\/\/fizyka.ujk.edu.pl\/files\/practice\/dziennik_praktyk_c.pdf\" target=\"_blank\" rel=\"noopener\">Dziennik Praktyk <\/a><a href=\"https:\/\/fizyka.ujk.edu.pl\/files\/practice\/program_i_instrukcja_praktyk_dydaktycznych.pdf\" target=\"_blank\" rel=\"noopener\"><br \/>\n&#8211; <\/a><a href=\"https:\/\/fizyka.ujk.edu.pl\/files\/practice\/karta_informacyjna_dla_nauczyciela.pdf\" target=\"_blank\" rel=\"noopener\">Karta Informacyjna <\/a><a href=\"https:\/\/fizyka.ujk.edu.pl\/files\/practice\/program_i_instrukcja_praktyk_dydaktycznych.pdf\" target=\"_blank\" rel=\"noopener\"><br \/>\n&#8211; <\/a><a href=\"https:\/\/fizyka.ujk.edu.pl\/files\/practice\/ankieta_oceniajaca_dla_studenta.pdf\" target=\"_blank\" rel=\"noopener\">Ankieta Samooceny <\/a><a href=\"https:\/\/fizyka.ujk.edu.pl\/files\/practice\/program_i_instrukcja_praktyk_dydaktycznych.pdf\" target=\"_blank\" rel=\"noopener\"><br \/>\n&#8211; <\/a><a href=\"https:\/\/cen.ujk.edu.pl\/new\/praktyka-zawodowa-od-roku-2023-2024\/\" target=\"_blank\" rel=\"noopener\">Informacja o praktyce zawodowej psychologiczno-pedagogicznej ci\u0105g\u0142ej <\/a><\/li>\n<\/ol>\n<li id=\"informatyka\">Informatyka<\/li>\n<p>&#8211; <a href=\"https:\/\/fizyka.ujk.edu.pl\/files\/practice\/Instrukcja-Praktyki-IN.pdf\" target=\"_blank\" rel=\"noopener\">Regulamin i Instrukcja praktyk <\/a><br \/>\n&#8211; <a href=\"https:\/\/fizyka.ujk.edu.pl\/files\/practice\/Program-Praktyki-IN.pdf\" target=\"_blank\" rel=\"noopener\">Program Praktyk <\/a><br \/>\n&#8211; <a href=\"https:\/\/fizyka.ujk.edu.pl\/files\/practice\/Dziennik-praktyk-IN.pdf\" target=\"_blank\" rel=\"noopener\">Dziennik Praktyk (karta informacyjna z wykazem czynno\u015bci) <\/a><br \/>\n&#8211; <a href=\"https:\/\/fizyka.ujk.edu.pl\/files\/practice\/Ankieta-IN.pdf\" target=\"_blank\" rel=\"noopener\">Ankieta Samooceny <\/a><br \/>\n&#8211; <a href=\"https:\/\/fizyka.ujk.edu.pl\/files\/practice\/Lista_zakladow_23_24.odt\" target=\"_blank\" rel=\"noopener\">Zak\u0142ady pracy w kt\u00f3rych studenci odbyli praktyki. <\/a><\/p>\n<li>In\u017cynieria Danych<\/li>\n<p>&#8211; <a href=\"https:\/\/fizyka.ujk.edu.pl\/files\/practice\/Reg_i_Instr_ID.pdf\" target=\"_blank\" rel=\"noopener\">Regulamin i Instrukcja praktyk <\/a><br \/>\n&#8211; <a href=\"https:\/\/fizyka.ujk.edu.pl\/files\/practice\/Program_ID.pdf\" target=\"_blank\" rel=\"noopener\">Program Praktyk <\/a><br \/>\n&#8211; <a href=\"https:\/\/fizyka.ujk.edu.pl\/files\/practice\/Dziennik-praktyk_ID.pdf\" target=\"_blank\" rel=\"noopener\">Dziennik Praktyk (karta informacyjna z wykazem czynno\u015bci) <\/a><br \/>\n&#8211; <a href=\"https:\/\/fizyka.ujk.edu.pl\/files\/practice\/ASO_ID.pdf\" target=\"_blank\" rel=\"noopener\">Ankieta Samooceny <\/a><br \/>\n&#8211; <a href=\"https:\/\/fizyka.ujk.edu.pl\/files\/practice\/AO_ID.pdf\" target=\"_blank\" rel=\"noopener\">Ankieta Osi\u0105gni\u0119cia PEUS (wype\u0142nia ZOP)<\/a><br \/>\n&#8211; <a href=\"https:\/\/fizyka.ujk.edu.pl\/files\/practice\/Lista_zakladow_23_24-ID.pdf\" target=\"_blank\" rel=\"noopener\">Zak\u0142ady pracy w kt\u00f3rych studenci odbyli praktyki. <\/a><\/p>\n<li>Systemy Diagnostyczne w Medycynie<\/li>\n<p>&#8211; <a href=\"https:\/\/fizyka.ujk.edu.pl\/files\/practice\/Reg-Instr-SDwM.pdf\" target=\"_blank\" rel=\"noopener\">Regulamin i Instrukcja praktyk <\/a><br \/>\n&#8211; <a href=\"https:\/\/fizyka.ujk.edu.pl\/files\/practice\/Program-SDwM.pdf\" target=\"_blank\" rel=\"noopener\">Program Praktyk <\/a><br \/>\n&#8211; <a href=\"https:\/\/fizyka.ujk.edu.pl\/files\/practice\/Dziennik-praktyk-SDwM.pdf\" target=\"_blank\" rel=\"noopener\">Dziennik Praktyk (karta informacyjna z wykazem czynno\u015bci) <\/a><br \/>\n&#8211; <a href=\"https:\/\/fizyka.ujk.edu.pl\/files\/practice\/Ankieta-SDwM.pdf\" target=\"_blank\" rel=\"noopener\">Ankieta Samooceny <\/a><br \/>\n&#8211; <a href=\"https:\/\/fizyka.ujk.edu.pl\/files\/practice\/Ankieta-SDwM2.pdf\" target=\"_blank\" rel=\"noopener\">Ankieta Osi\u0105gni\u0119cia PEUS (wype\u0142nia ZOP) <\/a><\/p>\n<\/ol>\n","protected":false},"excerpt":{"rendered":"<p>Praktyki Studenckie praktyki zawodowe organizowane s\u0105 w Instytucie Fizyki zgodnie z programami kszta\u0142cenia na kierunkach Fizyka, Fizyka Techniczna i Informatyka w oparciu o Zarz\u0105dzenie Rektora nr 122\/2025 z dnia 3 lipca 2025 roku Praktyki odbywaj\u0105 si\u0119 zgodnie z planami studi\u00f3w i obejmuj\u0105: &#8211; praktyki zawodowe, &#8211; praktyki pedagogiczne dla \u015bcie\u017cki przedmiot\u00f3w w zakresie przygotowania do [&hellip;]<\/p>\n","protected":false},"author":1,"featured_media":0,"parent":80,"menu_order":0,"comment_status":"closed","ping_status":"closed","template":"","meta":{"footnotes":""},"class_list":["post-213","page","type-page","status-publish","hentry"],"_links":{"self":[{"href":"https:\/\/fizyka.ujk.edu.pl\/index.php\/wp-json\/wp\/v2\/pages\/213","targetHints":{"allow":["GET"]}}],"collection":[{"href":"https:\/\/fizyka.ujk.edu.pl\/index.php\/wp-json\/wp\/v2\/pages"}],"about":[{"href":"https:\/\/fizyka.ujk.edu.pl\/index.php\/wp-json\/wp\/v2\/types\/page"}],"author":[{"embeddable":true,"href":"https:\/\/fizyka.ujk.edu.pl\/index.php\/wp-json\/wp\/v2\/users\/1"}],"replies":[{"embeddable":true,"href":"https:\/\/fizyka.ujk.edu.pl\/index.php\/wp-json\/wp\/v2\/comments?post=213"}],"version-history":[{"count":79,"href":"https:\/\/fizyka.ujk.edu.pl\/index.php\/wp-json\/wp\/v2\/pages\/213\/revisions"}],"predecessor-version":[{"id":2348,"href":"https:\/\/fizyka.ujk.edu.pl\/index.php\/wp-json\/wp\/v2\/pages\/213\/revisions\/2348"}],"up":[{"embeddable":true,"href":"https:\/\/fizyka.ujk.edu.pl\/index.php\/wp-json\/wp\/v2\/pages\/80"}],"wp:attachment":[{"href":"https:\/\/fizyka.ujk.edu.pl\/index.php\/wp-json\/wp\/v2\/media?parent=213"}],"curies":[{"name":"wp","href":"https:\/\/api.w.org\/{rel}","templated":true}]}}