{"id":207,"date":"2021-09-21T14:49:23","date_gmt":"2021-09-21T12:49:23","guid":{"rendered":"https:\/\/fizyka.ujk.edu.pl\/nowa\/?page_id=207"},"modified":"2025-10-20T08:49:54","modified_gmt":"2025-10-20T06:49:54","slug":"regulamin-studiow","status":"publish","type":"page","link":"https:\/\/fizyka.ujk.edu.pl\/index.php\/studia\/regulamin-studiow\/","title":{"rendered":"Regulamin studi\u00f3w"},"content":{"rendered":"<h2>Regulamin studi\u00f3w<\/h2>\n<p><a href=\"https:\/\/bip.ujk.edu.pl\/webujk\/225\" target=\"_blank\" rel=\"noopener\">Link do regulamin\u00f3w<\/a><\/p>\n<p>\n <a href=\"https:\\\\fizyka.ujk.edu.pl\/files\/education\/Uchwa\u0142a nr 8-2025 Regulamin studi\u00f3w (zmiana) Za\u0142\u0105cznik.pdf\" target=\"_blank\" rel=\"noopener\">Uchwa\u0142a nr 8\/2025 Senatu Uniwersytetu Jana Kochanowskiego w Kielcach z dnia 27 lutego 2025 roku zmieniaj\u0105ca uchwa\u0142\u0119 nr 29\/2024 Senatu Uniwersytetu Jana Kochanowskiego w Kielcach z dnia 25 kwietnia 2024 roku w sprawie uchwalenia Regulaminu studi\u00f3w Uniwersytetu Jana Kochanowskiego w Kielcach.<\/a><\/p>\n<p>\n","protected":false},"excerpt":{"rendered":"<p>Regulamin studi\u00f3w Link do regulamin\u00f3w Uchwa\u0142a nr 8\/2025 Senatu Uniwersytetu Jana Kochanowskiego w Kielcach z dnia 27 lutego 2025 roku zmieniaj\u0105ca uchwa\u0142\u0119 nr 29\/2024 Senatu Uniwersytetu Jana Kochanowskiego w Kielcach z dnia 25 kwietnia 2024 roku w sprawie uchwalenia Regulaminu studi\u00f3w Uniwersytetu Jana Kochanowskiego w Kielcach.<\/p>\n","protected":false},"author":1,"featured_media":0,"parent":80,"menu_order":0,"comment_status":"closed","ping_status":"closed","template":"","meta":{"footnotes":""},"class_list":["post-207","page","type-page","status-publish","hentry"],"_links":{"self":[{"href":"https:\/\/fizyka.ujk.edu.pl\/index.php\/wp-json\/wp\/v2\/pages\/207","targetHints":{"allow":["GET"]}}],"collection":[{"href":"https:\/\/fizyka.ujk.edu.pl\/index.php\/wp-json\/wp\/v2\/pages"}],"about":[{"href":"https:\/\/fizyka.ujk.edu.pl\/index.php\/wp-json\/wp\/v2\/types\/page"}],"author":[{"embeddable":true,"href":"https:\/\/fizyka.ujk.edu.pl\/index.php\/wp-json\/wp\/v2\/users\/1"}],"replies":[{"embeddable":true,"href":"https:\/\/fizyka.ujk.edu.pl\/index.php\/wp-json\/wp\/v2\/comments?post=207"}],"version-history":[{"count":6,"href":"https:\/\/fizyka.ujk.edu.pl\/index.php\/wp-json\/wp\/v2\/pages\/207\/revisions"}],"predecessor-version":[{"id":2121,"href":"https:\/\/fizyka.ujk.edu.pl\/index.php\/wp-json\/wp\/v2\/pages\/207\/revisions\/2121"}],"up":[{"embeddable":true,"href":"https:\/\/fizyka.ujk.edu.pl\/index.php\/wp-json\/wp\/v2\/pages\/80"}],"wp:attachment":[{"href":"https:\/\/fizyka.ujk.edu.pl\/index.php\/wp-json\/wp\/v2\/media?parent=207"}],"curies":[{"name":"wp","href":"https:\/\/api.w.org\/{rel}","templated":true}]}}