{"id":1988,"date":"2025-05-19T10:29:12","date_gmt":"2025-05-19T08:29:12","guid":{"rendered":"https:\/\/fizyka.ujk.edu.pl\/?page_id=1988"},"modified":"2025-11-03T10:50:49","modified_gmt":"2025-11-03T09:50:49","slug":"partnerzy-i-wspolpraca-wydzialu","status":"publish","type":"page","link":"https:\/\/fizyka.ujk.edu.pl\/index.php\/wspolpraca\/partnerzy-i-wspolpraca-wydzialu\/","title":{"rendered":"Partnerzy i wsp\u00f3\u0142praca Wydzia\u0142u"},"content":{"rendered":"<h3>Partnerzy i wsp\u00f3\u0142praca Wydzia\u0142u<\/h3>\n<p><a href=\"https:\/\/wsp.ujk.edu.pl\/wspolpraca-i-partnerzy\/szkoly-objete-patronatem\/\">Szko\u0142y obj\u0119te patronatem <\/a><br \/>\n<a href=\"https:\/\/wsp.ujk.edu.pl\/wspolpraca-i-partnerzy\/wspolpraca-z-przemyslem-i-biznesem\/\">Wsp\u00f3\u0142praca z przemys\u0142em i biznesem <\/a><br \/>\n<a href=\"https:\/\/wsp.ujk.edu.pl\/wspolpraca-i-partnerzy\/wspolpraca-z-jednostkami-i-organizacjami\/\">Wsp\u00f3\u0142praca z jednostkami i organizacjami <\/a><br \/>\n<a href=\"https:\/\/wsp.ujk.edu.pl\/wspolpraca-i-partnerzy\/wspolpraca-z-uczelniami-wyzszymi\/\">Wsp\u00f3\u0142praca z uczelniami wy\u017cszymi  <\/a><br \/>\n<a href=\"https:\/\/ujk.edu.pl\/wspolpraca\/wspolpraca-miedzynarodowa\/umowy-bilateralne\/\">Umowy o wsp\u00f3\u0142pracy mi\u0119dzynarodowej <\/a><\/p>\n","protected":false},"excerpt":{"rendered":"<p>Partnerzy i wsp\u00f3\u0142praca Wydzia\u0142u Szko\u0142y obj\u0119te patronatem Wsp\u00f3\u0142praca z przemys\u0142em i biznesem Wsp\u00f3\u0142praca z jednostkami i organizacjami Wsp\u00f3\u0142praca z uczelniami wy\u017cszymi Umowy o wsp\u00f3\u0142pracy mi\u0119dzynarodowej<\/p>\n","protected":false},"author":1,"featured_media":0,"parent":1120,"menu_order":0,"comment_status":"closed","ping_status":"closed","template":"","meta":{"footnotes":""},"class_list":["post-1988","page","type-page","status-publish","hentry"],"_links":{"self":[{"href":"https:\/\/fizyka.ujk.edu.pl\/index.php\/wp-json\/wp\/v2\/pages\/1988","targetHints":{"allow":["GET"]}}],"collection":[{"href":"https:\/\/fizyka.ujk.edu.pl\/index.php\/wp-json\/wp\/v2\/pages"}],"about":[{"href":"https:\/\/fizyka.ujk.edu.pl\/index.php\/wp-json\/wp\/v2\/types\/page"}],"author":[{"embeddable":true,"href":"https:\/\/fizyka.ujk.edu.pl\/index.php\/wp-json\/wp\/v2\/users\/1"}],"replies":[{"embeddable":true,"href":"https:\/\/fizyka.ujk.edu.pl\/index.php\/wp-json\/wp\/v2\/comments?post=1988"}],"version-history":[{"count":7,"href":"https:\/\/fizyka.ujk.edu.pl\/index.php\/wp-json\/wp\/v2\/pages\/1988\/revisions"}],"predecessor-version":[{"id":2226,"href":"https:\/\/fizyka.ujk.edu.pl\/index.php\/wp-json\/wp\/v2\/pages\/1988\/revisions\/2226"}],"up":[{"embeddable":true,"href":"https:\/\/fizyka.ujk.edu.pl\/index.php\/wp-json\/wp\/v2\/pages\/1120"}],"wp:attachment":[{"href":"https:\/\/fizyka.ujk.edu.pl\/index.php\/wp-json\/wp\/v2\/media?parent=1988"}],"curies":[{"name":"wp","href":"https:\/\/api.w.org\/{rel}","templated":true}]}}