{"id":1982,"date":"2025-05-19T10:22:35","date_gmt":"2025-05-19T08:22:35","guid":{"rendered":"https:\/\/fizyka.ujk.edu.pl\/?page_id=1982"},"modified":"2025-05-19T10:22:35","modified_gmt":"2025-05-19T08:22:35","slug":"sco","status":"publish","type":"page","link":"https:\/\/fizyka.ujk.edu.pl\/index.php\/wspolpraca\/sco\/","title":{"rendered":"\u015aCO"},"content":{"rendered":"<p>Instytut Fizyki utrzymuje \u015bcis\u0142\u0105 wsp\u00f3\u0142prac\u0119 ze \u015awi\u0119tokrzyskim Centrum Onkologii (https:\/\/www.onkol.kielce.pl\/), w\u00a0szczeg\u00f3lno\u015bci z Zak\u0142adem Metod Fizycznych, Zak\u0142adem Medycyny Nuklearnej z O\u015brodkiem PET oraz z Zak\u0142adem Fizyki Medycznej, prowadz\u0105c tak\u017ce wsp\u00f3lne laboratorium badawcze (Pracowni\u0119 Fizyki Medycznej). Studenci kierunku odbywaj\u0105 w \u015aCO zaj\u0119cia laboratoryjne z przedmiot\u00f3w specjalno\u015bciowych, wykonuj\u0105 prace magisterskie, g\u0142\u00f3wnie dotycz\u0105ce radioterapii i obrazowania medycznego, wykorzystuj\u0105c unikalne wyposa\u017cenie \u015aCO (akceleratory medyczne, NMR, CT). Studenci w\u0142\u0105czani s\u0105 r\u00f3wnie\u017c w r\u00f3\u017cne wsp\u00f3\u0142prace krajowe i zagraniczne.<br \/>\nInstytut Fizyki i \u015awi\u0119tokrzyskie Centrum Onkologii wsp\u00f3\u0142pracuj\u0105 przy podejmowaniu przedsi\u0119wzi\u0119\u0107 s\u0142u\u017c\u0105cych realizacji zada\u0144 w\u00a0obszarze dzia\u0142alno\u015bci dydaktycznej i badawczo-naukowej. W szczeg\u00f3lno\u015bci wsp\u00f3\u0142pracuj\u0105 przy wsp\u00f3\u0142tworzeniu i\u00a0doskonaleniu program\u00f3w kszta\u0142cenia student\u00f3w zgodnie z\u00a0wymaganiami wynikaj\u0105cym z rozwoju nauki oraz doskonalenia zawodowego, a\u00a0tak\u017ce zdobywania nowych umiej\u0119tno\u015bci i kompetencji spo\u0142ecznych. W ramach porozumie\u0144 strony zobowi\u0105za\u0142y si\u0119 podejmowa\u0107 dzia\u0142ania s\u0142u\u017c\u0105ce w\u00a0szczeg\u00f3lno\u015bci:<br \/>\n    1) organizacji i wsp\u00f3\u0142organizacji imprez naukowo-promocyjnych, obejmuj\u0105cych warsztaty, seminaria, konferencje, szkolenia, konkursy, konsultacje, maj\u0105ce na celu upowszechnianie w\u015br\u00f3d student\u00f3w wiedzy i umiej\u0119tno\u015bci,<br \/>\n    2) wymiany do\u015bwiadcze\u0144 i informacji, w tym informacji naukowych,<br \/>\n    3) wsp\u00f3\u0142pracy i wzajemnej pomocy w zakresie podnoszenia kwalifikacji pracownik\u00f3w stron,<br \/>\n    4) aktualizacji program\u00f3w kszta\u0142cenia o tre\u015bci zwi\u0105zane z dynamicznymi zmianami wynikaj\u0105cymi z przepis\u00f3w prawa oraz warunk\u00f3w spo\u0142ecznych, a tak\u017ce dostosowywania ich do aktualnych warunk\u00f3w na rynku pracy,<br \/>\n    5) przekazywania informacji w zakresie mo\u017cliwo\u015bci kszta\u0142cenia praktycznego student\u00f3w i\u00a0odbywania praktyk w \u015aCO,<br \/>\n    6) wzajemnej promocji na stronach internetowych,<br \/>\n    7) wsp\u00f3\u0142pracy w zakresie doskonalenia jako\u015bci kszta\u0142cenia na studiach pierwszego i drugiego stopnia na kierunkach studi\u00f3w prowadzonych przez Wydzia\u0142.<\/p>\n","protected":false},"excerpt":{"rendered":"<p>Instytut Fizyki utrzymuje \u015bcis\u0142\u0105 wsp\u00f3\u0142prac\u0119 ze \u015awi\u0119tokrzyskim Centrum Onkologii (https:\/\/www.onkol.kielce.pl\/), w\u00a0szczeg\u00f3lno\u015bci z Zak\u0142adem Metod Fizycznych, Zak\u0142adem Medycyny Nuklearnej z O\u015brodkiem PET oraz z Zak\u0142adem Fizyki Medycznej, prowadz\u0105c tak\u017ce wsp\u00f3lne laboratorium badawcze (Pracowni\u0119 Fizyki Medycznej). Studenci kierunku odbywaj\u0105 w \u015aCO zaj\u0119cia laboratoryjne z przedmiot\u00f3w specjalno\u015bciowych, wykonuj\u0105 prace magisterskie, g\u0142\u00f3wnie dotycz\u0105ce radioterapii i obrazowania medycznego, wykorzystuj\u0105c unikalne [&hellip;]<\/p>\n","protected":false},"author":1,"featured_media":0,"parent":1120,"menu_order":0,"comment_status":"closed","ping_status":"closed","template":"","meta":{"footnotes":""},"class_list":["post-1982","page","type-page","status-publish","hentry"],"_links":{"self":[{"href":"https:\/\/fizyka.ujk.edu.pl\/index.php\/wp-json\/wp\/v2\/pages\/1982","targetHints":{"allow":["GET"]}}],"collection":[{"href":"https:\/\/fizyka.ujk.edu.pl\/index.php\/wp-json\/wp\/v2\/pages"}],"about":[{"href":"https:\/\/fizyka.ujk.edu.pl\/index.php\/wp-json\/wp\/v2\/types\/page"}],"author":[{"embeddable":true,"href":"https:\/\/fizyka.ujk.edu.pl\/index.php\/wp-json\/wp\/v2\/users\/1"}],"replies":[{"embeddable":true,"href":"https:\/\/fizyka.ujk.edu.pl\/index.php\/wp-json\/wp\/v2\/comments?post=1982"}],"version-history":[{"count":1,"href":"https:\/\/fizyka.ujk.edu.pl\/index.php\/wp-json\/wp\/v2\/pages\/1982\/revisions"}],"predecessor-version":[{"id":1983,"href":"https:\/\/fizyka.ujk.edu.pl\/index.php\/wp-json\/wp\/v2\/pages\/1982\/revisions\/1983"}],"up":[{"embeddable":true,"href":"https:\/\/fizyka.ujk.edu.pl\/index.php\/wp-json\/wp\/v2\/pages\/1120"}],"wp:attachment":[{"href":"https:\/\/fizyka.ujk.edu.pl\/index.php\/wp-json\/wp\/v2\/media?parent=1982"}],"curies":[{"name":"wp","href":"https:\/\/api.w.org\/{rel}","templated":true}]}}