{"id":1789,"date":"2025-01-24T09:04:13","date_gmt":"2025-01-24T08:04:13","guid":{"rendered":"https:\/\/fizyka.ujk.edu.pl\/?page_id=1789"},"modified":"2025-05-19T10:26:35","modified_gmt":"2025-05-19T08:26:35","slug":"gum","status":"publish","type":"page","link":"https:\/\/fizyka.ujk.edu.pl\/index.php\/wspolpraca\/gum\/","title":{"rendered":"GUM"},"content":{"rendered":"<p align=\"justify\">Instytut Fizyki Uniwersytetu Jana Kochanowskiego w Kielcach wsp\u00f3\u0142pracuje z \u015awi\u0119tokrzyskim Kampusem Laboratoryjnym G\u0142\u00f3wnego Urz\u0119du Miar (<a href=\"https:\/\/kampus.gum.gov.pl\/\">https:\/\/kampus.gum.gov.pl\/<\/a>). Prowadzona wsp\u00f3\u0142praca obejmuje:<br \/>\n&#8211; prowadzenie prac badawczo-rozwojowych w Centrum Oblicze\u0144 i Modelowania Komputerowego (<a href=\"http:\/\/coimk.ujk.edu.pl\">http:\/\/coimk.ujk.edu.pl<\/a>),<br \/>\n&#8211; wsp\u00f3ln\u0105 realizacj\u0119 projektu naukowego ,,Podstawy metrologiczne terapii z wykorzystaniem promieniowania jonizuj\u0105cego\u201d realizowanego w latach 2022-2024 w ramach programu Polska Metrologia I (PM\/SP\/0012\/2021\/1). Uczestnikami projektu s\u0105 Uniwersytet Jana Kochanowskiego w Kielcach (Lider konsorcjum), Politechnika Warszawska (partner), \u015awi\u0119tokrzyskie Centrum Onkologii (partner),<br \/>\n&#8211; wsp\u00f3ln\u0105 realizacj\u0119 projektu naukowego ,,Wytworzenie oraz charakterystyka nanostruktur do kalibracji mikroskop\u00f3w ze skanuj\u0105c\u0105 sond\u0105\u201d realizowanego w latach 2024-2025 w ramach programu Polska Metrologia II. Uczestnikami projektu s\u0105 Instytut Fizyki UJK, Laboratorium Analityczne UMCS, Sie\u0107 Badawcza \u0141ukasiewicz \u2013 Instytut Mikroelektroniki i Fotoniki oraz Zak\u0142ad Czasu i D\u0142ugo\u015bci G\u0142\u00f3wnego Urz\u0119du Miar (<a href=\"https:\/\/kampus.gum.gov.pl\/wzorce-i-procedury-kalibracyjne-dla-mikroskopow-z-sonda-skanujaca-droga-do-nanoswiata\/\">https:\/\/kampus.gum.gov.pl\/wzorce-i-procedury-kalibracyjne-dla-mikroskopow-z-sonda-skanujaca-droga-do-nanoswiata\/<\/a>),<br \/>\n&#8211; prowadzenie zaj\u0119\u0107 przez pracownik\u00f3w \u015awi\u0119tokrzyskiego Kampusu Laboratoryjnego G\u0142\u00f3wnego Urz\u0119du Miar GUM na kierunkach studi\u00f3w prowadzonych w Instytucie Fizyki (Fizyka, Fizyka techniczna, Systemy diagnostyczne w medycynie, Informatyka, In\u017cynieria danych),<br \/>\n&#8211; realizacj\u0119 przez student\u00f3w sta\u017cy i wizyt studyjnych w \u015awi\u0119tokrzyskim Kampusie Laboratoryjnym G\u0142\u00f3wnego Urz\u0119du Miar,<br \/>\n&#8211; udzia\u0142 w charakterze interesariuszy zewn\u0119trznych pracownik\u00f3w \u015awi\u0119tokrzyskiego Kampusu Laboratoryjnego G\u0142\u00f3wnego Urz\u0119du Miar w Kierunkowych Zespo\u0142ach ds. Jako\u015bci Kszta\u0142cenia (prace nad bie\u017c\u0105cymi kwestiami zwi\u0105zanymi z procesem kszta\u0142cenia, prace nad modyfikacjami program\u00f3w kszta\u0142cenia).<\/p>\n<p align=\"justify\"><strong>Centrum Oblicze\u0144 i Modelowania Komputerowego<\/strong> (<a href=\"http:\/\/coimk.ujk.edu.pl\">http:\/\/coimk.ujk.edu.pl<\/a>)<br \/>\nPodstaw\u0105 Centrum Oblicze\u0144 i Modelowania Komputerowego jest klaster obliczeniowy zbudowany na bazie sprz\u0119tu pozyskanego od Europejskiej Organizacji Bada\u0144 J\u0105drowych CERN pod Genew\u0105. W sk\u0142ad infrastruktury obliczeniowej Instytutu Fizyki wchodzi r\u00f3wnie\u017c Zintegrowane Laboratorium System\u00f3w Informatycznych, w sk\u0142ad kt\u00f3rego wchodz\u0105 3 specjalistyczne laboratoria badawcze (Laboratorium Sieci Komputerowych i System\u00f3w Rozproszonych, Laboratorium Technik Multimedialnych i Przetwarzania Obraz\u00f3w, Laboratorium Programowania Obiektowego i In\u017cynierii Oprogramowania).<\/p>\n<p align=\"justify\">W ramach wsp\u00f3\u0142pracy ze <strong>\u015awi\u0119tokrzyskim Kampusem Laboratoryjnym G\u0142\u00f3wnego Urz\u0119du Miar<\/strong> realizowane i planowane s\u0105, mi\u0119dzy innymi, nast\u0119puj\u0105ce prace badawczo-rozwojowe:<br \/>\na. Wyznaczenie wsp\u00f3\u0142czynnik\u00f3w konwersji z kermy w powietrzu na r\u00f3wnowa\u017cniki dawek dla kom\u00f3r jonizacyjnych budowanych w GUM i stosowanych do wzorcowania przyrz\u0105d\u00f3w ochrony radiologicznej \u2013 Hp(007), Hp(3) oraz Hp(10);<br \/>\nb. Wyznaczanie wsp\u00f3\u0142czynnik\u00f3w poprawkowych metodami Monte Carlo dla wzorca pierwotnego dawki poch\u0142oni\u0119tej w tkance \u2013 komora ekstrapolacyjna Hp(007);<br \/>\nc. Wyznaczanie wsp\u00f3\u0142czynnik\u00f3w poprawkowych dla wzorca pierwotnego kermy w powietrzu w polach promieniowania gamma nuklid\u00f3w Ir-192 i Co-60 wykorzystywanych w brachyterapii;<br \/>\nd. Wyznaczanie wsp\u00f3\u0142czynnik\u00f3w poprawkowych dla jonometrycznego wzorca pierwotnego dawki poch\u0142oni\u0119tej w wodzie w polach promieniowania gamma nuklid\u00f3w Ir-192 i Co-60 wykorzystywanych w brachyterapii;<br \/>\ne. Wyznaczanie wsp\u00f3\u0142czynnik\u00f3w poprawkowych dla wzorc\u00f3w pierwotnych kermy w powietrzu w polach promieniowania rentgenowskiego w zakresie energii foton\u00f3w 5 keV \u2013 300 keV;<br \/>\nf. Wyznaczanie wsp\u00f3\u0142czynnik\u00f3w poprawkowych dla wzorca pierwotnego kermy w powietrzy w polach promieniowania gamma nuklidu Am-241;<br \/>\ng. Opracowanie modelu transportu ciep\u0142a w kalorymetrze grafitowym w trakcie pomiar\u00f3w w polach o du\u017cej mocy dawki (UHPDR i FLASH) z wykorzystaniem FEM;<br \/>\nh. Opracowanie modelu efektywnej obj\u0119to\u015bci komory jonizacyjnej uwzgl\u0119dniaj\u0105cego rozk\u0142ad pola elektrycznego i magnetycznego;<br \/>\ni. Opracowanie modelu interferometrycznego kalorymetru wodnego jako wzorca pierwotnego dawki poch\u0142oni\u0119tej w wodzie.<br \/>\nPrzedstawione tematy prac badawczo\u2013rozwojowych zwi\u0105zane s\u0105 z budow\u0105 w GUM wzorc\u00f3w pierwotnych oraz wzorc\u00f3w wt\u00f3rnych. Prowadzone we wsp\u00f3\u0142pracy z GUM obliczenia maj\u0105 s\u0142u\u017cy\u0107 projektowaniu nowych detektor\u00f3w klasy wzorc\u00f3w pierwotnych i wt\u00f3rnych oraz wyznacza\u0107 wsp\u00f3\u0142czynniki poprawkowe dla istniej\u0105cych i powstaj\u0105cych detektor\u00f3w. Wzorce GUM musz\u0105 nad\u0105\u017ca\u0107 za zmianami w radioterapii i diagnostyce medycznej, w kt\u00f3rych to obszarach dochodzi niemal do rewolucji. GUM z powodzeniem realizuje swoje zadania wyprzedzaj\u0105c potrzeby krajowej s\u0142u\u017cby zdrowia, wprowadzaj\u0105c nowe us\u0142ugi i doskonal\u0105c ju\u017c istniej\u0105ce w celu zapewnienia jak najwi\u0119kszej dok\u0142adno\u015bci pomiar\u00f3w. Dok\u0142adno\u015b\u0107 ta jest niezb\u0119dna w procesie radioterapii oraz diagnostyki medycznej. Prowadzone prace obejm\u0105 r\u00f3wnie\u017c dzia\u0142ania zwi\u0105zane z powszechnie rozumian\u0105 ochron\u0105 radiologiczn\u0105 i zapewnieniem bezpiecze\u0144stwa pracy osob\u0105 pracuj\u0105cym w nara\u017ceniu na promieniowanie jonizuj\u0105ce.<\/p>\n","protected":false},"excerpt":{"rendered":"<p>Instytut Fizyki Uniwersytetu Jana Kochanowskiego w Kielcach wsp\u00f3\u0142pracuje z \u015awi\u0119tokrzyskim Kampusem Laboratoryjnym G\u0142\u00f3wnego Urz\u0119du Miar (https:\/\/kampus.gum.gov.pl\/). Prowadzona wsp\u00f3\u0142praca obejmuje: &#8211; prowadzenie prac badawczo-rozwojowych w Centrum Oblicze\u0144 i Modelowania Komputerowego (http:\/\/coimk.ujk.edu.pl), &#8211; wsp\u00f3ln\u0105 realizacj\u0119 projektu naukowego ,,Podstawy metrologiczne terapii z wykorzystaniem promieniowania jonizuj\u0105cego\u201d realizowanego w latach 2022-2024 w ramach programu Polska Metrologia I (PM\/SP\/0012\/2021\/1). Uczestnikami projektu [&hellip;]<\/p>\n","protected":false},"author":1,"featured_media":0,"parent":1120,"menu_order":1,"comment_status":"closed","ping_status":"closed","template":"","meta":{"footnotes":""},"class_list":["post-1789","page","type-page","status-publish","hentry"],"_links":{"self":[{"href":"https:\/\/fizyka.ujk.edu.pl\/index.php\/wp-json\/wp\/v2\/pages\/1789","targetHints":{"allow":["GET"]}}],"collection":[{"href":"https:\/\/fizyka.ujk.edu.pl\/index.php\/wp-json\/wp\/v2\/pages"}],"about":[{"href":"https:\/\/fizyka.ujk.edu.pl\/index.php\/wp-json\/wp\/v2\/types\/page"}],"author":[{"embeddable":true,"href":"https:\/\/fizyka.ujk.edu.pl\/index.php\/wp-json\/wp\/v2\/users\/1"}],"replies":[{"embeddable":true,"href":"https:\/\/fizyka.ujk.edu.pl\/index.php\/wp-json\/wp\/v2\/comments?post=1789"}],"version-history":[{"count":10,"href":"https:\/\/fizyka.ujk.edu.pl\/index.php\/wp-json\/wp\/v2\/pages\/1789\/revisions"}],"predecessor-version":[{"id":1985,"href":"https:\/\/fizyka.ujk.edu.pl\/index.php\/wp-json\/wp\/v2\/pages\/1789\/revisions\/1985"}],"up":[{"embeddable":true,"href":"https:\/\/fizyka.ujk.edu.pl\/index.php\/wp-json\/wp\/v2\/pages\/1120"}],"wp:attachment":[{"href":"https:\/\/fizyka.ujk.edu.pl\/index.php\/wp-json\/wp\/v2\/media?parent=1789"}],"curies":[{"name":"wp","href":"https:\/\/api.w.org\/{rel}","templated":true}]}}