{"id":1780,"date":"2025-01-23T13:49:24","date_gmt":"2025-01-23T12:49:24","guid":{"rendered":"https:\/\/fizyka.ujk.edu.pl\/?page_id=1780"},"modified":"2025-11-03T10:56:14","modified_gmt":"2025-11-03T09:56:14","slug":"kontakt","status":"publish","type":"page","link":"https:\/\/fizyka.ujk.edu.pl\/index.php\/wspolpraca\/kontakt\/","title":{"rendered":"Kontakt"},"content":{"rendered":"<p align=\"justify\">\n<h3><strong>Instytucje i szko\u0142y zainteresowane wsp\u00f3\u0142prac\u0105 z Instytutem Fizyki<br \/>\nUniwersytetu Jana Kochanowskiego w Kielcach prosimy o kontakt:<\/p>\n<p><\/strong><\/h3>\n<ul>\n<li><strong>Dr hab. Aldona Kubala-Kuku\u015b, prof. UJK<\/strong> (aldona.kubala-kukus@ujk.edu.pl) \u2013 Dyrektor Instytutu Fizyki,<\/li>\n<li><strong>Dr in\u017c. Milena Piotrowska<\/strong> (milena.piotrowska@ujk.edu.pl) &#8211; Z-ca Dyrektora ds. kszta\u0142cenia dla kierunk\u00f3w Fizyka, Fizyka techniczna i Systemy diagnostyczne w medycynie,<\/li>\n<li><strong>Dr in\u017c. Pawe\u0142 Jagodzi\u0144ski<\/strong> (pawel.jagodzinski@ujk.edu.pl) &#8211; Z-ca Dyrektora ds. kszta\u0142cenia dla kierunk\u00f3w Informatyka i In\u017cynieria danych,<\/li>\n<li><strong>Dr \u0141ukasz Jab\u0142o\u0144ski<\/strong> (lukasz.jablonski@ujk.edu.pl) &#8211;  koordynator do spraw kontakt\u00f3w z otoczeniem spo\u0142eczno-gospodarczym.<\/li>\n<\/ul>\n","protected":false},"excerpt":{"rendered":"<p>Instytucje i szko\u0142y zainteresowane wsp\u00f3\u0142prac\u0105 z Instytutem Fizyki Uniwersytetu Jana Kochanowskiego w Kielcach prosimy o kontakt: Dr hab. Aldona Kubala-Kuku\u015b, prof. UJK (aldona.kubala-kukus@ujk.edu.pl) \u2013 Dyrektor Instytutu Fizyki, Dr in\u017c. Milena Piotrowska (milena.piotrowska@ujk.edu.pl) &#8211; Z-ca Dyrektora ds. kszta\u0142cenia dla kierunk\u00f3w Fizyka, Fizyka techniczna i Systemy diagnostyczne w medycynie, Dr in\u017c. Pawe\u0142 Jagodzi\u0144ski (pawel.jagodzinski@ujk.edu.pl) &#8211; Z-ca Dyrektora [&hellip;]<\/p>\n","protected":false},"author":1,"featured_media":0,"parent":1120,"menu_order":999,"comment_status":"closed","ping_status":"closed","template":"","meta":{"footnotes":""},"class_list":["post-1780","page","type-page","status-publish","hentry"],"_links":{"self":[{"href":"https:\/\/fizyka.ujk.edu.pl\/index.php\/wp-json\/wp\/v2\/pages\/1780","targetHints":{"allow":["GET"]}}],"collection":[{"href":"https:\/\/fizyka.ujk.edu.pl\/index.php\/wp-json\/wp\/v2\/pages"}],"about":[{"href":"https:\/\/fizyka.ujk.edu.pl\/index.php\/wp-json\/wp\/v2\/types\/page"}],"author":[{"embeddable":true,"href":"https:\/\/fizyka.ujk.edu.pl\/index.php\/wp-json\/wp\/v2\/users\/1"}],"replies":[{"embeddable":true,"href":"https:\/\/fizyka.ujk.edu.pl\/index.php\/wp-json\/wp\/v2\/comments?post=1780"}],"version-history":[{"count":11,"href":"https:\/\/fizyka.ujk.edu.pl\/index.php\/wp-json\/wp\/v2\/pages\/1780\/revisions"}],"predecessor-version":[{"id":2233,"href":"https:\/\/fizyka.ujk.edu.pl\/index.php\/wp-json\/wp\/v2\/pages\/1780\/revisions\/2233"}],"up":[{"embeddable":true,"href":"https:\/\/fizyka.ujk.edu.pl\/index.php\/wp-json\/wp\/v2\/pages\/1120"}],"wp:attachment":[{"href":"https:\/\/fizyka.ujk.edu.pl\/index.php\/wp-json\/wp\/v2\/media?parent=1780"}],"curies":[{"name":"wp","href":"https:\/\/api.w.org\/{rel}","templated":true}]}}