{"id":171,"date":"2021-09-21T13:58:03","date_gmt":"2021-09-21T11:58:03","guid":{"rendered":"https:\/\/fizyka.ujk.edu.pl\/nowa\/?page_id=171"},"modified":"2026-01-21T09:28:06","modified_gmt":"2026-01-21T08:28:06","slug":"zespoly-ds-programow-ksztalcenia","status":"publish","type":"page","link":"https:\/\/fizyka.ujk.edu.pl\/index.php\/jakosc-ksztalcenia\/zespoly-ds-programow-ksztalcenia\/","title":{"rendered":"Kierunkowe Zespo\u0142y ds. Jako\u015bci Kszta\u0142cenia"},"content":{"rendered":"<h2>Kierunkowe Zespo\u0142y ds. Jako\u015bci Kszta\u0142cenia na rok akademicki 2025\/2026<\/h2>\n<p><strong>dla kierunku Fizyka:<\/strong><\/p>\n<ul>\n<li>dr hab. Aldona Kubala-Kuku\u015b<\/li>\n<li>dr in\u017c. Milena Piotrowska<\/li>\n<li>dr hab. Dariusz Bana\u015b<\/li>\n<li>dr Ma\u0142gorzata Wysocka-Kunisz<\/li>\n<li>dr \u0141ukasz Jab\u0142o\u0144ski<\/li>\n<li>dr Janusz Krywult<\/li>\n<li>dr Andrzej D\u0105browski<\/li>\n<li>dr Rados\u0142aw Maj<\/li>\n<li>dr Pawe\u0142 Wo\u0142owiec \u2013 interesariusz zewn\u0119trzny (\u015awi\u0119tokrzyskie Centrum Onkologii)<\/li>\n<li>mgr Magdalena S\u0142oma &#8211; Przedstawiciel interesariuszy zewn\u0119trznych(V LO w Kielcach)<\/li>\n<li>mgr Mariola Koszto\u0142owicz &#8211; Przedstawiciel interesariuszy zewn\u0119trznych (\u015awi\u0119tokrzyskie Centrum Doskonalenia Nauczycieli)<\/li>\n<li>mgr in\u017c. Aleksandra Malinowska &#8211; Przedstawiciel interesariuszy zewn\u0119trznych (\u015awi\u0119tokrzyski Kampus Laboratoryjny G\u0142\u00f3wnego Urz\u0119du Miar)<\/li>\n<li>mgr Karol Szary Pracownik nieb\u0119d\u0105cy nauczycielem akademickim <\/li>\n<li> Weronika Szyszka &#8211; Studentka kierunku Fizyka<\/li>\n<\/ul>\n<p><strong>dla kierunku Fizyka Medyczna:<\/strong><\/p>\n<ul>\n<li>dr hab. Aldona Kubala-Kuku\u015b<\/li>\n<li>dr in\u017c. Milena Piotrowska<\/li>\n<li>dr hab. Dariusz Bana\u015b<\/li>\n<li>dr Ma\u0142gorzata Wysocka-Kunisz<\/li>\n<li>dr in\u017c. Pawe\u0142 Jagodzi\u0144ski<\/li>\n<li>dr Ilona Stabrawa<\/li>\n<li>dr Andrzej D\u0105browski <\/li>\n<li>dr Pawe\u0142 Wo\u0142owiec \u2013 interesariusz zewn\u0119trzny (\u015awi\u0119tokrzyskie Centrum Onkologii)<\/li>\n<li>mgr Sylwia Zieli\u0144ska-D\u0105browska \u2013 interesariusz zewn\u0119trzny (\u015awi\u0119tokrzyskie Centrum Onkologii)<\/li>\n<li>mgr in\u017c. Aleksandra Malinowska &#8211; Przedstawiciel interesariuszy zewn\u0119trznych (\u015awi\u0119tokrzyski Kampus Laboratoryjny GUM)<\/li>\n<li>mgr in\u017c. Daniel Sobota &#8211; Pracownik nieb\u0119d\u0105cy nauczycielem akademickim<\/li>\n<li> lic. Natalia Wojta\u015b &#8211; Student kierunku Fizyka Medyczna<\/li>\n<\/ul>\n<p><strong>dla kierunku Fizyka Techniczna:<\/strong><\/p>\n<ul>\n<li>dr hab. Aldona Kubala-Kuku\u015b<\/li>\n<li>dr in\u017c. Milena Piotrowska<\/li>\n<li>dr hab. Dariusz Bana\u015b<\/li>\n<li>dr Ma\u0142gorzata Wysocka-Kunisz<\/li>\n<li>dr in\u017c. Pawe\u0142 Jagodzi\u0144ski<\/li>\n<li>dr Arkadiusz Kuro\u015b<\/li>\n<li>dr Rados\u0142aw Maj<\/li>\n<li>mgr Sylwia Zieli\u0144ska-D\u0105browska \u2013 interesariusz zewn\u0119trzny (\u015awi\u0119tokrzyskie Centrum Onkologii)<\/li>\n<li>mgr Magdalena S\u0142oma &#8211; Przedstawiciel interesariuszy zewn\u0119trznych (V LO w Kielcach)<\/li>\n<li>mgr Mariola Koszto\u0142owicz &#8211; Przedstawiciel interesariuszy zewn\u0119trznych (\u015awi\u0119tokrzyskie Centrum Doskonalenia Nauczycieli)<\/li>\n<li>mgr in\u017c. Aleksandra Malinowska &#8211; Przedstawiciel interesariuszy zewn\u0119trznych (\u015awi\u0119tokrzyski Kampus Laboratoryjny GUM)<\/li>\n<li>mgr in\u017c. Marcin Drabik &#8211; Pracownik nieb\u0119d\u0105cy nauczycielem akademickim<\/li>\n<li>Piotr Terlecki &#8211; Student kierunku Fizyka Techniczna<\/li>\n<\/ul>\n<p><strong>dla kierunku Informatyka:<\/strong><\/p>\n<ul>\n<li>dr hab. Aldona Kubala-Kuku\u015b<\/li>\n<li>dr in\u017c. Pawe\u0142 Jagodzi\u0144ski<\/li>\n<li>dr Ma\u0142gorzata Wysocka-Kunisz<\/li>\n<li>dr in\u017c. Przemys\u0142aw \u015alusarczyk<\/li>\n<li>dr in\u017c. Tomasz Ru\u015b\u0107<\/li>\n<li>dr in\u017c. Ma\u0142gorzata \u017babi\u0144ska-Rakoczy<\/li>\n<li>dr Aleksander Lam\u017ca<\/li>\n<li>dr Mariusz Marzec<\/li>\n<li>dr Monika Biernacka<\/li>\n<li>dr Martin Rohrmoser<\/li>\n<li>dr Janusz Krywult<\/li>\n<li>mgr Dariusz Pasieka<\/li>\n<li>mgr in\u017c. Rafa\u0142 Kaczmarzyk &#8211; Przedstawiciel interesariuszy zewn\u0119trznych (Kielecki Park Technologiczny)<\/li>\n<li>mgr in\u017c. Przemys\u0142aw Krawczyk &#8211; Przedstawiciel interesariuszy zewn\u0119trznych (PW Interbit Sp. z o.o.)<\/li>\n<li>mgr in\u017c. Adam Olszewski  &#8211; Przedstawiciel interesariuszy zewn\u0119trznych (Olszewski Technologies)<\/li>\n<li>mgr Hubert Grze\u015bkiewicz &#8211; Przedstawiciel interesariuszy zewn\u0119trznych (Szko\u0142y Zak\u0142adu Doskonalenia Zawodowego)<\/li>\n<li>in\u017c. Bart\u0142omiej Kowalczyk &#8211; Pracownik nieb\u0119d\u0105cy nauczycielem akademickim\n<\/li>\n<li>Jacek Gawron  &#8211; Student kierunku Informatyka<\/li>\n<\/ul>\n<p><strong>dla kierunku In\u017cynieria Danych:<\/strong><\/p>\n<ul>\n<li>dr hab. Aldona Kubala-Kuku\u015b<\/li>\n<li>dr hab. Pawe\u0142 Kankiewicz<\/li>\n<li>dr in\u017c. Pawe\u0142 Jagodzi\u0144ski<\/li>\n<li>dr Ma\u0142gorzata Wysocka-Kunisz<\/li>\n<li>dr in\u017c. Tomasz Ru\u015b\u0107<\/li>\n<li>dr in\u017c. Przemys\u0142aw \u015alusarczyk<\/li>\n<li>dr Monika Biernacka<\/li>\n<li>dr Rados\u0142aw Maj<\/li>\n<li>mgr in\u017c. Agnieszka \u0141ysak<\/li>\n<li>mgr in\u017c. Przemys\u0142aw Krawczyk &#8211; Przedstawiciel interesariuszy zewn\u0119trznych (PW Interbit Sp. z o.o.)<\/li>\n<li>mgr in\u017c. Rafa\u0142 Kaczmarzyk &#8211; Przedstawiciel interesariuszy zewn\u0119trznych (Kielecki Park Technologiczny)<\/li>\n<li>mgr in\u017c. Adam Olszewski  &#8211; Przedstawiciel interesariuszy zewn\u0119trznych (Olszewski Technologies)<\/li>\n<li>mgr Hubert Grze\u015bkiewicz &#8211; Przedstawiciel interesariuszy zewn\u0119trznych (Szko\u0142y Zak\u0142adu Doskonalenia Zawodowego)<\/li>\n<li>in\u017c. Bart\u0142omiej Kowalczyk &#8211; Pracownik nieb\u0119d\u0105cy nauczycielem akademickim<\/li>\n<li>Jan Dzia\u0142owski &#8211; Student kierunku In\u017cynieria Danych<\/li>\n<\/ul>\n<p><strong>dla kierunku Systemy diagnostyczne w medycynie:<\/strong><\/p>\n<ul>\n<li>dr hab. Aldona Kubala-Kuku\u015b<\/li>\n<li>dr in\u017c. Milena Piotrowska<\/li>\n<li>dr hab. Dariusz Bana\u015b<\/li>\n<li>dr Ma\u0142gorzata Wysocka-Kunisz<\/li>\n<li>dr in\u017c.Pawe\u0142 Jagodzi\u0144ski<\/li>\n<li>dr Ilona Stabrawa<\/li>\n<li>dr Andrzej D\u0105browski<\/li>\n<li>dr Rados\u0142aw Maj<\/li>\n<li>dr Pawe\u0142 Wo\u0142owiec \u2013 interesariusz zewn\u0119trzny (\u015awi\u0119tokrzyskie Centrum Onkologii)<\/li>\n<li>mgr in\u017c. Aleksandra Malinowska &#8211; Przedstawiciel interesariuszy zewn\u0119trznych (\u015awi\u0119tokrzyski Kampus Laboratoryjny G\u0142\u00f3wnego Urz\u0119du Miar)<\/li>\n<li>mgr Karol Szary &#8211; Pracownik nieb\u0119d\u0105cy nauczycielem akademickim<\/li>\n<li>Wiktoria Pedrycz- Studentka kierunku Systemy diagnostyczne w medycynie<\/li>\n<\/ul>\n<h3>Harmonogramy prac KZJK w roku akademickim 2025\/26<\/h3>\n<ul>\n<li>Fizyka <a href=\"https:\/\/fizyka.ujk.edu.pl\/files\/quality\/2025-2026\/Harmonogram_Fizyka2025_2026.pdf\" target=\"_blank\" rel=\"noopener\"> Plik PDF<\/a><\/li>\n<li>Fizyka Medyczna <a href=\"https:\/\/fizyka.ujk.edu.pl\/files\/quality\/2025-2026\/Harmmonogram_FizykaMedyczna_2025_2026.pdf\" target=\"_blank\" rel=\"noopener\">Plik PDF<\/a><\/li>\n<li>Fizyka Techniczna <a href=\"https:\/\/fizyka.ujk.edu.pl\/files\/quality\/2025-2026\/Harmonogram_KZJK_2025_2026_Fizyka_techniczna.pdf\" target=\"_blank\" rel=\"noopener\">Plik PDF<\/a><\/li>\n<li>Informatyka <a href=\"https:\/\/fizyka.ujk.edu.pl\/files\/quality\/2025-2026\/HarmonogramPracKZJK_2025-26_INF.pdf\" target=\"_blank\" rel=\"noopener\">Plik PDF<\/a><\/li>\n<li>In\u017cynieria danych <a href=\"https:\/\/fizyka.ujk.edu.pl\/files\/quality\/2025-2026\/HarmonogramPracKZJK_2025-26_ID.pdf\" target=\"_blank\" rel=\"noopener\">Plik PDF<\/a><\/li>\n<li>Systemy diagnostyczne w medycynie <a href=\"https:\/\/fizyka.ujk.edu.pl\/files\/quality\/2025-2026\/Harmonogram_KZJK_2025_2026_SDwM.pdf\" target=\"_blank\" rel=\"noopener\">Plik PDF<\/a><\/li>\n<\/ul>\n<p><!-- MOZE DO USUNIECIA\n\n\n<h3>Harmonogramy prac KZJK w roku akademickim 2024\/25<\/h3>\n\n\n\n\n<ul>\n \t\n\n<li>Fizyka <a href=\"https:\/\/fizyka.ujk.edu.pl\/files\/plans\/2024-2025\/Harmonogram_Fizyka2024_2025.pdf\" target=\"_blank\" rel=\"noopener\"> Plik PDF<\/a><\/li>\n\n\n \t\n\n<li>Fizyka Techniczna <a href=\"https:\/\/fizyka.ujk.edu.pl\/files\/plans\/2024-2025\/Harmonogram_KZJK_2024_25_Fizyka_techniczna.pdf\" target=\"_blank\" rel=\"noopener\">Plik PDF<\/a><\/li>\n\n\n \t\n\n<li>Informatyka <a href=\"https:\/\/fizyka.ujk.edu.pl\/files\/plans\/2024-2025\/2024_Harmonogram_KZJK_2024-25_Informatyka.pdf\" target=\"_blank\" rel=\"noopener\">Plik PDF<\/a><\/li>\n\n\n \t\n\n<li>In\u017cynieria danych <a href=\"https:\/\/fizyka.ujk.edu.pl\/files\/plans\/2024-2025\/2024 Harmonogram KZJK 2024-25 In\u017cynieria Danych uzupe\u0142niony.pdf\" target=\"_blank\" rel=\"noopener\">Plik PDF<\/a><\/li>\n\n\n \t\n\n<li>Systemy diagnostyczne w medycynie <a href=\"https:\/\/fizyka.ujk.edu.pl\/files\/plans\/2024-2025\/Harmmonogram_SDwM_2024_2025.pdf\" target=\"_blank\" rel=\"noopener\">Plik PDF<\/a><\/li>\n\n\n<\/ul>\n\n --><\/p>\n<h3>Sprawozdania z ankiet samooceny osi\u0105gni\u0119cia przez absolwent\u00f3w efekt\u00f3w kszta\u0142cenia<\/h3>\n<ul>\n<li>Sprawozdanie z ankiet samooceny osi\u0105gni\u0119cia przez student\u00f3w efekt\u00f3w<br \/>\nkszta\u0142cenia za rok 2023\/24 \u2013 Fizyka techniczna <a href=\"https:\/\/fizyka.ujk.edu.pl\/files\/quality\/2023-2024\/Sprawozdanie_efekty_uczenia_2023_24_Fizyka_techniczna.pdf\" target=\"_blank\" rel=\"noopener\">Plik PDF<\/a><\/li>\n<li>Sprawozdanie z ankiet samooceny osi\u0105gni\u0119cia przez student\u00f3w efekt\u00f3w<br \/>\nkszta\u0142cenia za rok 2023\/24 \u2013 Fizyka <a href=\"https:\/\/fizyka.ujk.edu.pl\/files\/quality\/2023-2024\/efektyUczenia-Fizyka_IIs_sprawozdanie_2023_24.pdf\" target=\"_blank\" rel=\"noopener\">Plik PDF<\/a><\/li>\n<li>Sprawozdanie z ankiet samooceny osi\u0105gni\u0119cia przez student\u00f3w efekt\u00f3w kszta\u0142cenia za rok 2023\/24 &#8211; Informatyka <a href=\"https:\/\/fizyka.ujk.edu.pl\/files\/quality\/2023-2024\/2023-24_IF_INF_AnkietySamooceny.pdf\" target=\"_blank\" rel=\"noopener\">Plik PDF<\/a><\/li>\n<li>Sprawozdanie z ankiet samooceny osi\u0105gni\u0119cia przez student\u00f3w efekt\u00f3w kszta\u0142cenia za rok 2023\/24 &#8211; In\u017cynieria Danych <a href=\"https:\/\/fizyka.ujk.edu.pl\/files\/quality\/2023-2024\/2023-24_IF_ID_AnkietySamooceny.pdf\" target=\"_blank\" rel=\"noopener\">Plik PDF<\/a><\/li>\n<\/ul>\n<h3>Raport z oceny pracownik\u00f3w IF przez student\u00f3w<\/h3>\n<ul>\n<li>semestr letni 2023\/24 <a href=\"https:\/\/fizyka.ujk.edu.pl\/files\/quality\/2023-2024\/AnalizaOcenPracownikowIF_semestr_letni_23_24.pdf\" target=\"_blank\" rel=\"noopener\">Plik PDF<\/a><\/li>\n<li>semestr zimowy 2024\/25 <a href=\"https:\/\/fizyka.ujk.edu.pl\/files\/quality\/2024-2025\/2024_2025_zima-AnalizaOcenPracownik\u00f3w.pdf\" target=\"_blank\" rel=\"noopener\">Plik PDF<\/a><\/li>\n<\/ul>\n<h3>Hospitacje<\/h3>\n<ul>\n<li>Harmonogram hospitacji w roku akademickim 2025\/2026 <a href=\"https:\/\/fizyka.ujk.edu.pl\/files\/quality\/2025-2026\/2025-26_IF_harmonogram hospitacji_MP.pdf\" target=\"_blank\"     rel=\"noopener\">Plik PDF<\/a><\/li>\n<li>Harmonogram hospitacji w roku akademickim 2024\/2025 <a href=\"https:\/\/fizyka.ujk.edu.pl\/files\/quality\/2024-2025\/2024-25_IF_HarmonogramHospitacji.pdf\" target=\"_blank\" rel=\"noopener\">Plik PDF<\/a><\/li>\n<li>Sprawozdanie z realizacji hospitacji zaj\u0119\u0107 dydaktycznych w Instytucie Fizyki w roku akademickim 2024\/2025 <a href=\"https:\/\/fizyka.ujk.edu.pl\/files\/quality\/2024-2025\/2025-26_IF_sprawozdanie_hospitacje_MP.pdf\" target=\"_blank\" rel=\"noopener\">Plik PDF<\/a><\/li>\n<\/ul>\n<h3>Analiza prac dyplomowych &#8211; wnioski i zalecenia dla kadry dydaktycznej <\/h3>\n<ul>\n<li>Raport-rok akademicki 2024\/2025 <a href=\"https:\/\/fizyka.ujk.edu.pl\/files\/quality\/2024-2025\/Sprawozdanie_proces dyplowania _2025.pdf\" target=\"_blank\" rel=\"noopener\">Plik PDF<\/a><\/li>\n<\/ul>\n<h3>Sprawozdanie z analizy prac cz\u0105stkowych\/etapowych<\/h3>\n<ul>\n<li>semestr zimowy 2024\/2025 <a href=\"https:\/\/fizyka.ujk.edu.pl\/files\/quality\/2024-2025\/prace_etapowe_raport_s_zimowy_24_25.pdf\" target=\"_blank\" rel=\"noopener\">Plik PDF<\/a><\/li>\n<\/ul>\n<h3>Ankiety samooceny osi\u0105gni\u0119cia  kierunkowych efekt\u00f3w  kszta\u0142cenia<\/h3>\n<ul>\n<li>Ankieta samooceny osi\u0105gni\u0119cia kierunkowych efekt\u00f3w kszta\u0142cenia &#8211; Fizyka technicza I stopie\u0144 <a href=\"https:\/\/wmp.ujk.edu.pl\/wp-content\/uploads\/pliki\/studenci-wnioski-i-wzory-dokumentow\/ankieta_samooceny_osiagniecia_kierunkowych_efektow_ksztalcenia_fizyka_techniczna_I_stop.pdf\" target=\"_blank\" rel=\"noopener\"> Plik PDF<\/a> <\/li>\n<li>Ankieta samooceny osi\u0105gni\u0119cia kierunkowych efekt\u00f3w kszta\u0142cenia &#8211;  In\u017cynieria danych I stopie\u0144  <a href=\"https:\/\/wmp.ujk.edu.pl\/wp-content\/uploads\/pliki\/studenci-wnioski-i-wzory-dokumentow\/ankieta_samooceny_osiagniecia_kierunkowych_efektow_ksztalcenia_inzynieria_danych_I_stop.pdf\" target=\"_blank\" rel=\"noopener\"> Plik PDF<\/a> <\/li>\n<li>Ankieta samooceny osi\u0105gni\u0119cia kierunkowych efekt\u00f3w kszta\u0142cenia &#8211;  Fizyka II stopie\u0144  <a href=\"https:\/\/wmp.ujk.edu.pl\/wp-content\/uploads\/pliki\/studenci-wnioski-i-wzory-dokumentow\/ankieta_samooceny_osiagniecia_kierunkowych_efektow_ksztalcenia_fizyka_II_stop.pdf\" target=\"_blank\" rel=\"noopener\"> Plik PDF<\/a> <\/li>\n<li>Ankieta samooceny osi\u0105gni\u0119cia kierunkowych efekt\u00f3w kszta\u0142cenia &#8211;  Informatyka I stopie\u0144  <a href=\"https:\/\/wmp.ujk.edu.pl\/wp-content\/uploads\/pliki\/studenci-wnioski-i-wzory-dokumentow\/ankieta_samooceny_osiagniecia_kierunkowych_efektow_ksztalcenia_informatyka_I_stop.pdf\" target=\"_blank\" rel=\"noopener\"> Plik PDF<\/a> <\/li>\n<\/ul>\n<h3>Procedura KZJK oceny jako\u015bci prac dyplomowych<\/h3>\n<ul>\n<li>Procedura KZJK oceny jako\u015bci prac dyplomowych <a href=\"https:\/\/fizyka.ujk.edu.pl\/files\/quality\/2025-2026\/procedura KZJK oceny jako\u015bci prac dyplomowych_IF.pdf\" target=\"_blank\" rel=\"noopener\"> Plik PDF<\/a> <\/li>\n<\/ul>\n","protected":false},"excerpt":{"rendered":"<p>Kierunkowe Zespo\u0142y ds. Jako\u015bci Kszta\u0142cenia na rok akademicki 2025\/2026 dla kierunku Fizyka: dr hab. Aldona Kubala-Kuku\u015b dr in\u017c. Milena Piotrowska dr hab. Dariusz Bana\u015b dr Ma\u0142gorzata Wysocka-Kunisz dr \u0141ukasz Jab\u0142o\u0144ski dr Janusz Krywult dr Andrzej D\u0105browski dr Rados\u0142aw Maj dr Pawe\u0142 Wo\u0142owiec \u2013 interesariusz zewn\u0119trzny (\u015awi\u0119tokrzyskie Centrum Onkologii) mgr Magdalena S\u0142oma &#8211; Przedstawiciel interesariuszy zewn\u0119trznych(V [&hellip;]<\/p>\n","protected":false},"author":1,"featured_media":0,"parent":167,"menu_order":0,"comment_status":"closed","ping_status":"closed","template":"","meta":{"footnotes":""},"class_list":["post-171","page","type-page","status-publish","hentry"],"_links":{"self":[{"href":"https:\/\/fizyka.ujk.edu.pl\/index.php\/wp-json\/wp\/v2\/pages\/171","targetHints":{"allow":["GET"]}}],"collection":[{"href":"https:\/\/fizyka.ujk.edu.pl\/index.php\/wp-json\/wp\/v2\/pages"}],"about":[{"href":"https:\/\/fizyka.ujk.edu.pl\/index.php\/wp-json\/wp\/v2\/types\/page"}],"author":[{"embeddable":true,"href":"https:\/\/fizyka.ujk.edu.pl\/index.php\/wp-json\/wp\/v2\/users\/1"}],"replies":[{"embeddable":true,"href":"https:\/\/fizyka.ujk.edu.pl\/index.php\/wp-json\/wp\/v2\/comments?post=171"}],"version-history":[{"count":76,"href":"https:\/\/fizyka.ujk.edu.pl\/index.php\/wp-json\/wp\/v2\/pages\/171\/revisions"}],"predecessor-version":[{"id":2346,"href":"https:\/\/fizyka.ujk.edu.pl\/index.php\/wp-json\/wp\/v2\/pages\/171\/revisions\/2346"}],"up":[{"embeddable":true,"href":"https:\/\/fizyka.ujk.edu.pl\/index.php\/wp-json\/wp\/v2\/pages\/167"}],"wp:attachment":[{"href":"https:\/\/fizyka.ujk.edu.pl\/index.php\/wp-json\/wp\/v2\/media?parent=171"}],"curies":[{"name":"wp","href":"https:\/\/api.w.org\/{rel}","templated":true}]}}