{"id":169,"date":"2021-09-21T13:57:29","date_gmt":"2021-09-21T11:57:29","guid":{"rendered":"https:\/\/fizyka.ujk.edu.pl\/nowa\/?page_id=169"},"modified":"2025-11-03T10:15:46","modified_gmt":"2025-11-03T09:15:46","slug":"podstawowe-informacje","status":"publish","type":"page","link":"https:\/\/fizyka.ujk.edu.pl\/index.php\/jakosc-ksztalcenia\/podstawowe-informacje\/","title":{"rendered":"Podstawowe informacje"},"content":{"rendered":"<h2>Informacje podstawowe<\/h2>\n<h3>Regulamin studi\u00f3w<\/h3>\n<p> Tre\u015b\u0107 regulaminu studi\u00f3w Uniwersytetu Jana Kochanowskiego dost\u0119pny  w postaci <a href=\"https:\/\/bip.ujk.edu.pl\/webujk\/225\" target=\"_blank\" rel=\"noopener\">pliku PDF<\/a><\/p>\n<h3>Ksi\u0119ga procedur<\/h3>\n<p> Rejestr  procedur og\u00f3lnouczelnianych zapewniania i doskonalenia jako\u015bci kszta\u0142cenia znajd\u0105 Pa\u0144stwo klikaj\u0105c <a href=\"https:\/\/ujk.edu.pl\/ksztalcenie\/system-zapewniania-jakosci-ksztalcenia\/uczelniany-system-zapewniania-jakosci-ksztalcenia-uszjk\/ksiega-procedur\/\" target=\"_blank\" rel=\"noopener\"> link do ksi\u0119gi procedur<\/a><\/p>\n<h3>Hospitacje wyk\u0142adowc\u00f3w<\/h3>\n<p> Harmonogram  hospitacji dost\u0119pny do wgl\u0105du u Dyrektora ds. dydaktycznych <a href=\"https:\/\/fizyka.ujk.edu.pl\/files\/quality\/2025-2026\/2025-26_IF_harmonogram%20hospitacji_MP.pdf\" target=\"_blank\" rel=\"noopener\"> i dost\u0119pne pod linkiem<\/a><\/p>\n<\/p>\n<h3>Karty przedmiot\u00f3w<\/h3>\n<p> Wykaz Kart Przedmiotowych znajd\u0105 Pa\u0144stwo klikaj\u0105c <a href=\"https:\/\/fizyka.ujk.edu.pl\/index.php\/studia\/karty-przedmiotow\/\" target=\"_blank\" rel=\"noopener\"> link do kart przedmiot\u00f3w<\/a><\/p>\n<h3>Plany Studi\u00f3w <\/h3>\n<p> Aktualne Plany studi\u00f3w  znajd\u0105 Pa\u0144stwo klikaj\u0105c <a href=\"https:\/\/fizyka.ujk.edu.pl\/index.php\/studia\/programy-i-harmonogram\/\" target=\"_blank\" rel=\"noopener\"> link do plan\u00f3w studi\u00f3w<\/a><\/p>\n<h3>Praktyki Zawodowe <\/h3>\n<p> Informacje o  studenckich praktykach zawodowych realizowanych w Instytucie znajd\u0105 Pa\u0144stwo klikaj\u0105c <a href=\"https:\/\/fizyka.ujk.edu.pl\/index.php\/studia\/praktyki\" target=\"_blank\" rel=\"noopener\"> link do informacji o praktykach<\/a><\/p>\n","protected":false},"excerpt":{"rendered":"<p>Informacje podstawowe Regulamin studi\u00f3w Tre\u015b\u0107 regulaminu studi\u00f3w Uniwersytetu Jana Kochanowskiego dost\u0119pny w postaci pliku PDF Ksi\u0119ga procedur Rejestr procedur og\u00f3lnouczelnianych zapewniania i doskonalenia jako\u015bci kszta\u0142cenia znajd\u0105 Pa\u0144stwo klikaj\u0105c link do ksi\u0119gi procedur Hospitacje wyk\u0142adowc\u00f3w Harmonogram hospitacji dost\u0119pny do wgl\u0105du u Dyrektora ds. dydaktycznych i dost\u0119pne pod linkiem Karty przedmiot\u00f3w Wykaz Kart Przedmiotowych znajd\u0105 Pa\u0144stwo klikaj\u0105c [&hellip;]<\/p>\n","protected":false},"author":1,"featured_media":364,"parent":167,"menu_order":0,"comment_status":"closed","ping_status":"closed","template":"","meta":{"footnotes":""},"class_list":["post-169","page","type-page","status-publish","has-post-thumbnail","hentry"],"_links":{"self":[{"href":"https:\/\/fizyka.ujk.edu.pl\/index.php\/wp-json\/wp\/v2\/pages\/169","targetHints":{"allow":["GET"]}}],"collection":[{"href":"https:\/\/fizyka.ujk.edu.pl\/index.php\/wp-json\/wp\/v2\/pages"}],"about":[{"href":"https:\/\/fizyka.ujk.edu.pl\/index.php\/wp-json\/wp\/v2\/types\/page"}],"author":[{"embeddable":true,"href":"https:\/\/fizyka.ujk.edu.pl\/index.php\/wp-json\/wp\/v2\/users\/1"}],"replies":[{"embeddable":true,"href":"https:\/\/fizyka.ujk.edu.pl\/index.php\/wp-json\/wp\/v2\/comments?post=169"}],"version-history":[{"count":9,"href":"https:\/\/fizyka.ujk.edu.pl\/index.php\/wp-json\/wp\/v2\/pages\/169\/revisions"}],"predecessor-version":[{"id":2214,"href":"https:\/\/fizyka.ujk.edu.pl\/index.php\/wp-json\/wp\/v2\/pages\/169\/revisions\/2214"}],"up":[{"embeddable":true,"href":"https:\/\/fizyka.ujk.edu.pl\/index.php\/wp-json\/wp\/v2\/pages\/167"}],"wp:featuredmedia":[{"embeddable":true,"href":"https:\/\/fizyka.ujk.edu.pl\/index.php\/wp-json\/wp\/v2\/media\/364"}],"wp:attachment":[{"href":"https:\/\/fizyka.ujk.edu.pl\/index.php\/wp-json\/wp\/v2\/media?parent=169"}],"curies":[{"name":"wp","href":"https:\/\/api.w.org\/{rel}","templated":true}]}}