{"id":1570,"date":"2024-10-25T09:54:35","date_gmt":"2024-10-25T07:54:35","guid":{"rendered":"https:\/\/fizyka.ujk.edu.pl\/?page_id=1570"},"modified":"2025-10-20T14:20:53","modified_gmt":"2025-10-20T12:20:53","slug":"opiekunowie-lat","status":"publish","type":"page","link":"https:\/\/fizyka.ujk.edu.pl\/index.php\/studenci\/opiekunowie-lat\/","title":{"rendered":"Opiekunowie lat"},"content":{"rendered":"<p><strong>Opiekunowie lat &#8211; Instytut Fizyki (2025\/26)<\/strong><\/p>\n<p><strong>Systemy diagnostyczne w medycynie &#8211; studia pierwszego stopnia, st. stacjonarne:<\/strong><br \/>\n    \u2022 I rok \u2013 dr in\u017c. Regina Stachura (regina.stachura@ujk.edu.pl)<br \/>\n    \u2022 II rok \u2013 dr in\u017c. Milena Piotrowska (milena.piotrowska@ujk.edu.pl)<\/p>\n<p><strong>Fizyka techniczna &#8211; studia pierwszego stopnia st. stacjonarne: <\/strong><br \/>\n    \u2022 II rok \u2013 dr \u0141ukasz Jab\u0142o\u0144ski (lukasz.jablonski@ujk.edu.pl)<br \/>\n    \u2022 III rok \u2013 dr Arkadiusz Kuro\u015b (arkadiusz.kuros@ujk.edu.pl)<\/p>\n<p><strong>Fizyka &#8211; studia pierwszego stopnia, st. stacjonarne: <\/strong><br \/>\n    \u2022 I rok \u2013 dr S\u0142awomir W\u0105sik (s.wasik@ujk.edu.pl)<br \/>\n<strong><br \/>\nFizyka medyczna &#8211; studia drugiego stopnia, st. stacjonarne:<\/strong><br \/>\n    \u2022 I rok \u2013 dr Ilona Stabrawa (ilona.stabrawa@ujk.edu.pl)<\/p>\n<p><strong>Informatyka &#8211; studia pierwszego stopnia st. stacjonarne: <\/strong><br \/>\n    \u2022 I rok \u2013 mgr  Dariusz Pasieka (dariusz.pasieka@ujk.edu.pl)<br \/>\n    \u2022 II rok \u2013 dr in\u017c. Przemys\u0142aw \u015alusarczyk (przemyslaw.slusarczyk@ujk.edu.pl)<br \/>\n    \u2022 III rok \u2013 dr Janusz Krywult (janusz.krywult@ujk.edu.pl)<br \/>\n    \u2022 IV rok \u2013 dr Monika Biernacka (monika.biernacka@ujk.edu.pl)<br \/>\n<strong><br \/>\nIn\u017cynieria danych &#8211; studia pierwszego stopnia st. stacjonarne: <\/strong><br \/>\n    \u2022 I rok \u2013 dr Rados\u0142aw Maj (radoslaw.maj@ujk.edu.pl)<br \/>\n    \u2022 II rok \u2013 dr in\u017c. Tomasz Ru\u015b\u0107 (tomasz.rusc@ujk.edu.pl)<br \/>\n    \u2022 III rok \u2013 dr in\u017c. Pawe\u0142 Jagodzi\u0144ski (pawel.jagodzinski@ujk.edu.pl)<br \/>\n    \u2022 IV rok \u2013 mgr in\u017c. Agnieszka \u0141ysak (agnieszka.lysak@ujk.edu.pl)<\/p>\n","protected":false},"excerpt":{"rendered":"<p>Opiekunowie lat &#8211; Instytut Fizyki (2025\/26) Systemy diagnostyczne w medycynie &#8211; studia pierwszego stopnia, st. stacjonarne: \u2022 I rok \u2013 dr in\u017c. Regina Stachura (regina.stachura@ujk.edu.pl) \u2022 II rok \u2013 dr in\u017c. Milena Piotrowska (milena.piotrowska@ujk.edu.pl) Fizyka techniczna &#8211; studia pierwszego stopnia st. stacjonarne: \u2022 II rok \u2013 dr \u0141ukasz Jab\u0142o\u0144ski (lukasz.jablonski@ujk.edu.pl) \u2022 III rok \u2013 dr [&hellip;]<\/p>\n","protected":false},"author":1,"featured_media":0,"parent":101,"menu_order":0,"comment_status":"closed","ping_status":"closed","template":"","meta":{"footnotes":""},"class_list":["post-1570","page","type-page","status-publish","hentry"],"_links":{"self":[{"href":"https:\/\/fizyka.ujk.edu.pl\/index.php\/wp-json\/wp\/v2\/pages\/1570","targetHints":{"allow":["GET"]}}],"collection":[{"href":"https:\/\/fizyka.ujk.edu.pl\/index.php\/wp-json\/wp\/v2\/pages"}],"about":[{"href":"https:\/\/fizyka.ujk.edu.pl\/index.php\/wp-json\/wp\/v2\/types\/page"}],"author":[{"embeddable":true,"href":"https:\/\/fizyka.ujk.edu.pl\/index.php\/wp-json\/wp\/v2\/users\/1"}],"replies":[{"embeddable":true,"href":"https:\/\/fizyka.ujk.edu.pl\/index.php\/wp-json\/wp\/v2\/comments?post=1570"}],"version-history":[{"count":6,"href":"https:\/\/fizyka.ujk.edu.pl\/index.php\/wp-json\/wp\/v2\/pages\/1570\/revisions"}],"predecessor-version":[{"id":2128,"href":"https:\/\/fizyka.ujk.edu.pl\/index.php\/wp-json\/wp\/v2\/pages\/1570\/revisions\/2128"}],"up":[{"embeddable":true,"href":"https:\/\/fizyka.ujk.edu.pl\/index.php\/wp-json\/wp\/v2\/pages\/101"}],"wp:attachment":[{"href":"https:\/\/fizyka.ujk.edu.pl\/index.php\/wp-json\/wp\/v2\/media?parent=1570"}],"curies":[{"name":"wp","href":"https:\/\/api.w.org\/{rel}","templated":true}]}}