{"id":155,"date":"2021-09-21T13:53:36","date_gmt":"2021-09-21T11:53:36","guid":{"rendered":"https:\/\/fizyka.ujk.edu.pl\/nowa\/?page_id=155"},"modified":"2021-12-23T11:02:17","modified_gmt":"2021-12-23T10:02:17","slug":"informatyka","status":"publish","type":"page","link":"https:\/\/fizyka.ujk.edu.pl\/index.php\/kandydaci\/informatyka\/","title":{"rendered":"Informatyka"},"content":{"rendered":"<h2>Informatyka (in\u017cynierskie)<\/h2>\n<h3>O kierunku <\/h3>\n<p style=\"text-align: justify\">\nPodczas studi\u00f3w na kierunku Informatyka student otrzymuje wiedz\u0119 og\u00f3ln\u0105 kierunkow\u0105 oraz specjalistyczn\u0105, a tak\u017ce wiedz\u0119 w zakresie zarz\u0105dzania systemami informacyjnymi. W zakresie wiedzy og\u00f3lnej kierunkowej zaproponowano jednostki wiedzy daj\u0105ce solidne podstawy do studiowania przedmiot\u00f3w specjalistycznych. Zwr\u00f3cono szczeg\u00f3ln\u0105 uwag\u0119 na grupy przedmiot\u00f3w, daj\u0105cych gruntown\u0105 wiedz\u0119 w zakresie:<\/p>\n<ul>\n<li> architektury i programowania komputer\u00f3w z wykorzystaniem nowych j\u0119zyk\u00f3w programowania,<\/li>\n<li>podstawowych metod i narz\u0119dzi system\u00f3w informatycznych, w tym sieci komputerowych i technik multimedialnych, po\u0142\u0105czonych z technikami przetwarzania i kompresji obraz\u00f3w,<\/li>\n<li>podstaw komputerowego przetwarzania sygna\u0142\u00f3w i transmisji danych.<\/li>\n<p style=\"text-align: justify\">\nWa\u017cnym elementem kszta\u0142cenia jest \u0142\u0105czenie podstaw teoretycznych z ich zastosowaniami, tak aby absolwent naby\u0142 r\u00f3wnie\u017c praktyczne umiej\u0119tno\u015bci zawodowe \u2013 w tym celu na wy\u017cszych latach studenci wykonaj\u0105 projekty oprogramowania.\n<\/ul>\n<\/p>\n<h3>Sylwetka absolwenta <\/h3>\n<p style=\"text-align: justify\">\nAbsolwent jest przygotowany do pracy w firmach informatycznych zajmuj\u0105cych si\u0119 budow\u0105, wdra\u017caniem lub piel\u0119gnacj\u0105 narz\u0119dzi i system\u00f3w informatycznych oraz w innych firmach i organizacjach, w kt\u00f3rych takie narz\u0119dzia i systemy s\u0105 wykorzystywane. Absolwent dysponuje wiedz\u0105 niezb\u0119dn\u0105 do stosowania oraz rozwijania i wdra\u017cania nowoczesnych rozwi\u0105za\u0144 informatycznych i telekomunikacyjnych, jakie wspieraj\u0105 prac\u0119 du\u017cych przedsi\u0119biorstw oraz instytucji publicznych. Absolwent jest osob\u0105 kompetentn\u0105 w zakresie projektowania sieci informatycznych i teleinformatycznych, administrowania systemami informatycznymi, administrowania bazami danych, programowania, pe\u0142nienia funkcji konsultanta w firmach doradczych w zakresie informatyki.<\/p>\n<p>Absolwent jest przygotowany do podj\u0119cia studi\u00f3w drugiego stopnia na kierunku informatyka oraz kierunkach pokrewnych.\n<\/p>\n<p><!--\n\n\n<h3>Specjalno\u015b\u0107: Technologie informatyczne <\/h3>\n\n\n\n\n<p style=\"text-align: justify\"><img decoding=\"async\" src=\"images\/Technologie.jpg\" alt=\"Centralny system in\u017cynierski SIMATIC\" style=\"width:349px;height:256px\" \/>Absolwent studi\u00f3w in\u017cynierskich na kierunku <strong>Informatyka<\/strong> i specjalno\u015bci <strong> Technologie informatyczne <\/strong> powinien posiada\u0107 wiedz\u0119 i umiej\u0119tno\u015bci z zakresu og\u00f3lnych zagadnie\u0144 informatyki oraz dodatkowo wiedz\u0119 i umiej\u0119tno\u015bci techniczne z zakresu system\u00f3w  informatycznych. Powinien dobrze zna\u0107 zasady budowy wsp\u00f3\u0142czesnych komputer\u00f3w i  urz\u0105dze\u0144 z nimi wsp\u00f3\u0142pracuj\u0105cych, system\u00f3w operacyjnych, sieci komputerowych i  baz danych. Powinien posiada\u0107 umiej\u0119tno\u015b\u0107 programowania komputer\u00f3w i zna\u0107  zasady in\u017cynierii oprogramowania w stopniu umo\u017cliwiaj\u0105cym efektywn\u0105 prac\u0119 w  zespo\u0142ach programistycznych. Powinien mie\u0107 tak\u017ce podstawow\u0105 wiedz\u0119 w zakresie  sztucznej inteligencji, grafiki komputerowej i komunikacji cz\u0142owiek-komputer.  Swoj\u0105 wiedz\u0119\u00a0 i umiej\u0119tno\u015bci powinien  umie\u0107 wykorzysta\u0107 w pracy zawodowej z zachowaniem zasad prawnych i etycznych. Absolwent studi\u00f3w pierwszego stopnia powinien zna\u0107 j\u0119zyk obcy na poziomie  bieg\u0142o\u015bci B2 Europejskiego Systemu Opisu Kszta\u0142cenia J\u0119zykowego Rady Europy oraz umie\u0107  pos\u0142ugiwa\u0107 si\u0119 j\u0119zykiem specjalistycznym z zakresu informatyki. Absolwent  powinien by\u0107 przygotowany do pracy w firmach informatycznych zajmuj\u0105cych si\u0119 budow\u0105, wdra\u017caniem lub  piel\u0119gnacj\u0105 narz\u0119dzi i system\u00f3w informatycznych oraz w innych firmach i  organizacjach, w kt\u00f3rych takie narz\u0119dzia i systemy s\u0105  wykorzystywane, a tak\u017ce w szkolnictwie, je\u015bli uko\u0144czy specjalno\u015b\u0107 nauczycielsk\u0105  (zgodnie ze standardami kszta\u0142cenia przygotowuj\u0105cego do wykonywania zawodu nauczyciela).\n  Absolwent tej  specjalno\u015bci b\u0119dzie dysponowa\u0142 wiedz\u0105\u00a0  niezb\u0119dn\u0105 do stosowania oraz rozwijania i wdra\u017cania nowoczesnych  rozwi\u0105za\u0144 informatycznych i stosowania nowych rozwi\u0105za\u0144 technologicznych jakie  wspieraj\u0105 prac\u0119 du\u017cych przedsi\u0119biorstw oraz instytucji publicznych.\n  Absolwent specjalno\u015bci technologie informatyczne b\u0119dzie osob\u0105 kompetentn\u0105 w  zakresie projektowania i administrowania systemami informatycznymi,  administrowania bazami danych,\u00a0  programowania,\u00a0 pe\u0142nienia funkcji  konsultanta w firmach doradczych, zajmuj\u0105cy si\u0119 prognozowaniem zmian w takich  bran\u017cach jak teleinformatyka, jak r\u00f3wnie\u017c realizacji zada\u0144 og\u00f3lnych typowych  dla absolwent\u00f3w kierunku informatyka.  G\u0142\u00f3wn\u0105 cecha charakteryzuj\u0105c\u0105 jego merytoryczn\u0105 przydatno\u015b\u0107 do  wykonywania zawodu jest wykorzystywanie w pracy najnowszych technologii. Programowanie w technologii NET,\u00a0 tworzenie aplikacji internetowych w  najbardziej zaawansowanych technologicznie \u015brodowiskach programistycznych,  stosowanie najnowszych rozwi\u0105za\u0144 w zakresie przechowywania i zarz\u0105dzania  informacj\u0105 w bazach danych to cechy charakterystyczne pracy projektowej  absolwenta tej specjalno\u015bci. \nAbsolwent powinien by\u0107 przygotowany do podj\u0119cia studi\u00f3w drugiego stopnia.<\/p>\n\n\n\n\n<h3>Specjalno\u015b\u0107: Teleinformatyka <\/h3>\n\n\n\n\n<p style=\"text-align: justify\"><img decoding=\"async\" src=\"images\/Internet.jpg\" alt=\"Wizualizacja sieci Internet\" style=\"width:349px;height:256px\" \/>Absolwenci studi\u00f3w in\u017cynierskich na kierunku <strong>Informatyka<\/strong>, specjalno\u015b\u0107 <strong>Teleinformatyka<\/strong> powinien posiada\u0107 wiedz\u0119  i umiej\u0119tno\u015bci z zakresu og\u00f3lnych zagadnie\u0144 informatyki oraz dodatkowo wiedz\u0119 i  umiej\u0119tno\u015bci techniczne z zakresu system\u00f3w informatycznych. Powinien dobrze  zna\u0107 zasady budowy wsp\u00f3\u0142czesnych komputer\u00f3w i urz\u0105dze\u0144 z nimi wsp\u00f3\u0142pracuj\u0105cych,  system\u00f3w operacyjnych, sieci komputerowych i baz danych. Powinien posiada\u0107  umiej\u0119tno\u015b\u0107 programowania komputer\u00f3w i zna\u0107 zasady in\u017cynierii oprogramowania w  stopniu umo\u017cliwiaj\u0105cym efektywn\u0105 prac\u0119 w zespo\u0142ach programistycznych. Powinien  mie\u0107 tak\u017ce\n  podstawow\u0105 wiedz\u0119  w zakresie sztucznej inteligencji, grafiki komputerowej i komunikacji  cz\u0142owiek-komputer. Swoj\u0105 wiedz\u0119\u00a0 i  umiej\u0119tno\u015bci powinien umie\u0107 wykorzysta\u0107 w pracy zawodowej z zachowaniem zasad  prawnych i etycznych.\n  Absolwent studi\u00f3w  pierwszego stopnia powinien zna\u0107 j\u0119zyk obcy na poziomie bieg\u0142o\u015bci B2\n  Europejskiego  Systemu Opisu Kszta\u0142cenia J\u0119zykowego Rady Europy oraz umie\u0107 pos\u0142ugiwa\u0107 si\u0119  j\u0119zykiem specjalistycznym z zakresu informatyki. Absolwent powinien by\u0107  przygotowany\n  do pracy w firmach  informatycznych zajmuj\u0105cych si\u0119 budow\u0105, wdra\u017caniem lub piel\u0119gnacj\u0105 narz\u0119dzi i  system\u00f3w informatycznych oraz w innych firmach i organizacjach, w kt\u00f3rych takie\n  narz\u0119dzia i  systemy s\u0105 wykorzystywane, a tak\u017ce w szkolnictwie, je\u015bli uko\u0144czy specjalno\u015b\u0107  nauczycielsk\u0105 (zgodnie ze standardami kszta\u0142cenia przygotowuj\u0105cego do  wykonywania\n  zawodu  nauczyciela).\n  Absolwent tej specjalno\u015bci b\u0119dzie  dysponowa\u0142 wiedz\u0105\u00a0 niezb\u0119dn\u0105 do  stosowania oraz rozwijania i wdra\u017cania nowoczesnych rozwi\u0105za\u0144 informatycznych i  telekomunikacyjnych, jakie wspieraj\u0105 prac\u0119 du\u017cych przedsi\u0119biorstw oraz  instytucji publicznych. \n  Absolwent specjalno\u015bci teleinformatyka b\u0119dzie osob\u0105 kompetentn\u0105 w zakresie  projektowania sieci informatycznych i teleinformatycznych, administrowania  systemami informatycznymi, administrowania bazami danych,\u00a0 programowania,\u00a0 pe\u0142nienia funkcji konsultanta w firmach  doradczych, zajmuj\u0105cy si\u0119 prognozowaniem zmian w takich bran\u017cach jak  teleinformatyka, jak r\u00f3wnie\u017c realizacji zada\u0144 og\u00f3lnych typowych dla absolwent\u00f3w  kierunku informatyka. \nAbsolwent powinien  by\u0107 przygotowany do podj\u0119cia studi\u00f3w drugiego stopnia.<\/p>\n\n\n\n\n<p>\n  <!--\n\n<h3>Specjalno\u015b\u0107: Informatyka z fizyk\u0105 (in\u017cynierskie, nauczycielskie) <\/h3>\n\n\n\n\n<p style=\"text-align: justify\"><img decoding=\"async\" src=\"images\/Informatyka.jpg\" alt=\"\" style=\"width:349px;height:256px\" \/>Absolwent studi\u00f3w in\u017cynierskich na kierunku <strong>Informatyka<\/strong>, specjalno\u015b\u0107 <strong>Informatyka z fizyk\u0105 <\/strong> powinien posiada\u0107 wiedz\u0119 i umiej\u0119tno\u015bci z zakresu og\u00f3lnych zagadnie\u0144  informatyki oraz dodatkowo wiedz\u0119 i umiej\u0119tno\u015bci techniczne z zakresu system\u00f3w  informatycznych. Powinien dobrze zna\u0107 zasady budowy wsp\u00f3\u0142czesnych komputer\u00f3w i  urz\u0105dze\u0144 z nimi wsp\u00f3\u0142pracuj\u0105cych, system\u00f3w operacyjnych, sieci komputerowych i  baz danych. Powinien posiada\u0107 umiej\u0119tno\u015b\u0107 programowania komputer\u00f3w i zna\u0107  zasady in\u017cynierii oprogramowania w stopniu umo\u017cliwiaj\u0105cym efektywn\u0105 prac\u0119 w  zespo\u0142ach programistycznych. Powinien mie\u0107 tak\u017ce podstawow\u0105 wiedz\u0119 w zakresie  sztucznej inteligencji, grafiki komputerowej i komunikacji cz\u0142owiek-komputer.  Swoj\u0105 wiedz\u0119\u00a0 i umiej\u0119tno\u015bci powinien  umie\u0107 wykorzysta\u0107 w pracy zawodowej z zachowaniem zasad prawnych i etycznych.\n  Absolwent studi\u00f3w pierwszego stopnia powinien zna\u0107 j\u0119zyk obcy na poziomie  bieg\u0142o\u015bci B2\n  Europejskiego Systemu Opisu Kszta\u0142cenia J\u0119zykowego Rady Europy oraz umie\u0107  pos\u0142ugiwa\u0107 si\u0119 j\u0119zykiem specjalistycznym z zakresu informatyki. Absolwent  powinien by\u0107 przygotowany\n  do pracy w firmach informatycznych zajmuj\u0105cych si\u0119 budow\u0105, wdra\u017caniem lub  piel\u0119gnacj\u0105 narz\u0119dzi i system\u00f3w informatycznych oraz w innych firmach i  organizacjach, w kt\u00f3rych takie\n  narz\u0119dzia i systemy s\u0105  wykorzystywane.\n  G\u0142\u00f3wn\u0105 cech\u0105 sylwetki absolwenta tej specjalno\u015bci jest przygotowanie do wykonywania zawodu nauczyciela. Plan  studi\u00f3w zosta\u0142 opracowany zgodnie ze standardami kszta\u0142cenia przygotowuj\u0105cego  do wykonywania zawodu nauczyciela.\u00a0  Spe\u0142niaj\u0105c wymagania przepis\u00f3w prawa absolwent b\u0119dzie posiada\u0142  przygotowania nauczycielskie w dw\u00f3ch specjalno\u015bciach :\u00a0g\u0142\u00f3wnej \u2013 informatyka i dodatkowej \u2013  fizyka.\u00a0 Program studi\u00f3w I stopnia  spe\u0142niaj\u0105c wymogi standard\u00f3w kszta\u0142cenia kierunku informatyka (studia 7  semestralne) daje absolwentom pe\u0142ne wykszta\u0142cenie informatyczne na poziomie  studi\u00f3w in\u017cynierskich.\n  Absolwent tej  specjalno\u015bci, opr\u00f3cz przygotowania do zawodu nauczyciela przedmit\u00f3w  informatyka, technologie informatyczne i fizyka,\u00a0 b\u0119dzie dysponowa\u0142 r\u00f3wnie\u017c wiedz\u0105\u00a0 niezb\u0119dn\u0105 do stosowania oraz rozwijania i  wdra\u017cania nowoczesnych rozwi\u0105za\u0144 informatycznych i stosowania nowych rozwi\u0105za\u0144  technologicznych jakie wspieraj\u0105 prac\u0119 du\u017cych przedsi\u0119biorstw oraz instytucji  publicznych. \n  Absolwent b\u0119dzie osob\u0105 kompetentn\u0105 w zakresie projektowania i administrowania  systemami informatycznymi, administrowania bazami danych,\u00a0 programowania,\u00a0 pe\u0142nienia funkcji konsultanta w firmach  doradczych, zajmuj\u0105cy si\u0119 prognozowaniem zmian w takich bran\u017cach jak  teleinformatyka, jak r\u00f3wnie\u017c realizacji zada\u0144 og\u00f3lnych typowych dla absolwent\u00f3w  kierunku informatyka.\u00a0\u00a0 \nAbsolwent powinien by\u0107 przygotowany do podj\u0119cia studi\u00f3w drugiego stopnia.<\/p>\n\n\n\n\n<hr \/>\n\n\n\n\n<p style=\"text-align: justify\">&nbsp; <\/p>\n\n\n\n\n<p style=\"text-align: justify\">Absolwenci  specjalno\u015bci <strong>Informatyka Stosowana studi\u00f3w magisterskich<\/strong> b\u0119d\u0105 posiadali rozleg\u0142\u0105  wiedz\u0119 z zakresu programowania, system\u00f3w baz danych i zarz\u0105dzania systemami  komputerowymi. Umiej\u0119tno\u015bci programowania oraz zarz\u0105dzania bazami danych  pozwol\u0105 im na podjecie pracy wymagaj\u0105cej samodzielno\u015bci w zakresie  przygotowywania i realizacji projekt\u00f3w informatycznych. W toku realizacji procesu dydaktycznego po\u0142o\u017cony zostanie szczeg\u00f3lny  nacisk na praktyczne przygotowanie magistra in\u017cyniera fizyka do  samodzielnego\u00a0 wykonywania obowi\u0105zk\u00f3w  zawodowych w bardzo szerokim spektrum tematycznym zwi\u0105zanym z wykorzystaniem  metodyki eksperymentu fizycznego jak r\u00f3wnie\u017c realizacji projekt\u00f3w w szerokim  zakresie informatyki stosowanej.<\/p>\n\n\n--><\/p>\n","protected":false},"excerpt":{"rendered":"<p>Informatyka (in\u017cynierskie) O kierunku Podczas studi\u00f3w na kierunku Informatyka student otrzymuje wiedz\u0119 og\u00f3ln\u0105 kierunkow\u0105 oraz specjalistyczn\u0105, a tak\u017ce wiedz\u0119 w zakresie zarz\u0105dzania systemami informacyjnymi. W zakresie wiedzy og\u00f3lnej kierunkowej zaproponowano jednostki wiedzy daj\u0105ce solidne podstawy do studiowania przedmiot\u00f3w specjalistycznych. Zwr\u00f3cono szczeg\u00f3ln\u0105 uwag\u0119 na grupy przedmiot\u00f3w, daj\u0105cych gruntown\u0105 wiedz\u0119 w zakresie: architektury i programowania komputer\u00f3w z [&hellip;]<\/p>\n","protected":false},"author":1,"featured_media":0,"parent":78,"menu_order":0,"comment_status":"closed","ping_status":"closed","template":"","meta":{"footnotes":""},"class_list":["post-155","page","type-page","status-publish","hentry"],"_links":{"self":[{"href":"https:\/\/fizyka.ujk.edu.pl\/index.php\/wp-json\/wp\/v2\/pages\/155","targetHints":{"allow":["GET"]}}],"collection":[{"href":"https:\/\/fizyka.ujk.edu.pl\/index.php\/wp-json\/wp\/v2\/pages"}],"about":[{"href":"https:\/\/fizyka.ujk.edu.pl\/index.php\/wp-json\/wp\/v2\/types\/page"}],"author":[{"embeddable":true,"href":"https:\/\/fizyka.ujk.edu.pl\/index.php\/wp-json\/wp\/v2\/users\/1"}],"replies":[{"embeddable":true,"href":"https:\/\/fizyka.ujk.edu.pl\/index.php\/wp-json\/wp\/v2\/comments?post=155"}],"version-history":[{"count":5,"href":"https:\/\/fizyka.ujk.edu.pl\/index.php\/wp-json\/wp\/v2\/pages\/155\/revisions"}],"predecessor-version":[{"id":560,"href":"https:\/\/fizyka.ujk.edu.pl\/index.php\/wp-json\/wp\/v2\/pages\/155\/revisions\/560"}],"up":[{"embeddable":true,"href":"https:\/\/fizyka.ujk.edu.pl\/index.php\/wp-json\/wp\/v2\/pages\/78"}],"wp:attachment":[{"href":"https:\/\/fizyka.ujk.edu.pl\/index.php\/wp-json\/wp\/v2\/media?parent=155"}],"curies":[{"name":"wp","href":"https:\/\/api.w.org\/{rel}","templated":true}]}}