{"id":153,"date":"2021-09-21T13:53:19","date_gmt":"2021-09-21T11:53:19","guid":{"rendered":"https:\/\/fizyka.ujk.edu.pl\/nowa\/?page_id=153"},"modified":"2025-11-03T09:41:16","modified_gmt":"2025-11-03T08:41:16","slug":"fizyka-techniczna","status":"publish","type":"page","link":"https:\/\/fizyka.ujk.edu.pl\/index.php\/kandydaci\/fizyka-techniczna\/","title":{"rendered":"Fizyka techniczna"},"content":{"rendered":"<h2>Fizyka techniczna (studia I st. in\u017cynierskie)<\/h2>\n<h3>O kierunku<\/h3>\n<p style=\"text-align: justify;\">Instytut Fizyki prowadzi kszta\u0142cenie na kierunku Fizyka techniczna &#8211; studia I stopnia in\u017cynierskie, 3.5-letnie stacjonarne, w zakresie:<\/p>\n<ul>\n<li style=\"list-style-type: none;\">\n<ul>\n<li>fizyki medycznej,<\/li>\n<li>elektroradiologii,<\/li>\n<li>nanotechnologii.<\/li>\n<\/ul>\n<\/li>\n<\/ul>\n<p style=\"text-align: justify;\">Studia w zakresie fizyki medycznej i elektroradiologii przygotowuj\u0105 specjalistyczn\u0105 kadr\u0119 \u015bredniego personelu w s\u0142u\u017cbie zdrowia, posiadaj\u0105c\u0105 wiedz\u0119 na temat okre\u015blonych metod diagnostycznych z zakresu radiologii, diagnostyki elektromedycznej oraz metod radioterapeutycznych. Absolwent jest przygotowany do pracy w: o\u015brodkach medycznych wykorzystuj\u0105cych promieniowanie jonizuj\u0105ce w celach diagnostycznych i terapeutycznych, dozymetrii promieniowania, planowaniu leczenia promieniowaniem jonizuj\u0105cym, kontroli jako\u015bci. Studia prowadzone s\u0105 we wsp\u00f3\u0142pracy ze \u015awi\u0119tokrzyskim Centrum Onkologii w Kielcach.<\/p>\n<p>Studia w zakresie nanotechnologii przygotowuj\u0105 kadr\u0119 posiadaj\u0105c\u0105 podstawowe informacje i umiej\u0119tno\u015bci dotycz\u0105ce wytwarzania, badania w\u0142asno\u015bci i wykorzystania nanouk\u0142ad\u00f3w w nowoczesnych technologiach.<\/p>\n<p>Absolwenci kierunku Fizyka Techniczna mog\u0105 pracowa\u0107 w laboratoriach badawczo-rozwojowych, przemys\u0142owych i diagnostycznych, jednostkach wytw\u00f3rczych aparatury i urz\u0105dze\u0144 pomiarowych, jednostkach akredytacyjnych i atestacyjnych aparatury i urz\u0105dze\u0144 diagnostyczno-pomiarowych.<\/p>\n<p>Absolwentom kierunku Fizyka Techniczna Instytut Fizyki UJK oferuje kontynuacj\u0119 kszta\u0142cenia na trzysemestralnych studiach II stopnia na kierunku Fizyka (w zakresie: fizyki medycznej, nanotechnologii).<\/p>\n<h3>Studia w zakresie elektroradiologii<\/h3>\n<p><img loading=\"lazy\" decoding=\"async\" class=\"alignnone size-medium wp-image-440\" src=\"https:\/\/fizyka.ujk.edu.pl\/nowa\/wp-content\/uploads\/2021\/12\/chok_kielce-300x201.jpg\" alt=\"\" width=\"300\" height=\"201\" srcset=\"https:\/\/fizyka.ujk.edu.pl\/wp-content\/uploads\/2021\/12\/chok_kielce-300x201.jpg 300w, https:\/\/fizyka.ujk.edu.pl\/wp-content\/uploads\/2021\/12\/chok_kielce.jpg 403w\" sizes=\"auto, (max-width: 300px) 100vw, 300px\" \/><\/p>\n<p style=\"text-align: justify;\">Studia in\u017cynierskie na kierunku fizyka techniczna obejmuj\u0105 okres 3,5 roku i odbywaj\u0105 si\u0119 na wydziale Nauk \u015acis\u0142ych i Przyrodniczych UJK. Studia \u0142\u0105cz\u0105 w sobie wiedz\u0119 z zakresu zastosowa\u0144 fizyki w medycynie oraz umo\u017cliwiaj\u0105 zdobycie umiej\u0119tno\u015bci praktycznych w dziedzinie u\u017cycia promieniowania jonizuj\u0105cego w radioterapii, diagnostyce medycznej i medycynie nuklearnej. Zaj\u0119cia praktyczne w \u015awi\u0119tokrzyskim Centrum Onkologii daj\u0105 niepowtarzaln\u0105 mo\u017cliwo\u015b\u0107 zapoznania si\u0119 na \u017cywo z zastosowaniem urz\u0105dze\u0144 wykorzystuj\u0105cych promieniowanie jonizuj\u0105ce w medycynie. Odbywaj\u0105 si\u0119 na najbardziej nowoczesnym sprz\u0119cie oraz w ma\u0142ych grupach student\u00f3w, co powoduje, \u017ce w ten spos\u00f3b przeprowadzone laboratoria gwarantuj\u0105 nabycie niezb\u0119dnych kompetencji do obs\u0142ugi i nadzoru urz\u0105dze\u0144, kt\u00f3rych u\u017cytkowanie wymaga podstawowej wiedzy z zakresu fizyki.<br \/>\nAbsolwent jest przygotowany do pracy w: o\u015brodkach medycznych wykorzystuj\u0105cych promieniowanie jonizuj\u0105ce w celach diagnostycznych i terapeutycznych, dozymetrii promieniowania, planowaniu leczenia promieniowaniem jonizuj\u0105cym, kontroli jako\u015bci. Mo\u017ce r\u00f3wnie\u017c pracowa\u0107 w laboratoriach badawczo-rozwojowych, przemys\u0142owych i diagnostycznych, jednostkach wytw\u00f3rczych aparatury i urz\u0105dze\u0144 pomiarowych, jednostkach akredytacyjnych i atestacyjnych aparatury i urz\u0105dze\u0144 diagnostyczno-pomiarowych.<\/p>\n<h3>Studia w zakresie fizyki medycznej<\/h3>\n<p><img loading=\"lazy\" decoding=\"async\" class=\"alignnone size-medium wp-image-524\" src=\"https:\/\/fizyka.ujk.edu.pl\/nowa\/wp-content\/uploads\/2021\/12\/pet_device-300x200.jpg\" alt=\"\" width=\"300\" height=\"200\" srcset=\"https:\/\/fizyka.ujk.edu.pl\/wp-content\/uploads\/2021\/12\/pet_device-300x200.jpg 300w, https:\/\/fizyka.ujk.edu.pl\/wp-content\/uploads\/2021\/12\/pet_device.jpg 360w\" sizes=\"auto, (max-width: 300px) 100vw, 300px\" \/><\/p>\n<p style=\"text-align: justify;\">Celem kszta\u0142cenia absolwenta na 3.5 letnich studiach in\u017cynierskich z fizyki technicznej w zakresie fizyki medycznej jest przygotowanie specjalistycznej kadry \u015bredniego personelu w s\u0142u\u017cbie zdrowia posiadaj\u0105cej wiedz\u0119 na temat okre\u015blonych metod diagnostycznych z zakresu radiologii (wykorzystuj\u0105ce promieniowanie X, ultrad\u017awi\u0119ki, pole magnetyczne), diagnostyki elektromedycznej (odbi\u00f3r i przetwarzanie sygna\u0142\u00f3w bioelektrycznych) oraz wiedz\u0119 na temat metod radioterapeutycznych. Po uko\u0144czeniu studi\u00f3w zawodowych na kierunku fizyka techniczna studenci jako specjalistyczna kadra mog\u0105 pracowa\u0107 na r\u00f3\u017cnych stanowiskach pracy zwi\u0105zanych z diagnostyk\u0105 obrazow\u0105, z diagnostyk\u0105 elektromedyczn\u0105, z radioterapi\u0105, z medycyn\u0105 nuklearn\u0105 i densytometri\u0105 ko\u015bci.<br \/>\nAbsolwenci s\u0105 w pe\u0142ni przygotowani do pracy w du\u017cych pe\u0142noprofilowych zak\u0142adach radiologii, zw\u0142aszcza na stanowiskach kierowniczych (kierownik zespo\u0142u technik\u00f3w), zak\u0142adach i pracowniach radioterapii, medycyny nuklearnej, elektrofozjologii lub audiologii, w pracowniach EKG, EEG, EMG, fizjologii klinicznej, informatyki medycznej, w inspekcji ochrony radiologicznej, oraz dodatkowo s\u0105 przygotowani do \u015bwiadczenia us\u0142ug doradczych w zakresie technik diagnostyki obrazowej i radioterapii oraz do pracy w sektorze marketingu sprz\u0119tu medycznego. Absolwenci s\u0105 przygotowani do wdra\u017cania automatyzacji proces\u00f3w technologicznych i coraz g\u0142\u0119bszej ingerencji informatyki w codzienn\u0105 prac\u0119 nowych system\u00f3w obrazowania. Z uwagi na otrzymane unikalne i interdyscyplinarne wykszta\u0142cenie b\u0119d\u0105 cennym partnerem dla lekarza i administracji o\u015brodka zar\u00f3wno w planowaniu nowoczesnej infrastruktury pracowni (zak\u0142adu), jak i wdra\u017caniu nowych metod do praktyki. Absolwent naszych studi\u00f3w winien r\u00f3wnie\u017c spe\u0142nia\u0107 rol\u0119 eksperta w zakresie system\u00f3w zarz\u0105dzania jako\u015bci\u0105 w dziedzinach zwi\u0105zanych z diagnostyk\u0105 obrazow\u0105 i elektromedyczn\u0105, radioterapi\u0105 i medycyn\u0105 nuklearn\u0105.<\/p>\n<p style=\"text-align: justify;\">Absolwent powinien by\u0107 te\u017c dobrze przygotowany do podj\u0119cia studi\u00f3w II-go stopnia na ka\u017cdej uczelni wy\u017cszej prowadz\u0105cej dany kierunek studi\u00f3w, lub na kierunkach pokrewnych. Studia II stopnia na kierunku Fizyka UJK (Fizyka Medyczna i Nanotechnologia) s\u0105 podstawow\u0105 ofert\u0105 dla absolwenta studi\u00f3w I stopnia.<\/p>\n<p>Wi\u0119cej informacji o studiach z fizyki medycznej znajdziesz na stronie <a href=\"http:\/\/www.ujk.edu.pl\/ifiz\/zfm\/\" target=\"_blank\" rel=\"noopener\">Zak\u0142adu Fizyki Medycznej<\/a> Instytutu Fizyki, natomiast o zadaniach fizyka medycznego na stronie <a href=\"https:\/\/www.onkol.kielce.pl\/pl\/centrum\/zaklad-fizyki-medycznej\" target=\"_blank\" rel=\"noopener\">Zak\u0142adu Fizyki Medycznej<\/a> Swi\u0119tokrzyskiego Centrum Onkologii.<\/p>\n<hr \/>\n<p style=\"text-align: justify;\"><strong><span style=\"color: #cc0000;\"><br \/>\nDodatkowa oferta dla absolwent\u00f3w Fizyki<\/span> <\/strong><br \/>\nOsobom zainteresowanym prac\u0105 naukow\u0105 w dziedzinie fizyki oferujemy mo\u017cliwo\u015b\u0107 uzyskania <strong>doktoratu<\/strong> oraz stopnia <strong>doktora habilitowanego<\/strong>. Wydzia\u0142 Nauk \u015acis\u0142ych i Przyrodniczych Uniwersytetu Jana Kochanowskiego posiada uprawnienia do nadawania stopnia doktora oraz doktora habilitowanego w dziedzinie nauk fizycznych, w dyscyplinie fizyka. Nasi absolwenci podejmuj\u0105 r\u00f3wnie\u017c studia doktoranckie w innych o\u015brodkach krajowych i zagranicznych: Uniwersytet Warszawski, Instytut Problem\u00f3w J\u0105drowych, Uniwersytet we Fribourgu (Szwajcaria), Instytut Fizyki Ci\u0119\u017ckich Jon\u00f3w (Niemcy).<\/p>\n<p><span style=\"text-align: left; font-weight: bold;\">\u00a0<\/span><\/p>\n","protected":false},"excerpt":{"rendered":"<p>Fizyka techniczna (studia I st. in\u017cynierskie) O kierunku Instytut Fizyki prowadzi kszta\u0142cenie na kierunku Fizyka techniczna &#8211; studia I stopnia in\u017cynierskie, 3.5-letnie stacjonarne, w zakresie: fizyki medycznej, elektroradiologii, nanotechnologii. Studia w zakresie fizyki medycznej i elektroradiologii przygotowuj\u0105 specjalistyczn\u0105 kadr\u0119 \u015bredniego personelu w s\u0142u\u017cbie zdrowia, posiadaj\u0105c\u0105 wiedz\u0119 na temat okre\u015blonych metod diagnostycznych z zakresu radiologii, diagnostyki [&hellip;]<\/p>\n","protected":false},"author":1,"featured_media":0,"parent":78,"menu_order":0,"comment_status":"closed","ping_status":"closed","template":"","meta":{"footnotes":""},"class_list":["post-153","page","type-page","status-publish","hentry"],"_links":{"self":[{"href":"https:\/\/fizyka.ujk.edu.pl\/index.php\/wp-json\/wp\/v2\/pages\/153","targetHints":{"allow":["GET"]}}],"collection":[{"href":"https:\/\/fizyka.ujk.edu.pl\/index.php\/wp-json\/wp\/v2\/pages"}],"about":[{"href":"https:\/\/fizyka.ujk.edu.pl\/index.php\/wp-json\/wp\/v2\/types\/page"}],"author":[{"embeddable":true,"href":"https:\/\/fizyka.ujk.edu.pl\/index.php\/wp-json\/wp\/v2\/users\/1"}],"replies":[{"embeddable":true,"href":"https:\/\/fizyka.ujk.edu.pl\/index.php\/wp-json\/wp\/v2\/comments?post=153"}],"version-history":[{"count":6,"href":"https:\/\/fizyka.ujk.edu.pl\/index.php\/wp-json\/wp\/v2\/pages\/153\/revisions"}],"predecessor-version":[{"id":2210,"href":"https:\/\/fizyka.ujk.edu.pl\/index.php\/wp-json\/wp\/v2\/pages\/153\/revisions\/2210"}],"up":[{"embeddable":true,"href":"https:\/\/fizyka.ujk.edu.pl\/index.php\/wp-json\/wp\/v2\/pages\/78"}],"wp:attachment":[{"href":"https:\/\/fizyka.ujk.edu.pl\/index.php\/wp-json\/wp\/v2\/media?parent=153"}],"curies":[{"name":"wp","href":"https:\/\/api.w.org\/{rel}","templated":true}]}}