{"id":135,"date":"2021-09-21T13:45:48","date_gmt":"2021-09-21T11:45:48","guid":{"rendered":"https:\/\/fizyka.ujk.edu.pl\/nowa\/?page_id=135"},"modified":"2022-03-15T21:15:34","modified_gmt":"2022-03-15T20:15:34","slug":"wirtualnej-terapii-radiacyjnej","status":"publish","type":"page","link":"https:\/\/fizyka.ujk.edu.pl\/index.php\/laboratoria\/wirtualnej-terapii-radiacyjnej\/","title":{"rendered":"Wirtualnej Terapii Radiacyjnej"},"content":{"rendered":"<h2>LABORATORIUM WIRTUALNEJ TERAPII RADIACYJNEJ VERT<\/h2>\n<h3>Dane Kontaktowe<\/h3>\n<ul>\n<li style=\"list-style-type: none;\">\n<ul>\n<li>Kierownik laboratorium: prof. dr hab. Janusz Braziewicz<\/li>\n<li>Telefon kontaktowy: (41) 349 64 59, (41) 349 64 63<\/li>\n<li>Adres mailowy: <a href=\"mailto:janusz.braziewicz@ujk.edu.pl\">janusz.braziewicz@ujk.edu.pl <\/a><\/li>\n<li>Lokalizacja: Uniwersytet Jana Kochanowskiego w Kielcach, Instytut Fizyki ul. Uniwersytecka 7, 25-406 Kielce<\/li>\n<\/ul>\n<\/li>\n<\/ul>\n<p>&nbsp;<\/p>\n<p><img loading=\"lazy\" decoding=\"async\" class=\"wp-image-435 size-full aligncenter\" src=\"https:\/\/fizyka.ujk.edu.pl\/nowa\/wp-content\/uploads\/2021\/12\/vert1.jpg\" alt=\"\" width=\"600\" height=\"381\" srcset=\"https:\/\/fizyka.ujk.edu.pl\/wp-content\/uploads\/2021\/12\/vert1.jpg 600w, https:\/\/fizyka.ujk.edu.pl\/wp-content\/uploads\/2021\/12\/vert1-300x191.jpg 300w\" sizes=\"auto, (max-width: 600px) 100vw, 600px\" \/><\/p>\n<p>Istotnym problemem kszta\u0142cenia specjalist\u00f3w (tj. fizyk\u00f3w medycznych, elektroradiolog\u00f3w, radioterapeut\u00f3w) w zakresie planowania i realizacji radioterapii z wykorzystaniem wi\u0105zek zewn\u0119trznych jest realny dost\u0119p do sprz\u0119tu wykorzystywanego w tym zakresie. Mo\u017cliwo\u015b\u0107 jego rozwi\u0105zywania oferuje uruchomione w Instytucie Fizyki UJK w Kielcach, jedyne w kraju, kompleksowe laboratorium szkoleniowo-edukacyjne wyposa\u017cone w nowoczesny symulator terapii radiacyjnej VERT (z wykorzystaniem powszechnie stosowanych urz\u0105dze\u0144 takich firm jak Varian, Elekta i\u00a0 innych) wsp\u00f3\u0142pracuj\u0105cy z systemami planowania leczenia RayStation i ProSoma.<\/p>\n<h3>WIRTUALNY SYMULATOR TERAPII RADIACYJNEJ (VERT)<\/h3>\n<p style=\"text-align: justify;\"><img loading=\"lazy\" decoding=\"async\" class=\"wp-image-442 size-full aligncenter\" src=\"https:\/\/fizyka.ujk.edu.pl\/nowa\/wp-content\/uploads\/2021\/12\/vert2.png\" alt=\"\" width=\"415\" height=\"244\" srcset=\"https:\/\/fizyka.ujk.edu.pl\/wp-content\/uploads\/2021\/12\/vert2.png 415w, https:\/\/fizyka.ujk.edu.pl\/wp-content\/uploads\/2021\/12\/vert2-300x176.png 300w\" sizes=\"auto, (max-width: 415px) 100vw, 415px\" \/><\/p>\n<p>&nbsp;<\/p>\n<p><strong>VERT<\/strong> jest interaktywnym symulatorem pracuj\u0105cym w \u015brodowisku rzeczywisto\u015bci wirtualnej (VR) 3D. Pod wzgl\u0119dem funkcjonalnym zapewniona jest:<\/p>\n<ul>\n<li>symulacja 3D stosowanych powszechnie urz\u0105dze\u0144 do napromieniania wi\u0105zkami zewn\u0119trznymi promieniowania X, elektronowego i proton\u00f3w, dostarczanych przez akceleratory firmy Varian, Elekta oraz innych producent\u00f3w,<\/li>\n<li>wizualizacja dowolnego planu leczenia dla wi\u0105zek zewn\u0119trznych w dowolnej lokalizacji realizowanego z u\u017cyciem stosowanych urz\u0105dze\u0144,<\/li>\n<li>symulacja b\u0142\u0119d\u00f3w sprz\u0119towych lub b\u0142\u0119dnego u\u0142o\u017cenia pacjenta w trakcie teleradioterapii wraz z wizualizacj\u0105 ich konsekwencji,<\/li>\n<li>symulacja realizacji kontroli jako\u015bci sprz\u0119tu terapeutycznego, wykonywana przez specjalist\u00f3w fizyki medycznej, wraz z wizualizacj\u0105 ich wp\u0142ywu na prowadzone badania,<\/li>\n<li>symulacja budowy anatomicznej cia\u0142a pacjenta, rozk\u0142ad dawki w ciele pacjenta dla dowolnego planu napromieniania, efekty b\u0142\u0119dnej i prawid\u0142owo zrealizowanej teleradioterapii.<\/li>\n<\/ul>\n<p>&nbsp;<\/p>\n<h3>SYSTEMY PLANOWANIA LECZENIA<\/h3>\n<p style=\"text-align: justify;\">Pracownia VERT wspomagana jest przez dwa wielostanowiskowe nowoczesne systemy planowania radioterapeutycznego, tj. RayStation (4 stanowiska) i ProSoma (10 stanowisk). Realizowane jest tu szkolenie z zakresu planowania leczenia w dowolnej technice napromieniania dla wi\u0119kszo\u015bci komercyjnie dost\u0119pnych akcelerator\u00f3w r\u00f3\u017cnych producent\u00f3w, w\u0142\u0105czaj\u0105c w to tomoterapi\u0119.<\/p>\n<p><img loading=\"lazy\" decoding=\"async\" class=\"wp-image-514 size-full aligncenter\" src=\"https:\/\/fizyka.ujk.edu.pl\/nowa\/wp-content\/uploads\/2021\/12\/prosoma.png\" alt=\"\" width=\"644\" height=\"362\" srcset=\"https:\/\/fizyka.ujk.edu.pl\/wp-content\/uploads\/2021\/12\/prosoma.png 644w, https:\/\/fizyka.ujk.edu.pl\/wp-content\/uploads\/2021\/12\/prosoma-300x169.png 300w\" sizes=\"auto, (max-width: 644px) 100vw, 644px\" \/><br \/>\nPod wzgl\u0119dem funkcjonalnym system ProSoma:<\/p>\n<ul>\n<li>umo\u017cliwia przygotowanie danych i planu leczenia w technice 3D napromieniania dla wybranych dost\u0119pnych komercyjnie akcelerator\u00f3w r\u00f3\u017cnych producent\u00f3w,<\/li>\n<li>umo\u017cliwia obliczenie rozk\u0142adu dawki metod\u0105 Monte Carlo dla zewn\u0119trznych wi\u0105zek promieniowania dla ka\u017cdej techniki napromieniania,<\/li>\n<li>monitoruje stabilno\u015b\u0107 realizacji planu leczenia wynikaj\u0105c\u0105 ze zmiany rozk\u0142adu dawki spowodowanej np. ruchami pacjenta czy zmianami po\u0142o\u017cenia izocentrum,<\/li>\n<li>zapewnia symulacj\u0119 b\u0142\u0119d\u00f3w sprz\u0119towych lub b\u0142\u0119dnego u\u0142o\u017cenia pacjenta w trakcie teleradioterapii wraz z wizualizacj\u0105 konsekwencji takiego dzia\u0142ania,<\/li>\n<li>zapewnia wczytywanie plan\u00f3w leczenia dla wi\u0105zek zewn\u0119trznych fotonowych i elektronowych zapisanych w standardzie DICOM RT przygotowanych w systemach Eclipse, Monaco i RayStation,<\/li>\n<li>wczytuje raporty z urz\u0105dze\u0144 radioterapeutycznych i przelicza wstecznie dawk\u0119 zdeponowan\u0105 w ciele pacjenta,<\/li>\n<li>zapewnia por\u00f3wnanie i wyznacza r\u00f3\u017cnice pomi\u0119dzy dostarczonym i wyliczonym planem leczenia terapeutycznego,<\/li>\n<li>umo\u017cliwia obliczenie warto\u015bci EUD i BED dla ka\u017cdego planu leczenia,<\/li>\n<li>umo\u017cliwia adaptacj\u0119 leczenia,<\/li>\n<li>umo\u017cliwia u\u017cycie obraz\u00f3w r\u00f3\u017cnych modalno\u015bci poprzez rejestracj\u0119 obraz\u00f3w (TK, MR, PET).<\/li>\n<\/ul>\n<p>&nbsp;<\/p>\n<p><img loading=\"lazy\" decoding=\"async\" class=\"wp-image-476 size-full aligncenter\" src=\"https:\/\/fizyka.ujk.edu.pl\/nowa\/wp-content\/uploads\/2021\/12\/raystation.png\" alt=\"\" width=\"642\" height=\"360\" srcset=\"https:\/\/fizyka.ujk.edu.pl\/wp-content\/uploads\/2021\/12\/raystation.png 642w, https:\/\/fizyka.ujk.edu.pl\/wp-content\/uploads\/2021\/12\/raystation-300x168.png 300w\" sizes=\"auto, (max-width: 642px) 100vw, 642px\" \/><br \/>\nPod wzgl\u0119dem funkcjonalnym system RayStation:<\/p>\n<ul>\n<li>umo\u017cliwia wykonywanie planu leczenia w dowolnej technice napromieniania dla wszystkich dost\u0119pnych komercyjnie akcelerator\u00f3w r\u00f3\u017cnych producent\u00f3w, w\u0142\u0105czaj\u0105c w to tomoterapi\u0119,<\/li>\n<li>pozwala na \u015bledzenie zmian rozk\u0142adu dawki w ciele pacjenta wraz z post\u0119pem leczenia,<\/li>\n<li>umo\u017cliwia pe\u0142n\u0105 adaptacj\u0119 planu leczenia oraz biologiczn\u0105 analiz\u0119 zmian krzywych TCP i NTCP dla ka\u017cdego pacjenta wraz ze zmian\u0105 frakcjonowania,<\/li>\n<li>deformacyjna rejestracja obrazu pozwala odtwarza\u0107 przebieg zmian w ciele pacjenta oraz idealne dopasowanie obraz\u00f3w r\u00f3\u017cnych modalno\u015bci (TK, MR, PET).<\/li>\n<\/ul>\n<p style=\"text-align: justify;\">Systemy planowania leczenia (RayStation i ProSoma) po\u0142\u0105czone s\u0105 bezpo\u015brednio w standardzie DICOM z wirtualnym symulatorem terapii radiacyjnej (VERT). Rozwi\u0105zanie takie zapewnia wizualizacj\u0119 3D (w tzw. immersyjnej rzeczywisto\u015bci wirtualnej VR) realizacji planu leczenia z wykorzystaniem powszechnie stosowanych urz\u0105dze\u0144 do teleradioterapii (takich firm jak Varian, Elekta i innych).<\/p>\n<h3>PRZEZNACZENIE<\/h3>\n<p><img loading=\"lazy\" decoding=\"async\" class=\"wp-image-430 size-full aligncenter\" src=\"https:\/\/fizyka.ujk.edu.pl\/nowa\/wp-content\/uploads\/2021\/12\/vert4.png\" alt=\"\" width=\"712\" height=\"231\" srcset=\"https:\/\/fizyka.ujk.edu.pl\/wp-content\/uploads\/2021\/12\/vert4.png 712w, https:\/\/fizyka.ujk.edu.pl\/wp-content\/uploads\/2021\/12\/vert4-300x97.png 300w\" sizes=\"auto, (max-width: 712px) 100vw, 712px\" \/><br \/>\nKompleksowe laboratorium szkoleniowo-edukacyjne wyposa\u017cone w nowoczesny symulator terapii radiacyjnej VERT wsp\u00f3\u0142pracuj\u0105cy z systemami planowania leczenia RayStation i ProSoma przeznaczone jest g\u0142\u00f3wnie do:<\/p>\n<ul>\n<li>szkolenia r\u00f3\u017cnych grup zawodowych zaanga\u017cowanych w proces planowania i leczenia z wykorzystaniem zewn\u0119trznych wi\u0105zek promieniowania jonizuj\u0105cego,<\/li>\n<li>szkolenia przysz\u0142ych technik\u00f3w elektroradiologii w zakresie: procesu pozycjonowania pacjenta, budowy anatomicznej cia\u0142a ludzkiego, rozk\u0142adu dawki w ciele pacjenta dla dowolnego planu napromieniania, efekt\u00f3w b\u0142\u0119dnej i pozbawionej b\u0142\u0119d\u00f3w teleradioterapii,<\/li>\n<li>symulacji realizacji kontroli jako\u015bci sprz\u0119tu terapeutycznego, wykonywanej przez specjalist\u00f3w fizyki medycznej wraz z wizualizacj\u0105 jej wp\u0142ywu na prowadzone badania,<\/li>\n<li>wst\u0119pnej edukacji pacjent\u00f3w co do zakresu i wynik\u00f3w ich leczenia.<\/li>\n<\/ul>\n<h3>SK\u0141AD OSOBOWY<\/h3>\n<p>prof. dr hab. Janusz Braziewicz &#8211; kierownik laboratorium, specjalista fizyki medycznej,<br \/>\nmgr Tomasz Kuszewski &#8211; specjalista fizyki medycznej,<br \/>\nmgr Katarzyna Wnuk &#8211; specjalista fizyki medycznej,<br \/>\nmgr Krzysztof Buli\u0144ski &#8211; specjalista fizyki medycznej.<\/p>\n","protected":false},"excerpt":{"rendered":"<p>LABORATORIUM WIRTUALNEJ TERAPII RADIACYJNEJ VERT Dane Kontaktowe Kierownik laboratorium: prof. dr hab. Janusz Braziewicz Telefon kontaktowy: (41) 349 64 59, (41) 349 64 63 Adres mailowy: janusz.braziewicz@ujk.edu.pl Lokalizacja: Uniwersytet Jana Kochanowskiego w Kielcach, Instytut Fizyki ul. Uniwersytecka 7, 25-406 Kielce &nbsp; Istotnym problemem kszta\u0142cenia specjalist\u00f3w (tj. fizyk\u00f3w medycznych, elektroradiolog\u00f3w, radioterapeut\u00f3w) w zakresie planowania i realizacji [&hellip;]<\/p>\n","protected":false},"author":1,"featured_media":0,"parent":74,"menu_order":0,"comment_status":"closed","ping_status":"closed","template":"","meta":{"footnotes":""},"class_list":["post-135","page","type-page","status-publish","hentry"],"_links":{"self":[{"href":"https:\/\/fizyka.ujk.edu.pl\/index.php\/wp-json\/wp\/v2\/pages\/135","targetHints":{"allow":["GET"]}}],"collection":[{"href":"https:\/\/fizyka.ujk.edu.pl\/index.php\/wp-json\/wp\/v2\/pages"}],"about":[{"href":"https:\/\/fizyka.ujk.edu.pl\/index.php\/wp-json\/wp\/v2\/types\/page"}],"author":[{"embeddable":true,"href":"https:\/\/fizyka.ujk.edu.pl\/index.php\/wp-json\/wp\/v2\/users\/1"}],"replies":[{"embeddable":true,"href":"https:\/\/fizyka.ujk.edu.pl\/index.php\/wp-json\/wp\/v2\/comments?post=135"}],"version-history":[{"count":27,"href":"https:\/\/fizyka.ujk.edu.pl\/index.php\/wp-json\/wp\/v2\/pages\/135\/revisions"}],"predecessor-version":[{"id":742,"href":"https:\/\/fizyka.ujk.edu.pl\/index.php\/wp-json\/wp\/v2\/pages\/135\/revisions\/742"}],"up":[{"embeddable":true,"href":"https:\/\/fizyka.ujk.edu.pl\/index.php\/wp-json\/wp\/v2\/pages\/74"}],"wp:attachment":[{"href":"https:\/\/fizyka.ujk.edu.pl\/index.php\/wp-json\/wp\/v2\/media?parent=135"}],"curies":[{"name":"wp","href":"https:\/\/api.w.org\/{rel}","templated":true}]}}