{"id":133,"date":"2021-09-21T13:45:04","date_gmt":"2021-09-21T11:45:04","guid":{"rendered":"https:\/\/fizyka.ujk.edu.pl\/nowa\/?page_id=133"},"modified":"2025-10-21T10:59:49","modified_gmt":"2025-10-21T08:59:49","slug":"spektrometrii-rentgenowskiej","status":"publish","type":"page","link":"https:\/\/fizyka.ujk.edu.pl\/index.php\/laboratoria\/spektrometrii-rentgenowskiej\/","title":{"rendered":"Spektrometrii Rentgenowskiej"},"content":{"rendered":"<h2>Laboratorium Spektrometrii Rentgenowskiej<\/h2>\n<h3>Dane Kontaktowe<\/h3>\n<ul>\n<li style=\"list-style-type: none;\">\n<ul>\n<li>Kierownik laboratorium: prof. dr hab. Janusz Braziewicz<\/li>\n<li>Telefon kontaktowy: (41) 349 64 59, (41) 349 64 63<\/li>\n<li>Adres mailowy: <a href=\"mailto:janusz.braziewicz@ujk.edu.pl\">janusz.braziewicz@ujk.edu.pl <\/a><\/li>\n<li>Lokalizacja: Uniwersytet Jana Kochanowskiego w Kielcach, Instytut Fizyki, ul. Uniwersytecka 7, 25-406 Kielce<\/li>\n<\/ul>\n<\/li>\n<\/ul>\n<p><!--\n \t\n\n<li>Strona internetowa laboratorium\/zak\u0142adu:  <a href=\"http:\/\/www.ujk.edu.pl\/ifiz\/zfm\/\">http:\/\/www.ujk.edu.pl\/ifiz\/zfm\/ <\/a><\/li>\n\n\n--><\/p>\n<ul>\n<li style=\"list-style-type: none;\"><\/li>\n<\/ul>\n<h3>Opis bada\u0144<\/h3>\n<p style=\"text-align: justify;\">Laboratorium Spektroskopii Rentgenowskiej ukierunkowane jest na wykorzystanie r\u00f3\u017cnorodnych technik spektrometrii rentgenowskiej do badania mikro (10<sup>-6 <\/sup>) i nano (10<sup>-9<\/sup>) koncentracji pierwiastk\u00f3w (metody XRF, TXRF, GEXRF) z uwzgl\u0119dnieniem ich rozk\u0142adu przestrzennego (metody \u03bcXRF, \u03bcXCT) ze zdolno\u015bci\u0105 rozdzielcz\u0105 rz\u0119du 10 &#8211; 30 mikrometr\u00f3w. Opisane metody znajduj\u0105 zastosowanie w badaniu \u015bladowych domieszek w materia\u0142ach wa\u017cnych technologicznie (p\u00f3\u0142przewodniki, scyntylatory), badaniu pierwiastk\u00f3w \u015bladowych dla potrzeb medycyny (diagnostyka nowotwor\u00f3w) czy ochrony \u015brodowiska (zanieczyszczenia \u015bladowe metalami ci\u0119\u017ckimi). Badania z zakresu spektroskoprii rentgenowskiej prowadzone s\u0105 we wsp\u00f3\u0142pracy z Europejskim \u0179r\u00f3d\u0142em Promieniowania Synchrotronowego (ESRF) w Grenoble, co umo\u017cliwia stosowanie najbardziej zaawansowanych metod badawczych w zagadnieniach z zakresu nanotechnologii.<\/p>\n<h3>Zakres prowadzonych bada\u0144<\/h3>\n<ul>\n<li>Wykorzystanie metod rentgenowskiej analizy fluorescencyjnej (XRF, TXRF) w badaniach biomedycznych, g\u0142\u00f3wnie w celu okre\u015blenia zwi\u0105zk\u00f3w zachodz\u0105cych mi\u0119dzy stanami chorobowymi a koncentracj\u0105 pierwiastk\u00f3w \u015bladowych w r\u00f3\u017cnorodnych tkankach i p\u0142ynach ustrojowych cz\u0142owieka<\/li>\n<li>Zastosowanie spektroskopii rentgenowskiej w badaniu\u00a0 koncentracji pierwiastk\u00f3w \u015bladowych<\/li>\n<li>Badania oddzia\u0142ywania promieniowania o wysokim, liniowym transferze energii, na j\u0105dra kom\u00f3rkowe<\/li>\n<\/ul>\n<h3>Oferta komercyjna<\/h3>\n<ul>\n<li>Okre\u015blanie sk\u0142adu pierwiastkowego pr\u00f3bek \u015brodowiskowych (woda, gleby, gliny, osady, zio\u0142a, minera\u0142y)<\/li>\n<li>Okre\u015blanie sk\u0142adu pierwiastkowego pr\u00f3bek przemys\u0142owych (py\u0142y, \u015bcieki, osady, cement, metale, leki)<\/li>\n<li>Okre\u015blanie sk\u0142adu pierwiastkowego pr\u00f3bek biologicznych (ko\u015bci, w\u0142osy, surowica)<\/li>\n<li>Jako\u015bciowa i ilo\u015bciowa analiza fazowa, okre\u015blanie struktury, badanie tekstury, odporno\u015bci na \u015bciskanie i rozci\u0105ganie, defekt\u00f3w i mikronapr\u0119\u017ce\u0144 z wykorzystaniem metody XRD: metali i ich stop\u00f3w, minera\u0142\u00f3w, polimer\u00f3w, katalizator\u00f3w, plastik\u00f3w, farmaceutyk\u00f3w, materia\u0142\u00f3w cienkowarstwowych, ceramiki, p\u00f3\u0142przewodnik\u00f3w, nanomateria\u0142\u00f3w<\/li>\n<li>Analiza pierwiastkowa pr\u00f3bek ciek\u0142ych (lub sta\u0142ych po mineralizacji). Zakres pierwiastk\u00f3w Al &#8211; U, granica wykrywalno\u015bci w zale\u017cno\u015bci od pierwiastka i rodzaju pr\u00f3bki od kilku do kilkudziesi\u0119ciu ppb. Tomograficzny obraz rentgenowski 3D pr\u00f3bek o rozmiarach do 3 cm (w zale\u017cno\u015bci od g\u0119sto\u015bci pr\u00f3bki) z rozdzielczo\u015bci\u0105 od kilku do kilkudziesi\u0119ciu\u00a0 mikrometr\u00f3w<\/li>\n<\/ul>\n<h3>Baza aparaturowa<\/h3>\n<ul>\n<li>Reflektometr rentgenowski X\u2019Pert Pro MPD\u00a0Rentgenowski spektrometr dyfrakcyjny Inca Wave 700<\/li>\n<li>Spektrometr mikrowi\u0105zki rentgenowskiej XRF\/GEXRF<\/li>\n<li>Tomograf rentgenowski Skyscan 1172<\/li>\n<li>Spektrometr rentgenowski Axios WDXRF<\/li>\n<li>enerator promieniowania rentgenowskiego 3830<\/li>\n<li>Automatyczny licznik kolonii SCAN 500<\/li>\n<\/ul>\n","protected":false},"excerpt":{"rendered":"<p>Laboratorium Spektrometrii Rentgenowskiej Dane Kontaktowe Kierownik laboratorium: prof. dr hab. Janusz Braziewicz Telefon kontaktowy: (41) 349 64 59, (41) 349 64 63 Adres mailowy: janusz.braziewicz@ujk.edu.pl Lokalizacja: Uniwersytet Jana Kochanowskiego w Kielcach, Instytut Fizyki, ul. Uniwersytecka 7, 25-406 Kielce Opis bada\u0144 Laboratorium Spektroskopii Rentgenowskiej ukierunkowane jest na wykorzystanie r\u00f3\u017cnorodnych technik spektrometrii rentgenowskiej do badania mikro (10-6 [&hellip;]<\/p>\n","protected":false},"author":1,"featured_media":0,"parent":74,"menu_order":0,"comment_status":"closed","ping_status":"closed","template":"","meta":{"footnotes":""},"class_list":["post-133","page","type-page","status-publish","hentry"],"_links":{"self":[{"href":"https:\/\/fizyka.ujk.edu.pl\/index.php\/wp-json\/wp\/v2\/pages\/133","targetHints":{"allow":["GET"]}}],"collection":[{"href":"https:\/\/fizyka.ujk.edu.pl\/index.php\/wp-json\/wp\/v2\/pages"}],"about":[{"href":"https:\/\/fizyka.ujk.edu.pl\/index.php\/wp-json\/wp\/v2\/types\/page"}],"author":[{"embeddable":true,"href":"https:\/\/fizyka.ujk.edu.pl\/index.php\/wp-json\/wp\/v2\/users\/1"}],"replies":[{"embeddable":true,"href":"https:\/\/fizyka.ujk.edu.pl\/index.php\/wp-json\/wp\/v2\/comments?post=133"}],"version-history":[{"count":12,"href":"https:\/\/fizyka.ujk.edu.pl\/index.php\/wp-json\/wp\/v2\/pages\/133\/revisions"}],"predecessor-version":[{"id":2179,"href":"https:\/\/fizyka.ujk.edu.pl\/index.php\/wp-json\/wp\/v2\/pages\/133\/revisions\/2179"}],"up":[{"embeddable":true,"href":"https:\/\/fizyka.ujk.edu.pl\/index.php\/wp-json\/wp\/v2\/pages\/74"}],"wp:attachment":[{"href":"https:\/\/fizyka.ujk.edu.pl\/index.php\/wp-json\/wp\/v2\/media?parent=133"}],"curies":[{"name":"wp","href":"https:\/\/api.w.org\/{rel}","templated":true}]}}