{"id":131,"date":"2021-09-21T13:44:09","date_gmt":"2021-09-21T11:44:09","guid":{"rendered":"https:\/\/fizyka.ujk.edu.pl\/nowa\/?page_id=131"},"modified":"2022-03-15T20:58:59","modified_gmt":"2022-03-15T19:58:59","slug":"fizyki-powierzchni","status":"publish","type":"page","link":"https:\/\/fizyka.ujk.edu.pl\/index.php\/laboratoria\/fizyki-powierzchni\/","title":{"rendered":"Fizyki Powierzchni"},"content":{"rendered":"<h2>Laboratorium Fizyki Powierzchni<\/h2>\n<h3>Dane Kontaktowe<\/h3>\n<ul>\n<li style=\"list-style-type: none;\">\n<ul>\n<li>Kierownik laboratorium: prof. dr hab. Marek Pajek<\/li>\n<li>Telefon kontaktowy: (41) 349 64 76, (41) 349 62 83<\/li>\n<li>Adres mailowy:<a href=\"mailto: marek.pajek@ujk.edu.pl\">marek.pajek@ujk.edu.pl <\/a><\/li>\n<li>Lokalizacja: Uniwersytet Jana Kochanowskiego w Kielcach, Instytut Fizyki, ul. Uniwersytecka 7, 25-406 Kielce<\/li>\n<\/ul>\n<\/li>\n<\/ul>\n<p><!--\n \t\n\n<li>Strona internetowa laboratorium \/zak\u0142adu: <a href=\" http:\/\/www.ujk.edu.pl\/ifiz\/zfa\"> http:\/\/www.ujk.edu.pl\/ifiz\/zfa <\/a><\/li>\n\n\n--><\/p>\n<h3>Opis bada\u0144<\/h3>\n<p style=\"text-align: justify;\">Program badawczy obejmuje badania oddzia\u0142ywania jon\u00f3w w wysokich stanach \u0142adunkowych z atomami i powierzchniami poprzez obserwacj\u0119 emitowanego promieniowania rentgenowskiego. W ten spos\u00f3b s\u0105 prowadzone badania dynamiki proces\u00f3w oddzia\u0142ywania jon\u00f3w z powierzchniami, w szczeg\u00f3lno\u015bci wytwarzane nanostruktury powierzchniowe, wykorzystuj\u0105c metody spektroskopii rentgenowskiej. Jony w wysokich stanach \u0142adunkowych s\u0105 wytwarzane w \u017ar\u00f3dle typu EBIT zainstalowanym w systemie EBIS-A, kt\u00f3ry umo\u017cliwia r\u00f3wnie\u017c prowadzenie bada\u0144 interdyscyplinarnych dotycz\u0105cych proces\u00f3w fragmentacji moleku\u0142 i biomoleku\u0142 oraz oddzia\u0142ywania jon\u00f3w z kom\u00f3rkami. Program badawczy laboratorium oparty jest na aktualnych wsp\u00f3\u0142pracach naukowych z wiod\u0105cymi europejskimi o\u015brodkami badawczymi, w tym ESRF Grenoble i GSI Darmstadt.<\/p>\n<h3>Zakres prowadzonych bada\u0144<\/h3>\n<ul style=\"list-style-type: disc;\">\n<li>Badanie oddzia\u0142ywania jon\u00f3w w wysokich stanach \u0142adunkowych z atomami i powierzchniami poprzez obserwacj\u0119 emitowanego promieniowania rentgenowskiego.<\/li>\n<li>Badania proces\u00f3w fragmentacji moleku\u0142 wywo\u0142anych elektronami.<\/li>\n<li>Badanie oddzia\u0142ywania jon\u00f3w w wysokich stanach \u0142adunkowych z kom\u00f3rkami \u017cywymi.<\/li>\n<li>Badania z zakresu oddzia\u0142ywania jon\u00f3w wysokona\u0142adowanych (do stan\u00f3w \u0142adunkowych q= 50+) z materi\u0105 w warunkach ultra wysokiej pr\u00f3\u017cni (UHV).<\/li>\n<li>Badania dotycz\u0105ce oddzia\u0142ywania elektron\u00f3w z jonami, atomami i cz\u0105steczkami poprzez obserwacj\u0119 emitowanego promieniowania rentgenowskiego lub analiz\u0119 mas fragment\u00f3w w przypadku procesu fragmentacji cz\u0105steczek w zderzeniach z elektronami.<\/li>\n<li>Badania proces\u00f3w o istotnym znaczeniu technologicznym: procesy atomowe w plazmie (jonizacja\/rekombinacja, r\u00f3wnowaga), procesy fragmentacji moleku\u0142 i biomoleku\u0142 elektronami (dynamika fragmentacji, uszkodzenia wi\u0105za\u0144, efekty radiacyjne).<\/li>\n<li>Badania oddzia\u0142ywania jon\u00f3w wysokona\u0142adowanych z powierzchniami (modyfikacja powierzchni, nanostruktury powierzchniowe, badanie struktury elektronowej).<\/li>\n<\/ul>\n","protected":false},"excerpt":{"rendered":"<p>Laboratorium Fizyki Powierzchni Dane Kontaktowe Kierownik laboratorium: prof. dr hab. Marek Pajek Telefon kontaktowy: (41) 349 64 76, (41) 349 62 83 Adres mailowy:marek.pajek@ujk.edu.pl Lokalizacja: Uniwersytet Jana Kochanowskiego w Kielcach, Instytut Fizyki, ul. Uniwersytecka 7, 25-406 Kielce Opis bada\u0144 Program badawczy obejmuje badania oddzia\u0142ywania jon\u00f3w w wysokich stanach \u0142adunkowych z atomami i powierzchniami poprzez obserwacj\u0119 [&hellip;]<\/p>\n","protected":false},"author":1,"featured_media":0,"parent":74,"menu_order":0,"comment_status":"closed","ping_status":"closed","template":"","meta":{"footnotes":""},"class_list":["post-131","page","type-page","status-publish","hentry"],"_links":{"self":[{"href":"https:\/\/fizyka.ujk.edu.pl\/index.php\/wp-json\/wp\/v2\/pages\/131","targetHints":{"allow":["GET"]}}],"collection":[{"href":"https:\/\/fizyka.ujk.edu.pl\/index.php\/wp-json\/wp\/v2\/pages"}],"about":[{"href":"https:\/\/fizyka.ujk.edu.pl\/index.php\/wp-json\/wp\/v2\/types\/page"}],"author":[{"embeddable":true,"href":"https:\/\/fizyka.ujk.edu.pl\/index.php\/wp-json\/wp\/v2\/users\/1"}],"replies":[{"embeddable":true,"href":"https:\/\/fizyka.ujk.edu.pl\/index.php\/wp-json\/wp\/v2\/comments?post=131"}],"version-history":[{"count":8,"href":"https:\/\/fizyka.ujk.edu.pl\/index.php\/wp-json\/wp\/v2\/pages\/131\/revisions"}],"predecessor-version":[{"id":2178,"href":"https:\/\/fizyka.ujk.edu.pl\/index.php\/wp-json\/wp\/v2\/pages\/131\/revisions\/2178"}],"up":[{"embeddable":true,"href":"https:\/\/fizyka.ujk.edu.pl\/index.php\/wp-json\/wp\/v2\/pages\/74"}],"wp:attachment":[{"href":"https:\/\/fizyka.ujk.edu.pl\/index.php\/wp-json\/wp\/v2\/media?parent=131"}],"curies":[{"name":"wp","href":"https:\/\/api.w.org\/{rel}","templated":true}]}}