{"id":122,"date":"2021-09-21T13:38:38","date_gmt":"2021-09-21T11:38:38","guid":{"rendered":"https:\/\/fizyka.ujk.edu.pl\/nowa\/?page_id=122"},"modified":"2026-04-21T10:57:00","modified_gmt":"2026-04-21T08:57:00","slug":"fizyki-komputerowej-i-informatyki","status":"publish","type":"page","link":"https:\/\/fizyka.ujk.edu.pl\/index.php\/zaklady\/fizyki-komputerowej-i-informatyki\/","title":{"rendered":"Fizyki Komputerowej i Informatyki"},"content":{"rendered":"<h2>Zak\u0142ad Fizyki Komputerowej i Informatyki (ZFKI)<\/h2>\n<ul>\n<li><span style=\"font-family: arial, helvetica, sans-serif;\">Maciej Rybczy\u0144ski, prof. dr hab., &#8211; kierownik, <a href=\"mailto:m.rybczynski%40ujk.edu.pl\"> m.rybczynski@ujk.edu.pl <\/a>(strona <a href=\"http:\/\/www.ujk.edu.pl\/strony\/mryb\/domowa\/index.php\">WWW<\/a>)<\/span><\/li>\n<li><span style=\"font-family: arial, helvetica, sans-serif;\">Miros\u0142aw G\u0142owacki, prof. dr hab. in\u017c., <a href=\"mailto:glowacki%40metal.agh.edu.pl\"> glowacki@metal.agh.edu.pl <\/a><\/span><\/li>\n<li><span style=\"font-family: arial, helvetica, sans-serif;\">Monika Biernacka, dr, asystent, <a href=\"mailto:m.biernacka%40ujk.edu.pl\"> m.biernacka@ujk.edu.pl <\/a><\/span><\/li>\n<li><span style=\"font-family: arial, helvetica, sans-serif;\">Pawe\u0142 Kankiewicz, dr hab. prof. UJK, <a href=\"mailto:p.kankiewicz%40ujk.edu.pl\"> p.kankiewicz@ujk.edu.pl <\/a><\/span><\/li>\n<li><span style=\"font-family: arial, helvetica, sans-serif;\">Janusz Krywult, dr, adiunkt, <a href=\"mailto:j.krywult%40ujk.edu.pl\"> j.krywult@ujk.edu.pl <\/a><\/span><\/li>\n<li><span style=\"font-family: arial, helvetica, sans-serif;\">Aleksander Lam\u017ca, dr, wyk\u0142adowca, <a href=\"mailto:aleksander.lamza%40us.edu.pl\"> aleksander.lamza@us.edu.pl <\/a><\/span><\/li>\n<li><span style=\"font-family: arial, helvetica, sans-serif;\">Mariusz Marzec, dr, wyk\u0142adowca, <a href=\"mailto:mariusz.marzec%40us.edu.pl\"> mariusz.marzec@us.edu.pl <\/a><\/span><\/li>\n<li><span style=\"font-family: arial, helvetica, sans-serif;\">Tomasz Ru\u015b\u0107, dr in\u017c., wyk\u0142adowca, <a href=\"mailto:tomasz.rusc@ujk.edu.pl\">t.rusc@ujk.edu.pl<\/a><\/span><\/li>\n<li><span style=\"font-family: arial, helvetica, sans-serif;\">Przemys\u0142aw \u015alusarczyk, dr in\u017c., wyk\u0142adowca, <a href=\"mailto:pslusarczyk%40ujk.edu.pl\"> p.slusarczyk@ujk.edu.pl<\/a><\/span><\/li>\n<li><span style=\"font-family: arial, helvetica, sans-serif;\">Ma\u0142gorzata \u017babi\u0144ska-Rakoczy, dr in\u017c., wyk\u0142adowca, <a href=\"mailto:zabinska%40agh.edu.pl\">zabinska@agh.edu.pl <\/a><\/span><\/li>\n<li><span style=\"font-family: arial, helvetica, sans-serif;\">Rafa\u0142 Porowski, dr hab. in\u017c. prof. UJK, <a href=\"mailto:rafal.porowski@ujk.edu.pl\">rafal.porowski@ujk.edu.pl<\/a><br \/>\n<\/span><\/li>\n<li><span style=\"font-family: arial, helvetica, sans-serif;\">Dariusz Pasieka, mgr, asystent, <a href=\"mailto:dariusz.pasieka%40ujk.edu.pl\"> dariusz.pasieka@ujk.edu.pl <\/a><\/span><\/li>\n<li><span style=\"font-family: arial, helvetica, sans-serif;\">Trambak Bhattacharyya, dr, pracownik naukowy, <a href=\"mailto:trambak.bhattacharyya@ujk.edu.pl\"> trambak .bhattacharyya@ujk.edu.pl<\/a><\/span><\/li>\n<li><span style=\"font-family: arial, helvetica, sans-serif;\">Marcin Drabik, mgr in\u017c., pracownik naukowo-techniczny, <a href=\"mailto:m.drabik@ujk.edu.pl\"> m.drabik@ujk.edu.pl<\/a><\/span><\/li>\n<li><span style=\"font-family: arial, helvetica, sans-serif;\">Agnieszka \u0141ysak, mgr in\u017c., asystent, <a href=\"mailto:agnieszka.lysak@ujk.edu.pl\">agnieszka.lysak@ujk.edu.pl<\/a><\/span><\/li>\n<li><span style=\"font-family: arial, helvetica, sans-serif;\">Oskar Wyszy\u0144ski, dr, pracownik naukowo-techniczny, <a href=\"mailto:o.wyszynski%40ujk.edu.pl\">o.wyszynski@ujk.edu.pl <\/a><\/span><\/li>\n<li><span style=\"font-family: arial, helvetica, sans-serif;\">Bart\u0142omiej Kowalczyk, in\u017c., pracownik in\u017cynieryjno-techniczny, <a href=\"mailto:bartlomiej.kowalczyk%40ujk.edu.pl\"> bartlomiej.kowalczyk@ujk.edu.pl <\/a><\/span><\/li>\n<li><span style=\"font-family: arial, helvetica, sans-serif;\">Valeria Reyna, dr,<\/span><\/li>\n<li><span style=\"font-family: arial, helvetica, sans-serif;\">Uzair Shah, mgr, doktorant<\/span><\/li>\n<\/ul>\n<h3><span style=\"font-family: arial, helvetica, sans-serif;\">Tematyka bada\u0144<\/span><\/h3>\n<p><span style=\"font-family: arial, helvetica, sans-serif;\">Zak\u0142ad Fizyki Komputerowej i Informatyki prowadzi dzia\u0142alno\u015b\u0107 naukow\u0105 w nast\u0119puj\u0105cych dziedzinach:<\/span><\/p>\n<ul>\n<li><span style=\"font-family: arial, helvetica, sans-serif;\">zderzenia ultrarelatywistycznych ci\u0119\u017ckich j\u0105der;<\/span><\/li>\n<li><span style=\"font-family: arial, helvetica, sans-serif;\">nieperturbacyjna struktura hadron\u00f3w;<\/span><\/li>\n<li><span style=\"font-family: arial, helvetica, sans-serif;\">uk\u0142ady kilku cia\u0142 w pu\u0142apkach kwantowych;<\/span><\/li>\n<li><span style=\"font-family: arial, helvetica, sans-serif;\">promieniowanie kosmiczne;<\/span><\/li>\n<li><span style=\"font-family: arial, helvetica, sans-serif;\">astronomia obserwacyjna i dynamika ma\u0142ych cia\u0142;<\/span><\/li>\n<li><span style=\"font-family: arial, helvetica, sans-serif;\">budowa i ewolucja galaktyk oraz ich gromad;<\/span><\/li>\n<li><span style=\"font-family: arial, helvetica, sans-serif;\">cyfrowa analiza sygna\u0142\u00f3w i obraz\u00f3w.<\/span><\/li>\n<\/ul>\n<p><span style=\"font-family: arial, helvetica, sans-serif;\">Badania te prowadzone s\u0105 z intensywnym wykorzystaniem wsp\u00f3\u0142czesnych technik obliczeniowych i symulacji numerycznych oraz danych eksperymentalnych. Analizy zderze\u0144 ultra-relatywistycznych ci\u0119\u017ckich j\u0105der u\u017cywaj\u0105 danych z akcelerator\u00f3w LHC, RHIC i SPS. Badania astronomiczne bazuj\u0105 zar\u00f3wno na danych pochodz\u0105cych z najwi\u0119kszego spektroskopowego przegl\u0105du galaktyk ze \u015bredniego przesuni\u0119cia do czerwieni VIPERS, jak r\u00f3wnie\u017c opracowanych numerycznie przez pracownik\u00f3w Zak\u0142adu.<\/span><\/p>\n<h3><span style=\"font-family: arial, helvetica, sans-serif;\">Baza laboratoryjna Zak\u0142adu<\/span><\/h3>\n<ul>\n<li><span style=\"font-family: arial, helvetica, sans-serif;\">Obserwatorium Astronomiczne<\/span><\/li>\n<li><span style=\"font-family: arial, helvetica, sans-serif;\">Pracownia Astronomiczna<\/span><\/li>\n<li><span style=\"font-family: arial, helvetica, sans-serif;\">Pracownie Fizyki Komputerowej<\/span><\/li>\n<li><span style=\"font-family: arial, helvetica, sans-serif;\">Zintegrowane Laboratorium System\u00f3w Informatycznych<\/span><\/li>\n<\/ul>\n<h3><span style=\"font-family: arial, helvetica, sans-serif;\">Wsp\u00f3\u0142praca z o\u015brodkami zagranicznymi<\/span><\/h3>\n<ul>\n<li><span style=\"font-family: arial, helvetica, sans-serif;\">Universidad de Granada, Hiszpania<\/span><\/li>\n<li><span style=\"font-family: arial, helvetica, sans-serif;\">Istituto di Astrofisica Spaziale e Fisica cosmica, Mediolan, W\u0142ochy<\/span><\/li>\n<\/ul>\n<h3><span style=\"font-family: arial, helvetica, sans-serif;\">Lista ostatnich publikacji<\/span><\/h3>\n<ul>\n<li><span style=\"font-family: arial, helvetica, sans-serif;\"><a href=\"https:\/\/inspirehep.net\/literature?sort=mostrecent&amp;size=25&amp;page=1&amp;q=find%20a%20broniowski%2C%20wojciech%20or%20okopinska%2C%20anna%20or%20rybczynski%2C%20maciej\"> W obszarze wysokich energii<\/a><\/span><\/li>\n<li><span style=\"font-family: arial, helvetica, sans-serif;\"><a href=\"https:\/\/ui.adsabs.harvard.edu\/search\/q=author%3A%22biernacka%2C%20monika%22%20OR%20author%3A%22kankiewicz%2C%20pawel%22%20OR%20author%3A%22krywult%2C%20janusz%22&amp;sort=date%20desc%2C%20bibcode%20desc&amp;p_=0\"> W obszarze astronomii i astrofizyki<\/a><\/span><\/li>\n<\/ul>\n<p><!--\n\n\n<h3><span style=\"font-family: arial, helvetica, sans-serif;\">Materia\u0142y do zaj\u0119\u0107<\/span><\/h3>\n\n\n\n\n<ul>\n \t\n\n<li><span style=\"font-family: arial, helvetica, sans-serif;\"><a href=\"https:\/\/fizyka.ujk.edu.pl\/pl\/files\/lectures\/Python\/Mat_dyskr.zip\">\u0106wiczenia do laboratorium Matematyki dyskretnej w Pythonie, II rok In\u017cynierii danych <\/a> (W.Broniowski)<\/span><\/li>\n\n\n \t\n\n<li><span style=\"font-family: arial, helvetica, sans-serif;\"><a href=\"https:\/\/docplayer.pl\/57936942-W-rozrzedzonych-gazach-atomowych.html\">Skrypt do wyk\u0142adu Kondensacja Bosego-Einsteina w ultrazimnych gazach rozrzedzonych<\/a> (A. Okopi\u0144ska)<\/span><\/li>\n\n\n \t\n\n<li><span style=\"font-family: arial, helvetica, sans-serif;\"><a href=\"https:\/\/wydawnictwo.ujk.edu.pl\/publikacje\/katalogi-publikacji\/matematyka\/\"> Podr\u0119cznik: Matematyka dyskretna<\/a> (W. Broniowski)<\/span><\/li>\n\n\n<\/ul>\n\n\n--><\/p>\n","protected":false},"excerpt":{"rendered":"<p>Zak\u0142ad Fizyki Komputerowej i Informatyki (ZFKI) Maciej Rybczy\u0144ski, prof. dr hab., &#8211; kierownik, m.rybczynski@ujk.edu.pl (strona WWW) Miros\u0142aw G\u0142owacki, prof. dr hab. in\u017c., glowacki@metal.agh.edu.pl Monika Biernacka, dr, asystent, m.biernacka@ujk.edu.pl Pawe\u0142 Kankiewicz, dr hab. prof. UJK, p.kankiewicz@ujk.edu.pl Janusz Krywult, dr, adiunkt, j.krywult@ujk.edu.pl Aleksander Lam\u017ca, dr, wyk\u0142adowca, aleksander.lamza@us.edu.pl Mariusz Marzec, dr, wyk\u0142adowca, mariusz.marzec@us.edu.pl Tomasz Ru\u015b\u0107, dr in\u017c., wyk\u0142adowca, [&hellip;]<\/p>\n","protected":false},"author":1,"featured_media":0,"parent":72,"menu_order":0,"comment_status":"closed","ping_status":"closed","template":"","meta":{"footnotes":""},"class_list":["post-122","page","type-page","status-publish","hentry"],"_links":{"self":[{"href":"https:\/\/fizyka.ujk.edu.pl\/index.php\/wp-json\/wp\/v2\/pages\/122","targetHints":{"allow":["GET"]}}],"collection":[{"href":"https:\/\/fizyka.ujk.edu.pl\/index.php\/wp-json\/wp\/v2\/pages"}],"about":[{"href":"https:\/\/fizyka.ujk.edu.pl\/index.php\/wp-json\/wp\/v2\/types\/page"}],"author":[{"embeddable":true,"href":"https:\/\/fizyka.ujk.edu.pl\/index.php\/wp-json\/wp\/v2\/users\/1"}],"replies":[{"embeddable":true,"href":"https:\/\/fizyka.ujk.edu.pl\/index.php\/wp-json\/wp\/v2\/comments?post=122"}],"version-history":[{"count":32,"href":"https:\/\/fizyka.ujk.edu.pl\/index.php\/wp-json\/wp\/v2\/pages\/122\/revisions"}],"predecessor-version":[{"id":2460,"href":"https:\/\/fizyka.ujk.edu.pl\/index.php\/wp-json\/wp\/v2\/pages\/122\/revisions\/2460"}],"up":[{"embeddable":true,"href":"https:\/\/fizyka.ujk.edu.pl\/index.php\/wp-json\/wp\/v2\/pages\/72"}],"wp:attachment":[{"href":"https:\/\/fizyka.ujk.edu.pl\/index.php\/wp-json\/wp\/v2\/media?parent=122"}],"curies":[{"name":"wp","href":"https:\/\/api.w.org\/{rel}","templated":true}]}}