{"id":120,"date":"2021-09-21T13:38:09","date_gmt":"2021-09-21T11:38:09","guid":{"rendered":"https:\/\/fizyka.ujk.edu.pl\/nowa\/?page_id=120"},"modified":"2026-02-16T08:42:01","modified_gmt":"2026-02-16T07:42:01","slug":"fizyki-medycznej-i-biofizyki","status":"publish","type":"page","link":"https:\/\/fizyka.ujk.edu.pl\/index.php\/zaklady\/fizyki-medycznej-i-biofizyki\/","title":{"rendered":"Fizyki Medycznej i Biofizyki"},"content":{"rendered":"<h2>Zak\u0142ad Fizyki Medycznej i Biofizyki (ZFMB)<\/h2>\n<ul>\n<li><span style=\"font-family: arial, helvetica, sans-serif;\">Tadeusz Koszto\u0142owicz, prof. dr hab. &#8211; kierownik, <a href=\"mailto:t.kosztolowicz%40ujk.edu.pl\"> t.kosztolowicz@ujk.edu.pl <\/a><\/span><\/li>\n<li><span style=\"font-family: arial, helvetica, sans-serif;\">Janusz Braziewicz, prof. dr hab., <a href=\"mailto:j.braziewicz%40ujk.edu.pl\"> j.braziewicz@ujk.edu.pl <\/a><\/span><\/li>\n<li><span style=\"font-family: arial, helvetica, sans-serif;\">Andrzej D\u0105browski, dr, adiunkt, <a href=\"mailto:andrzejdabrowski%40ujk.edu.pl\"> andrzejdabrowski@ujk.edu.pl <\/a><\/span><\/li>\n<li><span style=\"font-family: arial, helvetica, sans-serif;\">S\u0142awomir W\u0105sik, dr, adiunkt, <a href=\"mailto:s.wasik%40ujk.edu.pl\">s.wasik@ujk.edu.pl<\/a><\/span><\/li>\n<li><span style=\"font-family: arial, helvetica, sans-serif;\">Ma\u0142gorzata Wysocka-Kunisz, dr, wyk\u0142adowca, <a href=\"mailto:m.wysocka-kunisz%40ujk.edu.pl\"> m.wysocka-kunisz@ujk.edu.pl <\/a><\/span><\/li>\n<li><span style=\"font-family: arial, helvetica, sans-serif;\">Tomasz Kuszewski, mgr, asystent, <a href=\"mailto:tomekq%40me.com\">tomekq@me.com<\/a><\/span><\/li>\n<li><span style=\"font-family: arial, helvetica, sans-serif;\">Katarzyna Wnuk, mgr, asystent, <a href=\"mailto:katarzyna.wnuk%40gmail.com\">katarzyna.wnuk@gmail.com<\/a><\/span><\/li>\n<li><span style=\"font-family: arial, helvetica, sans-serif;\">Andrzej Drogosz, mgr, pracownik in\u017cynieryjno-techniczny, <a href=\"mailto:a.drogosz%40ujk.edu.pl\"> a.drogosz@ujk.kielce.pl <\/a><\/span><\/li>\n<li><span style=\"font-family: arial, helvetica, sans-serif;\">Pawe\u0142 Grajcar, in\u017c., pracownik in\u017cynieryjno-techniczny, <a href=\"mailto: pawel.grajcar@ujk.edu.pl\"> pawel.grajcar@ujk.edu.pl<\/a><\/span><\/li>\n<li><span style=\"font-family: arial, helvetica, sans-serif;\">Piotr Paw\u0142owski, mgr, doktorant<\/span><\/li>\n<\/ul>\n<p><span style=\"font-family: arial, helvetica, sans-serif;\"><!--\n\nStrona internetowa Zak\u0142adu: <a href=\"..\/zfm\" onclick=\"return !aTarget(this)\">http:\/\/www.ujk.edu.pl\/ifiz\/zfm\/<\/a>\n\n--><\/span><\/p>\n<h3><span style=\"font-family: arial, helvetica, sans-serif;\">Tematyka<\/span><\/h3>\n<p style=\"text-align: justify;\"><span style=\"font-family: arial, helvetica, sans-serif;\">Profil dzia\u0142alno\u015bci naukowej Zak\u0142adu definiuje jego nazwa.<\/span><\/p>\n<p style=\"text-align: justify;\"><span style=\"font-family: arial, helvetica, sans-serif;\">W zakresie badania skutk\u00f3w oddzia\u0142ywania promieniowania jonizuj\u0105cego z materia\u0142em biologicznym zbudowano i przeprowadzono dozymetri\u0119 uk\u0142adu eksperymentalnego wykorzystuj\u0105cego niskoenergetyczn\u0105 wi\u0105zk\u0119 rentgenowsk\u0105. Moc dawki dla r\u00f3\u017cnych re\u017cim\u00f3w napromieniania zosta\u0142a wyznaczona za pomoc\u0105 filmu dozymetrycznego Gafchromic EBT2. Wyniki pomiar\u00f3w dozymetrycznych zosta\u0142y zweryfikowane poprzez symulacje Monte-Carlo wykonane przy pomocy programu Fluka.<\/span><\/p>\n<p style=\"text-align: justify;\"><span style=\"font-family: arial, helvetica, sans-serif;\">Innym zagadnieniem poruszanym w ramach dzia\u0142alno\u015bci naukowej Zak\u0142adu by\u0142o badanie proces\u00f3w dyfuzji zachodz\u0105cych w uk\u0142adach fizycznych i biologicznych, w szczeg\u00f3lno\u015bci do opisu transportu antybiotyk\u00f3w przez biofilm bakteryjny. W ramach zagadnienia opracowano teoretyczne modele dyfuzji anomalnej i normalnej w wielowarstwowych uk\u0142adach membranowych.<\/span><\/p>\n<p style=\"text-align: justify;\"><span style=\"font-family: arial, helvetica, sans-serif;\">Zainstalowano i uruchomiono pierwsze w Polsce kompleksowe laboratorium szkoleniowo-edukacyjne wyposa\u017cone w nowoczesny symulator terapii radiacyjnej VERT (z wykorzystaniem powszechnie stosowanych urz\u0105dze\u0144 takich firm jak Varian, Elekta i innych) wsp\u00f3\u0142pracuj\u0105cy z systemami planowania leczenia RayStation i ProSoma. VERT jest interaktywnym symulatorem pracuj\u0105cym w \u015brodowisku rzeczywisto\u015bci wirtualnej (VR) 3D. Uruchomiony system jest kompleksowym rozwi\u0105zaniem dla szkolenia r\u00f3\u017cnych grup zawodowych zaanga\u017cowanych w proces <\/span><span style=\"font-family: arial, helvetica, sans-serif;\">planowania i leczenia radioterapeutycznego z wykorzystaniem zewn\u0119trznych wi\u0105zek promieniowania jonizuj\u0105cego.<\/span><\/p>\n<h3><span style=\"font-family: arial, helvetica, sans-serif;\">Baza laboratoryjna Zak\u0142adu:<\/span><\/h3>\n<ul>\n<li><span style=\"font-family: arial, helvetica, sans-serif;\">I Pracownia Fizyczna<\/span><\/li>\n<li><span style=\"font-family: arial, helvetica, sans-serif;\">Pracownia Pokaz\u00f3w Fizycznych<\/span><\/li>\n<li><span style=\"font-family: arial, helvetica, sans-serif;\">Pracownia Fizyki Medycznej<\/span><\/li>\n<li><span style=\"font-family: arial, helvetica, sans-serif;\">Pracownia VERT<\/span><\/li>\n<li><span style=\"font-family: arial, helvetica, sans-serif;\">Laboratorium Interferometrii Laserowej<\/span><\/li>\n<\/ul>\n<h3><span style=\"font-family: arial, helvetica, sans-serif;\">Wsp\u00f3\u0142praca naukowa<\/span><\/h3>\n<ul>\n<li><span style=\"font-family: arial, helvetica, sans-serif;\">Uniwersytet w Sztokholmie, Szwecja<\/span><\/li>\n<li><span style=\"font-family: arial, helvetica, sans-serif;\">\u015arodowiskowe Laboratorium Ci\u0119\u017ckich Jon\u00f3w w Warszawie<\/span><\/li>\n<li><span style=\"font-family: arial, helvetica, sans-serif;\">\u015awi\u0119tokrzyskie Centrum Onkologii w Kielcach<\/span><\/li>\n<li><span style=\"font-family: arial, helvetica, sans-serif;\">Narodowe Centrum Bada\u0144 J\u0105drowych w Warszawie<\/span><\/li>\n<li><span style=\"font-family: arial, helvetica, sans-serif;\">Zak\u0142ad Informatyki Radiologicznej i Statystyki, Gda\u0144ski Uniwersytet Medyczny<\/span><\/li>\n<\/ul>\n","protected":false},"excerpt":{"rendered":"<p>Zak\u0142ad Fizyki Medycznej i Biofizyki (ZFMB) Tadeusz Koszto\u0142owicz, prof. dr hab. &#8211; kierownik, t.kosztolowicz@ujk.edu.pl Janusz Braziewicz, prof. dr hab., j.braziewicz@ujk.edu.pl Andrzej D\u0105browski, dr, adiunkt, andrzejdabrowski@ujk.edu.pl S\u0142awomir W\u0105sik, dr, adiunkt, s.wasik@ujk.edu.pl Ma\u0142gorzata Wysocka-Kunisz, dr, wyk\u0142adowca, m.wysocka-kunisz@ujk.edu.pl Tomasz Kuszewski, mgr, asystent, tomekq@me.com Katarzyna Wnuk, mgr, asystent, katarzyna.wnuk@gmail.com Andrzej Drogosz, mgr, pracownik in\u017cynieryjno-techniczny, a.drogosz@ujk.kielce.pl Pawe\u0142 Grajcar, in\u017c., pracownik [&hellip;]<\/p>\n","protected":false},"author":1,"featured_media":0,"parent":72,"menu_order":0,"comment_status":"closed","ping_status":"closed","template":"","meta":{"footnotes":""},"class_list":["post-120","page","type-page","status-publish","hentry"],"_links":{"self":[{"href":"https:\/\/fizyka.ujk.edu.pl\/index.php\/wp-json\/wp\/v2\/pages\/120","targetHints":{"allow":["GET"]}}],"collection":[{"href":"https:\/\/fizyka.ujk.edu.pl\/index.php\/wp-json\/wp\/v2\/pages"}],"about":[{"href":"https:\/\/fizyka.ujk.edu.pl\/index.php\/wp-json\/wp\/v2\/types\/page"}],"author":[{"embeddable":true,"href":"https:\/\/fizyka.ujk.edu.pl\/index.php\/wp-json\/wp\/v2\/users\/1"}],"replies":[{"embeddable":true,"href":"https:\/\/fizyka.ujk.edu.pl\/index.php\/wp-json\/wp\/v2\/comments?post=120"}],"version-history":[{"count":16,"href":"https:\/\/fizyka.ujk.edu.pl\/index.php\/wp-json\/wp\/v2\/pages\/120\/revisions"}],"predecessor-version":[{"id":2367,"href":"https:\/\/fizyka.ujk.edu.pl\/index.php\/wp-json\/wp\/v2\/pages\/120\/revisions\/2367"}],"up":[{"embeddable":true,"href":"https:\/\/fizyka.ujk.edu.pl\/index.php\/wp-json\/wp\/v2\/pages\/72"}],"wp:attachment":[{"href":"https:\/\/fizyka.ujk.edu.pl\/index.php\/wp-json\/wp\/v2\/media?parent=120"}],"curies":[{"name":"wp","href":"https:\/\/api.w.org\/{rel}","templated":true}]}}