{"id":12,"date":"2021-09-21T10:32:41","date_gmt":"2021-09-21T08:32:41","guid":{"rendered":"https:\/\/fizyka.ujk.edu.pl\/nowa\/?page_id=12"},"modified":"2024-09-25T10:51:15","modified_gmt":"2024-09-25T08:51:15","slug":"kontakt","status":"publish","type":"page","link":"https:\/\/fizyka.ujk.edu.pl\/index.php\/kontakt\/","title":{"rendered":"Kontakt"},"content":{"rendered":"<h3>Adres<\/h3>\n<p><b>Instytut Fizyki<br \/>\nUniwersytet Jana Kochanowskiego w Kielcach<\/b><\/p>\n<p>ul. Uniwersytecka 7<br \/>\n25-406 Kielce<br \/>\nPolska<br \/>\ntel: +48 41 349 64 40 i 41<br \/>\ne-mail: <a href=\"mailto:ifiz@ujk.edu.pl\">ifiz@ujk.edu.pl<\/a><\/p>\n<h3>Dyrektor Instytutu<\/h3>\n<p>dr hab. Aldona Kubala-Kuku\u015b, prof. UJK, e-mail: <a href=\"mailto:aldona.kubala-kukus@ujk.edu.pl\">aldona.kubala-kukus@ujk.edu.pl<\/a>, phone: +48 41 349 64 63<\/p>\n<h3>Sekretariat<\/h3>\n<p>Klaudia Szostak, tel.: +48 41 349 64 40, e-mail: klaudia.szostak<a href=\"mailto:uks@ujk.edu.pl\">@ujk.edu.pl<\/a><br \/>\nBeata Ornal-W\u0105sik, tel.: +48 41 349 64 41, e-mail: <a href=\"mailto:ornal@ujk.edu.pl\">ornal@ujk.edu.pl<\/a><\/p>\n<h3>Dojazd do Instytutu Fizyki UJK :<\/h3>\n<p><iframe loading=\"lazy\" style=\"border: 0;\" src=\"https:\/\/www.google.com\/maps\/embed?pb=!1m18!1m12!1m3!1d1258.6498351434982!2d20.655376358305695!3d50.88116378717347!2m3!1f0!2f0!3f0!3m2!1i1024!2i768!4f13.1!3m3!1m2!1s0x4718273377bb7d63%3A0xa6d0909d2826a600!2sWydzia%C5%82%20Nauk%20%C5%9Acis%C5%82ych%20i%20Przyrodniczych%20Uniwersytet%20Jana%20Kochanowskiego%20w%20Kielcach!5e0!3m2!1spl!2spl!4v1580725848212!5m2!1spl!2spl\" width=\"600\" height=\"400\" frameborder=\"0\" allowfullscreen=\"allowfullscreen\"><\/iframe><\/p>\n<p><!--\n\n\n<ul>\n \t\n\n<li><strong>Taxi<\/strong> \u2013 post\u00f3j jest naprzeciwko wyj\u015bcia g\u0142\u00f3wnego z dworca. Popro\u015b o zawiezienie  na Wydzia\u0142 Nauk \u015acis\u0142ych i Przyrodnicznych UJK na ul.  Uniwersyteck\u0105 7.<\/li>\n\n\n \t\n\n<li style=\"text-align:justify\">Je\u015bli chcesz  skorzysta\u0107 z <strong>autobusu<\/strong>, przejd\u017a  tunelem w stron\u0119 miasta (centrum) \u2013 b\u0119dziesz na ulicy \u017belaznej. Id\u017a wzd\u0142u\u017c  Hotelu \u0141ysog\u00f3ry do ulicy Czarnowskiej. Znajd\u017a przystanek autobusowy i wsi\u0105d\u017a do  autobusu linii nr 34. Wysi\u0105d\u017a na 12 przystanku (nie licz\u0105c tego, na kt\u00f3rym  wsiadasz)\u00a0 - przystanek przy Galerii Echo  i TESCO. Przejd\u017a na \u015bwiat\u0142ach na drug\u0105 stron\u0119 ulicy w stron\u0119 budynku z napisem  Skanska i w oddali du\u017cego fioletowego budynku Wydzia\u0142u Nauk \u015acis\u0142ych i Przyrodnicznych z charakterystyczn\u0105 budowl\u0105 Obserwatorium Astronomicznego na  dachu. W tym budynku (ul. \u015awi\u0119tokrzyska 15) znajduje si\u0119 Instytut Fizyki.<\/li>\n\n\n<\/ul>\n\n\n\n\n<h3>Je\u015bli przyje\u017cd\u017casz do  Kielc <strong>SAMOCHODEM<\/strong>:<\/h3>\n\n\nZ Warszawy i z Krakowa dojedziesz do Kielc drog\u0105 E37.\n\n\n<ul>\n \t\n\n<li style=\"text-align:justify\">Jad\u0105c z Warszawy \u00a0przy wje\u017adzie do miasta (za tablic\u0105  administracyjn\u0105 KIELCE) na rozje\u017adzie: \u201eCentrum\u201d i \u201eTarn\u00f3w\u201d jed\u017a na Tarn\u00f3w.  Przejedziesz 1sze \u015bwiat\u0142a (po lewej stronie REAL), a na nast\u0119pnych \u015bwiat\u0142ach  (Aleja Solidarno\u015bci z ul. \u015awi\u0119tokrzysk\u0105) skr\u0119\u0107 w lewo w drog\u0119 wy\u0142o\u017con\u0105 p\u0142ytami  (po lewej stronie b\u0119dzie za widoczny 5-cio pi\u0119trowy fioletowy budynek z  charakterystyczn\u0105 kopu\u0142\u0105 Obserwatorium Astronomicznego na dachu \u2013 tu masz  dojecha\u0107). Na pierwszym skrzy\u017cowaniu\u00a0  skr\u0119\u0107 w lewo \u2013 jeste\u015b na parkingu Wydzia\u0142u Nauk \u015acis\u0142ych i Przyrodnicznych.  Tu- ul. Uniwersytecka 7mie\u015bci si\u0119 Instytut Fizyki.<\/li>\n\n\n<\/ul>\n\n\n\n\n<ul>\n \t\n\n<li style=\"text-align:justify\">Jad\u0105c z Krakowa musisz kierowa\u0107 si\u0119 na Warszaw\u0119,  by przejecha\u0107 przez miasto. Po wje\u017adzie w granice administracyjne miasta KIELCE  jed\u017a prosto przez 1sze \u015bwiat\u0142a (po prawej stronie LIDL), 2-gie \u015bwiat\u0142a i 3-cie  \u015bwiat\u0142a (mi\u0119dzy nimi wiadukt \u2013 jeste\u015b na ulicy Krakowskiej). Na ko\u0144cu tej ulicy  skr\u0119\u0107 w lewo w ulic\u0119 \u015aciegiennego i zjed\u017a na prawy pas. Na \u015bwiat\u0142ach (4-te)  skr\u0119\u0107 w prawo \u2013 ulica Seminaryjska. Na 5-tych \u015bwiat\u0142ach jed\u017a prosto, na 6-tych  skr\u0119\u0107 w lewo w ulic\u0119 Tarnowska. Przejed\u017a prosto \u015bwiat\u0142a (7-me \u2013 skrzy\u017cowanie z  ulic\u0105 Zag\u00f3rsk\u0105), \u015bwiat\u0142a 8-me (skrzy\u017cowanie z ulic\u0105 Sandomiersk\u0105) \u2013 wje\u017cd\u017casz w  Alej\u0119 Solidarno\u015bci. Jed\u017a prosto (po prawej stonie b\u0119dzie salon Pegueot\u2019a,  McDonald\u2019s, stacja BP) \u2013 na \u015bwiat\u0142ach (9-te \u2013 po lewej stronie Galeria Echo z  TESCO i Kinoplexem) skr\u0119\u0107 w prawo w drog\u0119 wy\u0142o\u017con\u0105 p\u0142ytami. Na pierwszym  skrzy\u017cowaniu\u00a0 skr\u0119\u0107 w lewo \u2013 jeste\u015b na  parkingu Wydzia\u0142u Nauk \u015acis\u0142ych i Przyrodnicznych. Widzisz przed sob\u0105 5-cio  pi\u0119trowy fioletowy budynek z charakterystyczn\u0105 kopu\u0142\u0105 Obserwatorium  Astronomicznego na dachu \u2013 w tym budynku (ul. Uniwersytecka 7) mie\u015bci si\u0119  Instytut Fizyki.<\/li>\n\n\n<\/ul>\n\n\n\n\n<ul>\n \t\n\n<li style=\"text-align:justify\">Jad\u0105c z \u0141odzi wje\u017cd\u017casz do Kielc tras\u0105 E7. Od  pierwszych \u015bwiate\u0142 (po prawej charakterystyczny budynek MAKRO) jed\u017a prosto,  mijaj\u0105c 5 \u015bwiate\u0142 (przed pi\u0105tymi po prawej miniesz budynek Galerii Echo,  Kinoplexu i TESCO). Na wprost zobaczysz budynek z napisem Skanska i w oddali du\u017cy 5-cio pi\u0119trowy fioletowy budynek Wydzia\u0142u Nauk \u015acis\u0142ych i Przyrodnicznych z  charakterystyczn\u0105 kopu\u0142a Obserwatorium Astronomicznego na dachu. W tym budynku  (ul. Uniwersytecka 7) znajduje si\u0119 Instytut Fizyki.<\/li>\n\n\n<\/ul>\n\n\n\n\n<div align=\"center\">\n<iframe style=\"width:600px;height:450px;\" frameborder=\"0\" scrolling=\"no\" marginheight=\"0\" marginwidth=\"0\" src=\"http:\/\/maps.google.pl\/maps\/ms?ie=UTF8&amp;hl=pl&amp;msa=0&amp;msid=114726196963065142994.00047f5a06beb336c2779&amp;ll=50.881702,20.656271&amp;spn=0.012997,0.027466&amp;z=15&amp;iwloc=00047f5a0c033801a0339&amp;output=embed\"><\/iframe>\n<small>Poka\u017c <a href=\"http:\/\/maps.google.pl\/maps\/ms?ie=UTF8&amp;hl=pl&amp;msa=0&amp;msid=114726196963065142994.00047f5a06beb336c2779&amp;ll=50.881702,20.656271&amp;spn=0.012997,0.027466&amp;z=15&amp;iwloc=00047f5a0c033801a0339&amp;source=embed\" style=\"color:#0000FF;text-align:left\">UJK, Instytut Fizyki, Kielce<\/a> na wi\u0119kszej mapie<\/small><\/div>\n\n\n--><\/p>\n","protected":false},"excerpt":{"rendered":"<p>Adres Instytut Fizyki Uniwersytet Jana Kochanowskiego w Kielcach ul. Uniwersytecka 7 25-406 Kielce Polska tel: +48 41 349 64 40 i 41 e-mail: ifiz@ujk.edu.pl Dyrektor Instytutu dr hab. Aldona Kubala-Kuku\u015b, prof. UJK, e-mail: aldona.kubala-kukus@ujk.edu.pl, phone: +48 41 349 64 63 Sekretariat Klaudia Szostak, tel.: +48 41 349 64 40, e-mail: klaudia.szostak@ujk.edu.pl Beata Ornal-W\u0105sik, tel.: +48 [&hellip;]<\/p>\n","protected":false},"author":1,"featured_media":0,"parent":0,"menu_order":0,"comment_status":"closed","ping_status":"closed","template":"","meta":{"footnotes":""},"class_list":["post-12","page","type-page","status-publish","hentry"],"_links":{"self":[{"href":"https:\/\/fizyka.ujk.edu.pl\/index.php\/wp-json\/wp\/v2\/pages\/12","targetHints":{"allow":["GET"]}}],"collection":[{"href":"https:\/\/fizyka.ujk.edu.pl\/index.php\/wp-json\/wp\/v2\/pages"}],"about":[{"href":"https:\/\/fizyka.ujk.edu.pl\/index.php\/wp-json\/wp\/v2\/types\/page"}],"author":[{"embeddable":true,"href":"https:\/\/fizyka.ujk.edu.pl\/index.php\/wp-json\/wp\/v2\/users\/1"}],"replies":[{"embeddable":true,"href":"https:\/\/fizyka.ujk.edu.pl\/index.php\/wp-json\/wp\/v2\/comments?post=12"}],"version-history":[{"count":12,"href":"https:\/\/fizyka.ujk.edu.pl\/index.php\/wp-json\/wp\/v2\/pages\/12\/revisions"}],"predecessor-version":[{"id":1486,"href":"https:\/\/fizyka.ujk.edu.pl\/index.php\/wp-json\/wp\/v2\/pages\/12\/revisions\/1486"}],"wp:attachment":[{"href":"https:\/\/fizyka.ujk.edu.pl\/index.php\/wp-json\/wp\/v2\/media?parent=12"}],"curies":[{"name":"wp","href":"https:\/\/api.w.org\/{rel}","templated":true}]}}