{"id":118,"date":"2021-09-21T13:37:44","date_gmt":"2021-09-21T11:37:44","guid":{"rendered":"https:\/\/fizyka.ujk.edu.pl\/nowa\/?page_id=118"},"modified":"2024-11-14T12:03:20","modified_gmt":"2024-11-14T11:03:20","slug":"fizyki-atomowej-i-nanofizyki","status":"publish","type":"page","link":"https:\/\/fizyka.ujk.edu.pl\/index.php\/zaklady\/fizyki-atomowej-i-nanofizyki\/","title":{"rendered":"Fizyki Atomowej i Nanofizyki"},"content":{"rendered":"<h2>Zak\u0142ad Fizyki Atomowej i Nanofizyki (ZFAN)<\/h2>\n<ul>\n<li style=\"list-style-type: none;\">\n<ul>\n<li><span style=\"font-family: arial, helvetica, sans-serif;\">Dariusz Bana\u015b, dr hab., prof. UJK &#8211; kierownik, <a href=\"mailto:d.banas%40ujk.edu.pl\"> d.banas@ujk.edu.pl <\/a>(strona <a href=\"http:\/\/www.ujk.edu.pl\/strony\/Dariusz.Banas\/\">WWW<\/a>)<\/span><\/li>\n<li><span style=\"font-family: arial, helvetica, sans-serif;\">Marek Pajek, prof. dr hab., <a href=\"mailto:m.pajek%40ujk.edu.pl\"> m.pajek@ujk.edu.pl <\/a><\/span><\/li>\n<li><span style=\"font-family: arial, helvetica, sans-serif;\">Aldona Kubala-Kuku\u015b, dr hab., prof. UJK, <a href=\"mailto:a.kubala-kukus%40ujk.edu.pl\"> a.kubala-kukus@ujk.edu.pl <\/a><\/span><\/li>\n<li><span style=\"font-family: arial, helvetica, sans-serif;\">Pawe\u0142 Jagodzi\u0144ski, dr in\u017c, adiunkt, <a href=\"mailto:pawel.jagodzinski%40ujk.edu.pl\"> pawel.jagodzinski@ujk.edu.pl <\/a><\/span><\/li>\n<li><span style=\"font-family: arial, helvetica, sans-serif;\">\u0141ukasz Jab\u0142o\u0144ski, dr, asystent, <a href=\"mailto:l.jablonski%40ujk.edu.pl\">l.jablonski@ujk.edu.pl<\/a><\/span><\/li>\n<li><span style=\"font-family: arial, helvetica, sans-serif;\">Ilona Stabrawa, dr, adiunkt, <a href=\"mailto:i.stabrawa%40ujk.edu.pl\"> i.stabrawa@ujk.edu.pl <\/a><\/span><\/li>\n<li><span style=\"font-family: arial, helvetica, sans-serif;\">Regina Stachura, dr, asystent,<a href=\"mailtor:regina.stachura%40ujk.edu.pl\"> regina.stachura@ujk.edu.pl <\/a><\/span><\/li>\n<li><span style=\"font-family: arial, helvetica, sans-serif;\">Weronika Biela-Nowaczyk, dr, adiunkt <a href=\"mailto:weronika.biela-nowaczyk%40ujk.edu.pl\"> weronika.biela-nowaczyk@ujk.edu.pl <\/a><br \/>\n<\/span><\/li>\n<li><span style=\"font-family: arial, helvetica, sans-serif;\">Janusz Fidelus, dr in\u017c., adiunkt\u00a0 \u2013 <a href=\"mailto:janusz.fidelus%40ujk.edu.pl\"> janusz.fidelus@ujk.edu.pl <\/a><\/span><\/li>\n<li><span style=\"font-family: arial, helvetica, sans-serif;\">Daniel Sobota, mgr in\u017c., pracownik in\u017cynieryjno-techniczny, <a href=\"mailto:d.sobota%40ujk.edu.pl\"> d.sobota@ujk.edu.pl <\/a><\/span><\/li>\n<li><span style=\"font-family: arial, helvetica, sans-serif;\">Karol Szary, mgr, pracownik in\u017cynieryjno-techniczny, <a href=\"mailto:k.szary%40ujk.edu.pl\"> k.szary@ujk.edu.pl <\/a><\/span><\/li>\n<li><span style=\"font-family: arial, helvetica, sans-serif;\">Arkadiusz Foks, mgr in\u017c., doktorant<\/span><\/li>\n<li><span style=\"font-family: arial, helvetica, sans-serif;\">Grzegorz Weso\u0142owski, mgr in\u017c., doktorant<\/span><\/li>\n<\/ul>\n<p>&nbsp;<\/p>\n<p><span style=\"font-family: arial, helvetica, sans-serif;\"><!--\n\nStrona internetowa Zak\u0142adu: <a href=\"..\/zfa\" onclick=\"return !aTarget(this)\">http:\/\/www.ujk.edu.pl\/ifiz\/zfa\/<\/a>\n\n--><\/span><\/p>\n<h3><span style=\"font-family: arial, helvetica, sans-serif;\">Tematyka bada\u0144<\/span><\/h3>\n<p style=\"text-align: justify;\"><span style=\"font-family: arial, helvetica, sans-serif;\">Zak\u0142ad Fizyki Atomowej i Nanofizyki prowadzi badania dotycz\u0105ce fizyki zderze\u0144 atomowych i zastosowa\u0144 spektroskopii rentgenowskiej. Eksperymenty z zakresu fizyki zderze\u0144 atomowych dotycz\u0105 badania jonizacji wewn\u0119trznych pow\u0142ok atomowych, w tym jonizacji wielokrotnej, w zderzeniach ci\u0119\u017ckich jon\u00f3w o energiach 0.1-30 MeV\/n z atomami oraz rekombinacji radiacyjnej jon\u00f3w w wysokich stanach \u0142adunkowych z elektronami swobodnymi. Badania aplikacyjne dotycz\u0105 r\u00f3\u017cnych aspekt\u00f3w wykorzystania spektroskopii rentgenowskiej w badaniu pierwiastk\u00f3w \u015bladowych w materia\u0142ach.<\/span><\/p>\n<h3><span style=\"font-family: arial, helvetica, sans-serif;\">Baza laboratoryjna Zak\u0142adu:<\/span><\/h3>\n<ul>\n<li><span style=\"font-family: arial, helvetica, sans-serif;\">II Pracownia Fizyczna<\/span><\/li>\n<li><span style=\"font-family: arial, helvetica, sans-serif;\">III Pracownia Fizyczna<\/span><\/li>\n<li><span style=\"font-family: arial, helvetica, sans-serif;\">Pracownia Elektrotechniki i Elektroniki<\/span><\/li>\n<li><span style=\"font-family: arial, helvetica, sans-serif;\">Laboratorium Spektrometrii Rentgenowskiej<\/span><\/li>\n<li><span style=\"font-family: arial, helvetica, sans-serif;\">Laboratorium Fizyki Powierzchni<\/span><\/li>\n<\/ul>\n<h3><span style=\"font-family: arial, helvetica, sans-serif;\">Wsp\u00f3\u0142praca naukowa<\/span><\/h3>\n<ul>\n<li><span style=\"font-family: arial, helvetica, sans-serif;\">\u015awi\u0119tokrzyskie Centrum Onkologii w Kielcach<\/span><\/li>\n<li><span style=\"font-family: arial, helvetica, sans-serif;\">Wydzia\u0142 Chemii, Uniwersytet Miko\u0142aja Kopernika w Toruniu<\/span><\/li>\n<li><span style=\"font-family: arial, helvetica, sans-serif;\">Uniwersytet we Fribourgu, Szwajcaria<\/span><\/li>\n<li><span style=\"font-family: arial, helvetica, sans-serif;\">Instytut Ci\u0119\u017ckich Jon\u00f3w (GSI), Darmstadt, Niemcy<\/span><\/li>\n<li><span style=\"font-family: arial, helvetica, sans-serif;\">Instytut Paula Scherrera (PSI) w Villigen (SLS, SwissFEL), Szwajcaria<\/span><\/li>\n<li><span style=\"font-family: arial, helvetica, sans-serif;\">Europejskie \u0179r\u00f3d\u0142o Promieniowania Synchrotronowego (ESRF), Grenoble, Francja<\/span><\/li>\n<li><span style=\"font-family: arial, helvetica, sans-serif;\">Liniac Coherent Light Source (LCLS), Standord Linear Accelerator Center (SLAC), USA<\/span><\/li>\n<\/ul>\n<\/li>\n<\/ul>\n","protected":false},"excerpt":{"rendered":"<p>Zak\u0142ad Fizyki Atomowej i Nanofizyki (ZFAN) Dariusz Bana\u015b, dr hab., prof. UJK &#8211; kierownik, d.banas@ujk.edu.pl (strona WWW) Marek Pajek, prof. dr hab., m.pajek@ujk.edu.pl Aldona Kubala-Kuku\u015b, dr hab., prof. UJK, a.kubala-kukus@ujk.edu.pl Pawe\u0142 Jagodzi\u0144ski, dr in\u017c, adiunkt, pawel.jagodzinski@ujk.edu.pl \u0141ukasz Jab\u0142o\u0144ski, dr, asystent, l.jablonski@ujk.edu.pl Ilona Stabrawa, dr, adiunkt, i.stabrawa@ujk.edu.pl Regina Stachura, dr, asystent, regina.stachura@ujk.edu.pl Weronika Biela-Nowaczyk, dr, adiunkt [&hellip;]<\/p>\n","protected":false},"author":1,"featured_media":0,"parent":72,"menu_order":0,"comment_status":"closed","ping_status":"closed","template":"","meta":{"footnotes":""},"class_list":["post-118","page","type-page","status-publish","hentry"],"_links":{"self":[{"href":"https:\/\/fizyka.ujk.edu.pl\/index.php\/wp-json\/wp\/v2\/pages\/118","targetHints":{"allow":["GET"]}}],"collection":[{"href":"https:\/\/fizyka.ujk.edu.pl\/index.php\/wp-json\/wp\/v2\/pages"}],"about":[{"href":"https:\/\/fizyka.ujk.edu.pl\/index.php\/wp-json\/wp\/v2\/types\/page"}],"author":[{"embeddable":true,"href":"https:\/\/fizyka.ujk.edu.pl\/index.php\/wp-json\/wp\/v2\/users\/1"}],"replies":[{"embeddable":true,"href":"https:\/\/fizyka.ujk.edu.pl\/index.php\/wp-json\/wp\/v2\/comments?post=118"}],"version-history":[{"count":19,"href":"https:\/\/fizyka.ujk.edu.pl\/index.php\/wp-json\/wp\/v2\/pages\/118\/revisions"}],"predecessor-version":[{"id":1636,"href":"https:\/\/fizyka.ujk.edu.pl\/index.php\/wp-json\/wp\/v2\/pages\/118\/revisions\/1636"}],"up":[{"embeddable":true,"href":"https:\/\/fizyka.ujk.edu.pl\/index.php\/wp-json\/wp\/v2\/pages\/72"}],"wp:attachment":[{"href":"https:\/\/fizyka.ujk.edu.pl\/index.php\/wp-json\/wp\/v2\/media?parent=118"}],"curies":[{"name":"wp","href":"https:\/\/api.w.org\/{rel}","templated":true}]}}