{"id":1122,"date":"2023-08-01T11:40:34","date_gmt":"2023-08-01T09:40:34","guid":{"rendered":"https:\/\/fizyka.ujk.edu.pl\/?page_id=1122"},"modified":"2023-08-03T09:22:06","modified_gmt":"2023-08-03T07:22:06","slug":"rittal","status":"publish","type":"page","link":"https:\/\/fizyka.ujk.edu.pl\/index.php\/wspolpraca\/rittal\/","title":{"rendered":"Rittal"},"content":{"rendered":"<p><a href=\"https:\/\/www.rittal.pl\" target=\"_blank\" rel=\"noopener\"> <img loading=\"lazy\" decoding=\"async\" src=\"https:\/\/fizyka.ujk.edu.pl\/wp-content\/uploads\/2023\/08\/UJK-baner-3.png\" alt=\"\" width=\"767\" height=\"652\" class=\"alignnone size-full wp-image-1126\" srcset=\"https:\/\/fizyka.ujk.edu.pl\/wp-content\/uploads\/2023\/08\/UJK-baner-3.png 767w, https:\/\/fizyka.ujk.edu.pl\/wp-content\/uploads\/2023\/08\/UJK-baner-3-300x255.png 300w\" sizes=\"auto, (max-width: 767px) 100vw, 767px\" \/> <\/a><\/p>\n<p><a href=\"https:\/\/www.rittal.pl\" target=\"_blank\" rel=\"noopener\"><strong>Firma Rittal <\/a> jest wiod\u0105cym \u015bwiatowym producentem i dostawc\u0105 systemowym szaf sieciowych i serwerowych, szaf rack, system\u00f3w rozdzia\u0142u mocy, klimatyzacji &#8211; infrastruktury IT i przemys\u0142u.<\/strong><\/p>\n","protected":false},"excerpt":{"rendered":"<p>Firma Rittal jest wiod\u0105cym \u015bwiatowym producentem i dostawc\u0105 systemowym szaf sieciowych i serwerowych, szaf rack, system\u00f3w rozdzia\u0142u mocy, klimatyzacji &#8211; infrastruktury IT i przemys\u0142u.<\/p>\n","protected":false},"author":1,"featured_media":1126,"parent":1120,"menu_order":0,"comment_status":"closed","ping_status":"closed","template":"","meta":{"footnotes":""},"class_list":["post-1122","page","type-page","status-publish","has-post-thumbnail","hentry"],"_links":{"self":[{"href":"https:\/\/fizyka.ujk.edu.pl\/index.php\/wp-json\/wp\/v2\/pages\/1122","targetHints":{"allow":["GET"]}}],"collection":[{"href":"https:\/\/fizyka.ujk.edu.pl\/index.php\/wp-json\/wp\/v2\/pages"}],"about":[{"href":"https:\/\/fizyka.ujk.edu.pl\/index.php\/wp-json\/wp\/v2\/types\/page"}],"author":[{"embeddable":true,"href":"https:\/\/fizyka.ujk.edu.pl\/index.php\/wp-json\/wp\/v2\/users\/1"}],"replies":[{"embeddable":true,"href":"https:\/\/fizyka.ujk.edu.pl\/index.php\/wp-json\/wp\/v2\/comments?post=1122"}],"version-history":[{"count":10,"href":"https:\/\/fizyka.ujk.edu.pl\/index.php\/wp-json\/wp\/v2\/pages\/1122\/revisions"}],"predecessor-version":[{"id":1137,"href":"https:\/\/fizyka.ujk.edu.pl\/index.php\/wp-json\/wp\/v2\/pages\/1122\/revisions\/1137"}],"up":[{"embeddable":true,"href":"https:\/\/fizyka.ujk.edu.pl\/index.php\/wp-json\/wp\/v2\/pages\/1120"}],"wp:featuredmedia":[{"embeddable":true,"href":"https:\/\/fizyka.ujk.edu.pl\/index.php\/wp-json\/wp\/v2\/media\/1126"}],"wp:attachment":[{"href":"https:\/\/fizyka.ujk.edu.pl\/index.php\/wp-json\/wp\/v2\/media?parent=1122"}],"curies":[{"name":"wp","href":"https:\/\/api.w.org\/{rel}","templated":true}]}}